{"id":1389,"date":"2024-05-10T01:06:16","date_gmt":"2024-05-10T01:06:16","guid":{"rendered":"https:\/\/sculptureshome.com\/product\/european-western-indoor-outdoor-hotel-gardens-life-size-sexy-women-statues-stone-marble-naked-woman-statue\/"},"modified":"2024-05-10T01:38:49","modified_gmt":"2024-05-10T01:38:49","slug":"european-western-indoor-outdoor-hotel-gardens-life-size-sexy-women-statues-stone-marble-naked-woman-statue","status":"publish","type":"product","link":"https:\/\/sculptureshome.com\/es\/product\/european-western-indoor-outdoor-hotel-gardens-life-size-sexy-women-statues-stone-marble-naked-woman-statue\/","title":{"rendered":"Europea OccidentalHotel Jardines Tama\u00f1o natural Sexy Mujeres Estatuas Piedra"},"content":{"rendered":"<ul>\n<li><strong>Garant\u00eda : <\/strong> 1 a\u00f1o<\/li>\n<li><strong>Servicio postventa : <\/strong> Asistencia t\u00e9cnica en l\u00ednea, instalaci\u00f3n in situ, formaci\u00f3n in situ, inspecci\u00f3n in situ<\/li>\n<li><strong>Capacidad de soluci\u00f3n de proyectos : <\/strong> Dise\u00f1o de modelos 3D<\/li>\n<li><strong>Aplicaci\u00f3n : <\/strong> Jard\u00edn exterior<\/li>\n<li><strong>Estilo de dise\u00f1o : <\/strong> Moderno<\/li>\n<li><strong>Lugar de origen : <\/strong> China<\/li>\n<li><strong>Nombre de marca : Sculptureshome<\/strong><\/li>\n<li><strong>Material : <\/strong> M\u00e1rmol natural<\/li>\n<li><strong>Uso : <\/strong> Dctoraci\u00f3n de Jardines<\/li>\n<li><strong>Tama\u00f1o : <\/strong> Tama\u00f1o personalizado<\/li>\n<li><strong>Color : <\/strong> Color personalizado<\/li>\n<li><strong>T\u00e9cnica : <\/strong> 100% Tallado a mano<\/li>\n<li><strong>Tipo : <\/strong> Ourdoor Decor Escultura<\/li>\n<li><strong>Nombre del producto : <\/strong> Estatua de m\u00e1rmol<\/li>\n<li><strong>Estilo : <\/strong> Natural Moderno<\/li>\n<\/ul>","protected":false},"excerpt":{"rendered":"<p>Warranty : 1 Year After-sale Service : Online technical support, Onsite Installation, Onsite Training, Onsite Inspection Project Solution Capability : 3D model design Application : Outdoor Garden Design Style : Modern Place of Origin : China Brand Name : Sculptureshome Material : Natural Marble Usage : Garden Dctoration Size : Customized Size Color : Customized [&hellip;]<\/p>\n","protected":false},"featured_media":1388,"comment_status":"open","ping_status":"closed","template":"","meta":[],"product_brand":[],"product_cat":[43],"product_tag":[46,44,45],"class_list":{"0":"post-1389","1":"product","2":"type-product","3":"status-publish","4":"has-post-thumbnail","6":"product_cat-custom-stone-sculpture-maker","7":"product_tag-statues","8":"product_tag-stone","9":"product_tag-stone-carvings-and-sculptures","11":"first","12":"instock","13":"shipping-taxable","14":"product-type-simple"},"_links":{"self":[{"href":"https:\/\/sculptureshome.com\/es\/wp-json\/wp\/v2\/product\/1389","targetHints":{"allow":["GET"]}}],"collection":[{"href":"https:\/\/sculptureshome.com\/es\/wp-json\/wp\/v2\/product"}],"about":[{"href":"https:\/\/sculptureshome.com\/es\/wp-json\/wp\/v2\/types\/product"}],"replies":[{"embeddable":true,"href":"https:\/\/sculptureshome.com\/es\/wp-json\/wp\/v2\/comments?post=1389"}],"version-history":[{"count":0,"href":"https:\/\/sculptureshome.com\/es\/wp-json\/wp\/v2\/product\/1389\/revisions"}],"wp:featuredmedia":[{"embeddable":true,"href":"https:\/\/sculptureshome.com\/es\/wp-json\/wp\/v2\/media\/1388"}],"wp:attachment":[{"href":"https:\/\/sculptureshome.com\/es\/wp-json\/wp\/v2\/media?parent=1389"}],"wp:term":[{"taxonomy":"product_brand","embeddable":true,"href":"https:\/\/sculptureshome.com\/es\/wp-json\/wp\/v2\/product_brand?post=1389"},{"taxonomy":"product_cat","embeddable":true,"href":"https:\/\/sculptureshome.com\/es\/wp-json\/wp\/v2\/product_cat?post=1389"},{"taxonomy":"product_tag","embeddable":true,"href":"https:\/\/sculptureshome.com\/es\/wp-json\/wp\/v2\/product_tag?post=1389"}],"curies":[{"name":"wp","href":"https:\/\/api.w.org\/{rel}","templated":true}]}}