{"id":1372,"date":"2024-05-10T01:02:58","date_gmt":"2024-05-10T01:02:58","guid":{"rendered":"https:\/\/sculptureshome.com\/product\/wholesale-custom-hand-carved-modern-art-natural-stone-headstone-life-size-white-marble-female-angel-tombstone\/"},"modified":"2024-05-10T01:44:00","modified_gmt":"2024-05-10T01:44:00","slug":"mayorista-personalizado-tallado-a-mano-arte-moderno-piedra-natural-lapida-tamano-natural-marmol-blanco-angel-femenino-lapida","status":"publish","type":"product","link":"https:\/\/sculptureshome.com\/es\/product\/wholesale-custom-hand-carved-modern-art-natural-stone-headstone-life-size-white-marble-female-angel-tombstone\/","title":{"rendered":"Mayorista Arte Moderno Tallado a Mano Piedra Natural"},"content":{"rendered":"<ul>\n<li><strong>Garant\u00eda : <\/strong> M\u00e1s de 5 a\u00f1os<\/li>\n<li><strong>Servicio postventa : <\/strong> Asistencia t\u00e9cnica en l\u00ednea, Otros<\/li>\n<li><strong>Capacidad de soluci\u00f3n de proyectos : <\/strong> dise\u00f1o gr\u00e1fico, dise\u00f1o de modelos 3D, soluci\u00f3n total para proyectos, Otros<\/li>\n<li><strong>Aplicaci\u00f3n : <\/strong> En el exterior<\/li>\n<li><strong>Estilo de dise\u00f1o : <\/strong> EUROPA<\/li>\n<li><strong>Lugar de origen : <\/strong> Hebei, China<\/li>\n<li><strong>Nombre de marca : Sculptureshome<\/strong><\/li>\n<li><strong>N\u00famero de modelo : <\/strong> MS-017<\/li>\n<li><strong>Estilo : <\/strong> Occidental, Dise\u00f1ado<\/li>\n<li><strong>Nombre del producto : <\/strong> Cementerio de M\u00e1rmol<\/li>\n<li><strong>Material : <\/strong> M\u00e1rmol<\/li>\n<li><strong>Caracter\u00edstica : <\/strong> Modelo<\/li>\n<li><strong>Uso : <\/strong> Decoraci\u00f3n<\/li>\n<li><strong>Color : <\/strong> Como imagen<\/li>\n<li><strong>Tama\u00f1o : <\/strong> Personalizado<\/li>\n<li><strong>Dise\u00f1o : <\/strong> Seg\u00fan sus necesidades<\/li>\n<li><strong>MOQ : <\/strong> 1 pieza<\/li>\n<li><strong>T\u00e9cnica : <\/strong> Pintar<\/li>\n<\/ul>","protected":false},"excerpt":{"rendered":"<p>Warranty : More than 5 years After-sale Service : Online technical support, Other Project Solution Capability : graphic design, 3D model design, total solution for projects, Others Application : Outdoor Design Style : EUROPEAN Place of Origin : Hebei, China Brand Name : Sculptureshome Model Number : MS-017 Style : Western, Designed Product name : [&hellip;]<\/p>\n","protected":false},"featured_media":1371,"comment_status":"open","ping_status":"closed","template":"","meta":[],"product_brand":[],"product_cat":[43],"product_tag":[46,44,45],"class_list":{"0":"post-1372","1":"product","2":"type-product","3":"status-publish","4":"has-post-thumbnail","6":"product_cat-custom-stone-sculpture-maker","7":"product_tag-statues","8":"product_tag-stone","9":"product_tag-stone-carvings-and-sculptures","11":"first","12":"instock","13":"shipping-taxable","14":"product-type-simple"},"_links":{"self":[{"href":"https:\/\/sculptureshome.com\/es\/wp-json\/wp\/v2\/product\/1372","targetHints":{"allow":["GET"]}}],"collection":[{"href":"https:\/\/sculptureshome.com\/es\/wp-json\/wp\/v2\/product"}],"about":[{"href":"https:\/\/sculptureshome.com\/es\/wp-json\/wp\/v2\/types\/product"}],"replies":[{"embeddable":true,"href":"https:\/\/sculptureshome.com\/es\/wp-json\/wp\/v2\/comments?post=1372"}],"version-history":[{"count":0,"href":"https:\/\/sculptureshome.com\/es\/wp-json\/wp\/v2\/product\/1372\/revisions"}],"wp:featuredmedia":[{"embeddable":true,"href":"https:\/\/sculptureshome.com\/es\/wp-json\/wp\/v2\/media\/1371"}],"wp:attachment":[{"href":"https:\/\/sculptureshome.com\/es\/wp-json\/wp\/v2\/media?parent=1372"}],"wp:term":[{"taxonomy":"product_brand","embeddable":true,"href":"https:\/\/sculptureshome.com\/es\/wp-json\/wp\/v2\/product_brand?post=1372"},{"taxonomy":"product_cat","embeddable":true,"href":"https:\/\/sculptureshome.com\/es\/wp-json\/wp\/v2\/product_cat?post=1372"},{"taxonomy":"product_tag","embeddable":true,"href":"https:\/\/sculptureshome.com\/es\/wp-json\/wp\/v2\/product_tag?post=1372"}],"curies":[{"name":"wp","href":"https:\/\/api.w.org\/{rel}","templated":true}]}}