{"id":1341,"date":"2024-05-09T07:26:35","date_gmt":"2024-05-09T07:26:35","guid":{"rendered":"https:\/\/sculptureshome.com\/product\/custom-life-size-bronze-memorial-sculpture-street-racing-art-italian-road-rally-motor-racer-statue\/"},"modified":"2024-05-09T07:37:39","modified_gmt":"2024-05-09T07:37:39","slug":"escultura-conmemorativa-de-bronce-de-tamano-natural-personalizada-street-racing-art-italian-road-rally-motor-racer-statue","status":"publish","type":"product","link":"https:\/\/sculptureshome.com\/es\/product\/custom-life-size-bronze-memorial-sculpture-street-racing-art-italian-road-rally-motor-racer-statue\/","title":{"rendered":"Escultura conmemorativa de bronce de tama\u00f1o natural personalizada Street Racing Art Italian Road Rally Motor Racer Statue"},"content":{"rendered":"<ul>\n<li><strong>Material : <\/strong> Metal, Bronce \/ Lat\u00f3n \/ Cobre<\/li>\n<li><strong>Impresi\u00f3n : <\/strong> Impresi\u00f3n tipogr\u00e1fica, Impresi\u00f3n en relieve<\/li>\n<li><strong>M\u00e9todo de impresi\u00f3n : <\/strong> 5 colores<\/li>\n<li><strong>Tipo : <\/strong> Bronce<\/li>\n<li><strong>Tipo de producto : <\/strong> ESCULTURA<\/li>\n<li><strong>T\u00e9cnica : <\/strong> Fundici\u00f3n<\/li>\n<li><strong>Estilo : <\/strong> Feng Shui<\/li>\n<li><strong>Uso : <\/strong> Decoraci\u00f3n del hogar<\/li>\n<li><strong>Tema : <\/strong> Deportes<\/li>\n<li><strong>Reportaje regional : <\/strong> Europa<\/li>\n<li><strong>Marca : <\/strong>Esculturashogar<\/li>\n<li><strong>N\u00famero de modelo : <\/strong> AK-Y462<\/li>\n<li><strong>Nombre del producto : <\/strong> figura estatua<\/li>\n<li><strong>Color : <\/strong> Color p\u00e1tina<\/li>\n<li><strong>Tama\u00f1o : <\/strong> A medida<\/li>\n<li><strong>Uso : <\/strong> Decoraci\u00f3n<\/li>\n<li><strong>Proceso : <\/strong> Proceso a la cera perdida<\/li>\n<li><strong>Embalaje : <\/strong> Caja de madera resistente<\/li>\n<li><strong>Env\u00edo : <\/strong> Mar<\/li>\n<li><strong>Dise\u00f1o : <\/strong> A medida<\/li>\n<\/ul>","protected":false},"excerpt":{"rendered":"<p>Material : Metal, Bronze \/ Brass \/ Copper Printing : Letterpress printing, Embossing printing Print Method : 5 color Type : Bronze Product Type : SCULPTURE Technique : Casting Style : Feng Shui Use : Home Decoration Theme : Sports Regional Feature : Europe Brand Name : Sculptureshome Model Number : AK-Y462 Product name : [&hellip;]<\/p>\n","protected":false},"featured_media":1340,"comment_status":"open","ping_status":"closed","template":"","meta":[],"product_brand":[],"product_cat":[39],"product_tag":[40,41],"class_list":{"0":"post-1341","1":"product","2":"type-product","3":"status-publish","4":"has-post-thumbnail","6":"product_cat-custom-bronze-sculpture-maker","7":"product_tag-crafts","8":"product_tag-metal-crafts","10":"first","11":"instock","12":"shipping-taxable","13":"product-type-simple"},"_links":{"self":[{"href":"https:\/\/sculptureshome.com\/es\/wp-json\/wp\/v2\/product\/1341","targetHints":{"allow":["GET"]}}],"collection":[{"href":"https:\/\/sculptureshome.com\/es\/wp-json\/wp\/v2\/product"}],"about":[{"href":"https:\/\/sculptureshome.com\/es\/wp-json\/wp\/v2\/types\/product"}],"replies":[{"embeddable":true,"href":"https:\/\/sculptureshome.com\/es\/wp-json\/wp\/v2\/comments?post=1341"}],"version-history":[{"count":0,"href":"https:\/\/sculptureshome.com\/es\/wp-json\/wp\/v2\/product\/1341\/revisions"}],"wp:featuredmedia":[{"embeddable":true,"href":"https:\/\/sculptureshome.com\/es\/wp-json\/wp\/v2\/media\/1340"}],"wp:attachment":[{"href":"https:\/\/sculptureshome.com\/es\/wp-json\/wp\/v2\/media?parent=1341"}],"wp:term":[{"taxonomy":"product_brand","embeddable":true,"href":"https:\/\/sculptureshome.com\/es\/wp-json\/wp\/v2\/product_brand?post=1341"},{"taxonomy":"product_cat","embeddable":true,"href":"https:\/\/sculptureshome.com\/es\/wp-json\/wp\/v2\/product_cat?post=1341"},{"taxonomy":"product_tag","embeddable":true,"href":"https:\/\/sculptureshome.com\/es\/wp-json\/wp\/v2\/product_tag?post=1341"}],"curies":[{"name":"wp","href":"https:\/\/api.w.org\/{rel}","templated":true}]}}