{"id":1323,"date":"2024-05-09T07:22:13","date_gmt":"2024-05-09T07:22:13","guid":{"rendered":"https:\/\/sculptureshome.com\/product\/large-outdoor-sculpture-chestnut-arabian-horse-statue-life-size-horse-sculpture\/"},"modified":"2024-05-09T07:42:57","modified_gmt":"2024-05-09T07:42:57","slug":"gran-escultura-al-aire-libre-alazan-caballo-arabe-estatua-de-tamano-natural-escultura-de-caballo","status":"publish","type":"product","link":"https:\/\/sculptureshome.com\/es\/product\/large-outdoor-sculpture-chestnut-arabian-horse-statue-life-size-horse-sculpture\/","title":{"rendered":"Gran escultura al aire libre alaz\u00e1n caballo \u00e1rabe estatua de tama\u00f1o natural escultura de caballo"},"content":{"rendered":"<ul>\n<li><strong>Material : <\/strong> Metal, bronce\/lat\u00f3n<\/li>\n<li><strong>Tipo : <\/strong> Lat\u00f3n, Vivo<\/li>\n<li><strong>Tipo de producto : <\/strong> ESCULTURA<\/li>\n<li><strong>T\u00e9cnica : <\/strong> Fundici\u00f3n<\/li>\n<li><strong>Estilo : <\/strong> Obras de arte<\/li>\n<li><strong>Uso : <\/strong> Decoraci\u00f3n y adornos<\/li>\n<li><strong>Tema : <\/strong> Escultura<\/li>\n<li><strong>Reportaje regional : <\/strong> Europa<\/li>\n<li><strong>Lugar de origen : <\/strong> China<\/li>\n<li><strong>Marca : <\/strong>Esculturashogar<\/li>\n<li><strong>Nombre del producto : <\/strong> Escultura<\/li>\n<li><strong>MOQ : <\/strong> 1 pieza<\/li>\n<li><strong>Color : <\/strong> color de p\u00e1tina<\/li>\n<li><strong>Tama\u00f1o : <\/strong> tama\u00f1o a medida<\/li>\n<li><strong>Caracter\u00edsticas : <\/strong> Art\u00edstico<\/li>\n<li><strong>Uso : <\/strong> Decoraci\u00f3n<\/li>\n<li><strong>Ventajas : <\/strong> Experiencia<\/li>\n<li><strong>T\u00e9cnica : <\/strong> Fundici\u00f3n a la cera perdida<\/li>\n<\/ul>","protected":false},"excerpt":{"rendered":"<p>Material : Metal, bronze\/brass Type : Brass, Vivid Product Type : SCULPTURE Technique : Casting Style : Artwork Use : Decoration &amp; Ornaments Theme : Sculpture Regional Feature : Europe Place of Origin : China Brand Name : Sculptureshome Product name : Sculpture MOQ : 1 Piece Color : patina color Size : custom made [&hellip;]<\/p>\n","protected":false},"featured_media":1322,"comment_status":"open","ping_status":"closed","template":"","meta":[],"product_brand":[],"product_cat":[39],"product_tag":[40,41],"class_list":{"0":"post-1323","1":"product","2":"type-product","3":"status-publish","4":"has-post-thumbnail","6":"product_cat-custom-bronze-sculpture-maker","7":"product_tag-crafts","8":"product_tag-metal-crafts","10":"first","11":"instock","12":"shipping-taxable","13":"product-type-simple"},"_links":{"self":[{"href":"https:\/\/sculptureshome.com\/es\/wp-json\/wp\/v2\/product\/1323","targetHints":{"allow":["GET"]}}],"collection":[{"href":"https:\/\/sculptureshome.com\/es\/wp-json\/wp\/v2\/product"}],"about":[{"href":"https:\/\/sculptureshome.com\/es\/wp-json\/wp\/v2\/types\/product"}],"replies":[{"embeddable":true,"href":"https:\/\/sculptureshome.com\/es\/wp-json\/wp\/v2\/comments?post=1323"}],"version-history":[{"count":0,"href":"https:\/\/sculptureshome.com\/es\/wp-json\/wp\/v2\/product\/1323\/revisions"}],"wp:featuredmedia":[{"embeddable":true,"href":"https:\/\/sculptureshome.com\/es\/wp-json\/wp\/v2\/media\/1322"}],"wp:attachment":[{"href":"https:\/\/sculptureshome.com\/es\/wp-json\/wp\/v2\/media?parent=1323"}],"wp:term":[{"taxonomy":"product_brand","embeddable":true,"href":"https:\/\/sculptureshome.com\/es\/wp-json\/wp\/v2\/product_brand?post=1323"},{"taxonomy":"product_cat","embeddable":true,"href":"https:\/\/sculptureshome.com\/es\/wp-json\/wp\/v2\/product_cat?post=1323"},{"taxonomy":"product_tag","embeddable":true,"href":"https:\/\/sculptureshome.com\/es\/wp-json\/wp\/v2\/product_tag?post=1323"}],"curies":[{"name":"wp","href":"https:\/\/api.w.org\/{rel}","templated":true}]}}