{"id":1297,"date":"2024-05-09T07:12:44","date_gmt":"2024-05-09T07:12:44","guid":{"rendered":"https:\/\/sculptureshome.com\/product\/customizable-copper-sculptures-of-strong-girls-in-the-wind-human-body-art-indoor-and-outdoor-display-creative-ornaments\/"},"modified":"2024-05-09T08:07:51","modified_gmt":"2024-05-09T08:07:51","slug":"personalizable-esculturas-de-cobre-de-las-ninas-fuertes-en-el-viento-arte-del-cuerpo-humano-de-interior-y-al-aire-libre-pantalla-adornos-creativos","status":"publish","type":"product","link":"https:\/\/sculptureshome.com\/es\/product\/customizable-copper-sculptures-of-strong-girls-in-the-wind-human-body-art-indoor-and-outdoor-display-creative-ornaments\/","title":{"rendered":"Esculturas de cobre personalizables de chicas fuertes al viento"},"content":{"rendered":"<ul>\n<li><strong>Material : <\/strong> Metal<\/li>\n<li><strong>Impresi\u00f3n : <\/strong> Impresi\u00f3n tipogr\u00e1fica, huecograbado, serigraf\u00eda, impresi\u00f3n digital, impresi\u00f3n offset, impresi\u00f3n en relieve<\/li>\n<li><strong>M\u00e9todo de impresi\u00f3n : <\/strong> 1 color, 2 colores, 4 colores, 5 colores, 6 colores<\/li>\n<li><strong>Tipo : <\/strong> Bronce<\/li>\n<li><strong>Tipo de producto : <\/strong> M\u00fasico<\/li>\n<li><strong>T\u00e9cnica : <\/strong> Fundici\u00f3n<\/li>\n<li><strong>Estilo : <\/strong> Estilo moderno, Lujo<\/li>\n<li><strong>Uso : <\/strong> Arte y coleccionismo<\/li>\n<li><strong>Tema : <\/strong> Escultura de figuras art\u00edsticas<\/li>\n<li><strong>Reportaje regional : <\/strong> Europa<\/li>\n<li><strong>N\u00famero de modelo : <\/strong> Escultura de cobre arte del cuerpo humano<\/li>\n<\/ul>","protected":false},"excerpt":{"rendered":"<p>Material : Metal Printing : Letterpress printing, Gravure printing, Silk screen printing, Digital printing, Offset printing, Embossing printing Print Method : 1 color, 2 color, 4 color, 5 color, 6 color Type : Bronze Product Type : Musician Technique : Casting Style : Modern style, Luxury Use : Art &amp; Collectible Theme : Sculpture of [&hellip;]<\/p>\n","protected":false},"featured_media":1296,"comment_status":"open","ping_status":"closed","template":"","meta":[],"product_brand":[],"product_cat":[39],"product_tag":[40,41],"class_list":{"0":"post-1297","1":"product","2":"type-product","3":"status-publish","4":"has-post-thumbnail","6":"product_cat-custom-bronze-sculpture-maker","7":"product_tag-crafts","8":"product_tag-metal-crafts","10":"first","11":"instock","12":"shipping-taxable","13":"product-type-simple"},"_links":{"self":[{"href":"https:\/\/sculptureshome.com\/es\/wp-json\/wp\/v2\/product\/1297","targetHints":{"allow":["GET"]}}],"collection":[{"href":"https:\/\/sculptureshome.com\/es\/wp-json\/wp\/v2\/product"}],"about":[{"href":"https:\/\/sculptureshome.com\/es\/wp-json\/wp\/v2\/types\/product"}],"replies":[{"embeddable":true,"href":"https:\/\/sculptureshome.com\/es\/wp-json\/wp\/v2\/comments?post=1297"}],"version-history":[{"count":0,"href":"https:\/\/sculptureshome.com\/es\/wp-json\/wp\/v2\/product\/1297\/revisions"}],"wp:featuredmedia":[{"embeddable":true,"href":"https:\/\/sculptureshome.com\/es\/wp-json\/wp\/v2\/media\/1296"}],"wp:attachment":[{"href":"https:\/\/sculptureshome.com\/es\/wp-json\/wp\/v2\/media?parent=1297"}],"wp:term":[{"taxonomy":"product_brand","embeddable":true,"href":"https:\/\/sculptureshome.com\/es\/wp-json\/wp\/v2\/product_brand?post=1297"},{"taxonomy":"product_cat","embeddable":true,"href":"https:\/\/sculptureshome.com\/es\/wp-json\/wp\/v2\/product_cat?post=1297"},{"taxonomy":"product_tag","embeddable":true,"href":"https:\/\/sculptureshome.com\/es\/wp-json\/wp\/v2\/product_tag?post=1297"}],"curies":[{"name":"wp","href":"https:\/\/api.w.org\/{rel}","templated":true}]}}