{"id":1279,"date":"2024-05-09T07:05:06","date_gmt":"2024-05-09T07:05:06","guid":{"rendered":"https:\/\/sculptureshome.com\/product\/customized-bronze-figure-statue-decoration-justice-goddess-statue-outdoor-landscape-decoration\/"},"modified":"2024-05-09T08:16:44","modified_gmt":"2024-05-09T08:16:44","slug":"personalizado-figura-de-bronce-estatua-decoracion-diosa-de-la-justicia-estatua-al-aire-libre-decoracion-del-paisaje","status":"publish","type":"product","link":"https:\/\/sculptureshome.com\/es\/product\/customized-bronze-figure-statue-decoration-justice-goddess-statue-outdoor-landscape-decoration\/","title":{"rendered":"Decoraci\u00f3n de bronce personalizada de la estatua de la figura, decoraci\u00f3n al aire libre de la estatua de la diosa de la justicia del paisaje"},"content":{"rendered":"<ul>\n<li><strong>Material : <\/strong> Metal<\/li>\n<li><strong>Impresi\u00f3n : <\/strong> Impresi\u00f3n tipogr\u00e1fica, huecograbado, serigraf\u00eda, impresi\u00f3n digital, impresi\u00f3n offset, impresi\u00f3n en relieve<\/li>\n<li><strong>M\u00e9todo de impresi\u00f3n : <\/strong> 1 color, 2 colores, 4 colores, 5 colores, 6 colores<\/li>\n<li><strong>Tipo : <\/strong> Bronce<\/li>\n<li><strong>Tipo de producto : <\/strong> ESCULTURA<\/li>\n<li><strong>T\u00e9cnica : <\/strong> Fundici\u00f3n<\/li>\n<li><strong>Estilo : <\/strong> Estilo retro, Lujo<\/li>\n<li><strong>Uso : <\/strong> Arte y coleccionismo<\/li>\n<li><strong>Tema : <\/strong> Escultura de figuras art\u00edsticas<\/li>\n<li><strong>Reportaje regional : <\/strong> Europa<\/li>\n<li><strong>N\u00famero de modelo : <\/strong> Estatua de bronce de la Diosa de la Justicia<\/li>\n<\/ul>","protected":false},"excerpt":{"rendered":"<p>Material : Metal Printing : Letterpress printing, Gravure printing, Silk screen printing, Digital printing, Offset printing, Embossing printing Print Method : 1 color, 2 color, 4 color, 5 color, 6 color Type : Bronze Product Type : SCULPTURE Technique : Casting Style : Retro style, Luxury Use : Art &amp; Collectible Theme : Sculpture of [&hellip;]<\/p>\n","protected":false},"featured_media":1278,"comment_status":"open","ping_status":"closed","template":"","meta":[],"product_brand":[],"product_cat":[39],"product_tag":[40,41],"class_list":{"0":"post-1279","1":"product","2":"type-product","3":"status-publish","4":"has-post-thumbnail","6":"product_cat-custom-bronze-sculpture-maker","7":"product_tag-crafts","8":"product_tag-metal-crafts","10":"first","11":"instock","12":"shipping-taxable","13":"product-type-simple"},"_links":{"self":[{"href":"https:\/\/sculptureshome.com\/es\/wp-json\/wp\/v2\/product\/1279","targetHints":{"allow":["GET"]}}],"collection":[{"href":"https:\/\/sculptureshome.com\/es\/wp-json\/wp\/v2\/product"}],"about":[{"href":"https:\/\/sculptureshome.com\/es\/wp-json\/wp\/v2\/types\/product"}],"replies":[{"embeddable":true,"href":"https:\/\/sculptureshome.com\/es\/wp-json\/wp\/v2\/comments?post=1279"}],"version-history":[{"count":0,"href":"https:\/\/sculptureshome.com\/es\/wp-json\/wp\/v2\/product\/1279\/revisions"}],"wp:featuredmedia":[{"embeddable":true,"href":"https:\/\/sculptureshome.com\/es\/wp-json\/wp\/v2\/media\/1278"}],"wp:attachment":[{"href":"https:\/\/sculptureshome.com\/es\/wp-json\/wp\/v2\/media?parent=1279"}],"wp:term":[{"taxonomy":"product_brand","embeddable":true,"href":"https:\/\/sculptureshome.com\/es\/wp-json\/wp\/v2\/product_brand?post=1279"},{"taxonomy":"product_cat","embeddable":true,"href":"https:\/\/sculptureshome.com\/es\/wp-json\/wp\/v2\/product_cat?post=1279"},{"taxonomy":"product_tag","embeddable":true,"href":"https:\/\/sculptureshome.com\/es\/wp-json\/wp\/v2\/product_tag?post=1279"}],"curies":[{"name":"wp","href":"https:\/\/api.w.org\/{rel}","templated":true}]}}