{"id":1271,"date":"2024-05-09T07:02:10","date_gmt":"2024-05-09T07:02:10","guid":{"rendered":"https:\/\/sculptureshome.com\/product\/the-famous-catholic-religious-sculpture-in-the-church-is-a-life-size-bronze-statue-of-the-homeless-jesus-christ\/"},"modified":"2024-05-09T08:17:18","modified_gmt":"2024-05-09T08:17:18","slug":"la-famosa-escultura-religiosa-catolica-de-la-iglesia-es-una-estatua-de-bronce-de-tamano-natural-de-jesucristo-sin-hogar","status":"publish","type":"product","link":"https:\/\/sculptureshome.com\/es\/product\/the-famous-catholic-religious-sculpture-in-the-church-is-a-life-size-bronze-statue-of-the-homeless-jesus-christ\/","title":{"rendered":"La famosa escultura religiosa cat\u00f3lica de la iglesia es una estatua de bronce de tama\u00f1o natural de Jesucristo sin hogar"},"content":{"rendered":"<ul>\n<li><strong>Material : <\/strong> Metal<\/li>\n<li><strong>Impresi\u00f3n : <\/strong> Impresi\u00f3n tipogr\u00e1fica, huecograbado, serigraf\u00eda, impresi\u00f3n digital, impresi\u00f3n offset, impresi\u00f3n en relieve<\/li>\n<li><strong>M\u00e9todo de impresi\u00f3n : <\/strong> 1 color, 2 colores, 4 colores, 5 colores, 6 colores<\/li>\n<li><strong>Tipo : <\/strong> Bronce<\/li>\n<li><strong>Tipo de producto : <\/strong> Animales<\/li>\n<li><strong>T\u00e9cnica : <\/strong> Fundici\u00f3n<\/li>\n<li><strong>Estilo : <\/strong> Simulaci\u00f3n, Lujo<\/li>\n<li><strong>Uso : <\/strong> Arte y coleccionismo<\/li>\n<li><strong>Tema : <\/strong> Arte Escultura Animal<\/li>\n<li><strong>Reportaje regional : <\/strong> Europa<\/li>\n<li><strong>N\u00famero de modelo : <\/strong> Estatua de bronce de Jes\u00fas<\/li>\n<\/ul>","protected":false},"excerpt":{"rendered":"<p>Material : Metal Printing : Letterpress printing, Gravure printing, Silk screen printing, Digital printing, Offset printing, Embossing printing Print Method : 1 color, 2 color, 4 color, 5 color, 6 color Type : Bronze Product Type : Animal Technique : Casting Style : Simulation, Luxury Use : Art &amp; Collectible Theme : Art Animal Sculpture [&hellip;]<\/p>\n","protected":false},"featured_media":1270,"comment_status":"open","ping_status":"closed","template":"","meta":[],"product_brand":[],"product_cat":[39],"product_tag":[40,41],"class_list":{"0":"post-1271","1":"product","2":"type-product","3":"status-publish","4":"has-post-thumbnail","6":"product_cat-custom-bronze-sculpture-maker","7":"product_tag-crafts","8":"product_tag-metal-crafts","10":"first","11":"instock","12":"shipping-taxable","13":"product-type-simple"},"_links":{"self":[{"href":"https:\/\/sculptureshome.com\/es\/wp-json\/wp\/v2\/product\/1271","targetHints":{"allow":["GET"]}}],"collection":[{"href":"https:\/\/sculptureshome.com\/es\/wp-json\/wp\/v2\/product"}],"about":[{"href":"https:\/\/sculptureshome.com\/es\/wp-json\/wp\/v2\/types\/product"}],"replies":[{"embeddable":true,"href":"https:\/\/sculptureshome.com\/es\/wp-json\/wp\/v2\/comments?post=1271"}],"version-history":[{"count":0,"href":"https:\/\/sculptureshome.com\/es\/wp-json\/wp\/v2\/product\/1271\/revisions"}],"wp:featuredmedia":[{"embeddable":true,"href":"https:\/\/sculptureshome.com\/es\/wp-json\/wp\/v2\/media\/1270"}],"wp:attachment":[{"href":"https:\/\/sculptureshome.com\/es\/wp-json\/wp\/v2\/media?parent=1271"}],"wp:term":[{"taxonomy":"product_brand","embeddable":true,"href":"https:\/\/sculptureshome.com\/es\/wp-json\/wp\/v2\/product_brand?post=1271"},{"taxonomy":"product_cat","embeddable":true,"href":"https:\/\/sculptureshome.com\/es\/wp-json\/wp\/v2\/product_cat?post=1271"},{"taxonomy":"product_tag","embeddable":true,"href":"https:\/\/sculptureshome.com\/es\/wp-json\/wp\/v2\/product_tag?post=1271"}],"curies":[{"name":"wp","href":"https:\/\/api.w.org\/{rel}","templated":true}]}}