{"id":1262,"date":"2024-05-09T06:54:25","date_gmt":"2024-05-09T06:54:25","guid":{"rendered":"https:\/\/sculptureshome.com\/product\/customized-bronze-statue-renowned-medical-figure-bethune-bronze-statue-art-decoration-ornaments\/"},"modified":"2024-05-10T01:48:05","modified_gmt":"2024-05-10T01:48:05","slug":"estatua-de-bronce-personalizada-figura-medica-de-renombre-bethune-estatua-de-bronce-arte-decoracion-adornos","status":"publish","type":"product","link":"https:\/\/sculptureshome.com\/es\/product\/customized-bronze-statue-renowned-medical-figure-bethune-bronze-statue-art-decoration-ornaments\/","title":{"rendered":"Personalizado Estatua de Bronce Renombrada Figura M\u00e9dica Bethune Estatua de Bronce Arte Decoraci\u00f3n Adornos"},"content":{"rendered":"<ul>\n<li><strong>Material : <\/strong> Metal<\/li>\n<li><strong>Impresi\u00f3n : <\/strong> Impresi\u00f3n tipogr\u00e1fica, huecograbado, serigraf\u00eda, impresi\u00f3n digital, gofrado<\/li>\n<li><strong>M\u00e9todo de impresi\u00f3n : <\/strong> 1 color, 2 colores, 4 colores, 5 colores, 6 colores<\/li>\n<li><strong>Tipo : <\/strong> Bronce<\/li>\n<li><strong>Tipo de producto : <\/strong> ESCULTURA<\/li>\n<li><strong>T\u00e9cnica : <\/strong> Fundici\u00f3n<\/li>\n<li><strong>Estilo : <\/strong> Estatua de bronce, Lujo<\/li>\n<li><strong>Uso : <\/strong> Arte y coleccionismo<\/li>\n<li><strong>Tema : <\/strong> Decoraci\u00f3n<\/li>\n<li><strong>Reportaje regional : <\/strong> Europa<\/li>\n<li data-spm-anchor-id=\"a2700.details.0.i80.89715990JZsPz9\"><strong>Marca :<\/strong>\u00a0esculturascasa<\/li>\n<li><strong>N\u00famero de modelo : <\/strong> La estatua de bronce de Bethune<\/li>\n<\/ul>","protected":false},"excerpt":{"rendered":"<p>Material : Metal Printing : Letterpress printing, Gravure printing, Silk screen printing, Digital printing, Embossing printing Print Method : 1 color, 2 color, 4 color, 5 color, 6 color Type : Bronze Product Type : SCULPTURE Technique : Casting Style : Bronze Statue, Luxury Use : Art &amp; Collectible Theme : Decoration Regional Feature : [&hellip;]<\/p>\n","protected":false},"featured_media":1261,"comment_status":"open","ping_status":"closed","template":"","meta":[],"product_brand":[],"product_cat":[39,24],"product_tag":[40,41],"class_list":{"0":"post-1262","1":"product","2":"type-product","3":"status-publish","4":"has-post-thumbnail","6":"product_cat-custom-bronze-sculpture-maker","7":"product_cat-human-statue","8":"product_tag-crafts","9":"product_tag-metal-crafts","11":"first","12":"instock","13":"shipping-taxable","14":"product-type-simple"},"_links":{"self":[{"href":"https:\/\/sculptureshome.com\/es\/wp-json\/wp\/v2\/product\/1262","targetHints":{"allow":["GET"]}}],"collection":[{"href":"https:\/\/sculptureshome.com\/es\/wp-json\/wp\/v2\/product"}],"about":[{"href":"https:\/\/sculptureshome.com\/es\/wp-json\/wp\/v2\/types\/product"}],"replies":[{"embeddable":true,"href":"https:\/\/sculptureshome.com\/es\/wp-json\/wp\/v2\/comments?post=1262"}],"version-history":[{"count":0,"href":"https:\/\/sculptureshome.com\/es\/wp-json\/wp\/v2\/product\/1262\/revisions"}],"wp:featuredmedia":[{"embeddable":true,"href":"https:\/\/sculptureshome.com\/es\/wp-json\/wp\/v2\/media\/1261"}],"wp:attachment":[{"href":"https:\/\/sculptureshome.com\/es\/wp-json\/wp\/v2\/media?parent=1262"}],"wp:term":[{"taxonomy":"product_brand","embeddable":true,"href":"https:\/\/sculptureshome.com\/es\/wp-json\/wp\/v2\/product_brand?post=1262"},{"taxonomy":"product_cat","embeddable":true,"href":"https:\/\/sculptureshome.com\/es\/wp-json\/wp\/v2\/product_cat?post=1262"},{"taxonomy":"product_tag","embeddable":true,"href":"https:\/\/sculptureshome.com\/es\/wp-json\/wp\/v2\/product_tag?post=1262"}],"curies":[{"name":"wp","href":"https:\/\/api.w.org\/{rel}","templated":true}]}}