{"id":126,"date":"2024-01-15T06:38:44","date_gmt":"2024-01-15T06:38:44","guid":{"rendered":"https:\/\/sculptureshome.com\/?post_type=product&#038;p=126"},"modified":"2024-01-15T06:42:26","modified_gmt":"2024-01-15T06:42:26","slug":"casa-arte-moderno-cara-escultura-grande-3d-pared-cara-estatua","status":"publish","type":"product","link":"https:\/\/sculptureshome.com\/es\/product\/home-modern-art-face-sculpture-large-3d-wall-face-statue\/","title":{"rendered":"Inicio Arte Moderno Escultura Cara | Gran 3D Pared Cara Estatua"},"content":{"rendered":"<h4>Atributos espec\u00edficos del sector<\/h4>\n<div class=\"attribute-list\">\n<div class=\"attribute-item\">\n<div class=\"left\">Tipo: Bronce<\/div>\n<\/div>\n<div class=\"attribute-item\">\n<div class=\"left\">Tipo de producto: ESCULTURA<\/div>\n<\/div>\n<\/div>\n<h4>Otros atributos<\/h4>\n<div class=\"attribute-list\">\n<div class=\"attribute-item\">\n<div class=\"left\">Lugar de origen: Shenzhen\uff0cChina<\/div>\n<\/div>\n<div class=\"attribute-item\">\n<div class=\"left\">Material: Metal<\/div>\n<div>Impresi\u00f3n: Impresi\u00f3n tipogr\u00e1fica<\/div>\n<div>M\u00e9todo de impresi\u00f3n: 1 color<\/div>\n<div>T\u00e9cnica: <span data-spm-anchor-id=\"a2700.details.0.i82.4ca9d1cePesGpg\">Fundici\u00f3n<\/span><\/div>\n<div>Estilo: <span data-spm-anchor-id=\"a2700.details.0.i84.4ca9d1cePesGpg\">figura<\/span><\/div>\n<div>\u00dasalo: <span data-spm-anchor-id=\"a2700.details.0.i86.4ca9d1cePesGpg\">Arte y coleccionismo<\/span><\/div>\n<\/div>\n<div>Tema: figura<\/div>\n<div class=\"attribute-item\">\n<div class=\"left\">Marca: sculptureshome<\/div>\n<\/div>\n<div class=\"attribute-item\">\n<div class=\"left\">Color: Bronce<\/div>\n<div class=\"right\">Talla: Talla real\/Personalizada<\/div>\n<div>Uso: Decoraci\u00f3n de paredes<\/div>\n<div>Nombre: Gran 3D Pared Cara Estatua de Bronce<\/div>\n<\/div>\n<div class=\"attribute-item\">\n<div class=\"left\">Proceso: Cera perdida y fundici\u00f3n<\/div>\n<div class=\"right\">Art\u00edculo: Estatua europea<\/div>\n<\/div>\n<\/div>","protected":false},"excerpt":{"rendered":"<p>Industry-specific attributes Type: Bronze Product Type: SCULPTURE Other attributes Place of Origin: Shenzhen\uff0cChina Material: Metal Printing: Letterpress printing Print Method: 1 color Technique: Casting Style: figure Use: Art &amp; Collectible Theme: figure Brand Name: sculptureshome Color: Bronze Size: Life Size\/Customized Usage: Wall Decoration Name: Large 3D Wall Face Statue Bronze Process: Lost Wax &amp; Casting [&hellip;]<\/p>\n","protected":false},"featured_media":135,"comment_status":"open","ping_status":"closed","template":"","meta":[],"product_brand":[],"product_cat":[20,21],"product_tag":[],"class_list":{"0":"post-126","1":"product","2":"type-product","3":"status-publish","4":"has-post-thumbnail","6":"product_cat-art-sculpture","7":"product_cat-modern-sculpture","9":"first","10":"instock","11":"shipping-taxable","12":"product-type-simple"},"_links":{"self":[{"href":"https:\/\/sculptureshome.com\/es\/wp-json\/wp\/v2\/product\/126","targetHints":{"allow":["GET"]}}],"collection":[{"href":"https:\/\/sculptureshome.com\/es\/wp-json\/wp\/v2\/product"}],"about":[{"href":"https:\/\/sculptureshome.com\/es\/wp-json\/wp\/v2\/types\/product"}],"replies":[{"embeddable":true,"href":"https:\/\/sculptureshome.com\/es\/wp-json\/wp\/v2\/comments?post=126"}],"version-history":[{"count":0,"href":"https:\/\/sculptureshome.com\/es\/wp-json\/wp\/v2\/product\/126\/revisions"}],"wp:featuredmedia":[{"embeddable":true,"href":"https:\/\/sculptureshome.com\/es\/wp-json\/wp\/v2\/media\/135"}],"wp:attachment":[{"href":"https:\/\/sculptureshome.com\/es\/wp-json\/wp\/v2\/media?parent=126"}],"wp:term":[{"taxonomy":"product_brand","embeddable":true,"href":"https:\/\/sculptureshome.com\/es\/wp-json\/wp\/v2\/product_brand?post=126"},{"taxonomy":"product_cat","embeddable":true,"href":"https:\/\/sculptureshome.com\/es\/wp-json\/wp\/v2\/product_cat?post=126"},{"taxonomy":"product_tag","embeddable":true,"href":"https:\/\/sculptureshome.com\/es\/wp-json\/wp\/v2\/product_tag?post=126"}],"curies":[{"name":"wp","href":"https:\/\/api.w.org\/{rel}","templated":true}]}}