{"id":864,"date":"2024-01-30T12:53:04","date_gmt":"2024-01-30T12:53:04","guid":{"rendered":"https:\/\/sculptureshome.com\/?page_id=864"},"modified":"2024-06-25T10:03:51","modified_gmt":"2024-06-25T10:03:51","slug":"nuestra-historia","status":"publish","type":"page","link":"https:\/\/sculptureshome.com\/es\/our-story\/","title":{"rendered":"Nuestra historia"},"content":{"rendered":"<div data-elementor-type=\"wp-page\" data-elementor-id=\"864\" class=\"elementor elementor-864\" data-elementor-post-type=\"page\">\n\t\t\t\t<div class=\"elementor-element elementor-element-cbbe34e e-flex e-con-boxed e-con e-parent\" data-id=\"cbbe34e\" data-element_type=\"container\" data-e-type=\"container\">\n\t\t\t\t\t<div class=\"e-con-inner\">\n\t\t\t\t<div class=\"elementor-element elementor-element-4804c53 elementor-widget elementor-widget-heading\" data-id=\"4804c53\" data-element_type=\"widget\" data-e-type=\"widget\" data-widget_type=\"heading.default\">\n\t\t\t\t\t<h2 class=\"elementor-heading-title elementor-size-default\">Nuestra historia<\/h2>\t\t\t\t<\/div>\n\t\t\t\t\t<\/div>\n\t\t\t\t<\/div>\n\t\t<div class=\"elementor-element elementor-element-38d67a5 e-flex e-con-boxed e-con e-parent\" data-id=\"38d67a5\" data-element_type=\"container\" data-e-type=\"container\">\n\t\t\t\t\t<div class=\"e-con-inner\">\n\t\t<div class=\"elementor-element elementor-element-a52ffaa e-con-full e-flex e-con e-child\" data-id=\"a52ffaa\" data-element_type=\"container\" data-e-type=\"container\">\n\t\t\t\t<div class=\"elementor-element elementor-element-eda4c95 elementor-widget elementor-widget-text-editor\" data-id=\"eda4c95\" data-element_type=\"widget\" data-e-type=\"widget\" data-widget_type=\"text-editor.default\">\n\t\t\t\t\t\t\t\t\t<p>En una ciudad llena de creatividad y vitalidad, hay una f\u00e1brica especializada en escultura, y en el coraz\u00f3n de este lugar est\u00e1 Leo, un escultor graduado en la Academia de Bellas Artes que no s\u00f3lo conoce a fondo las t\u00e9cnicas tradicionales de escultura, sino que tambi\u00e9n siente pasi\u00f3n por incorporar tecnolog\u00eda avanzada a la creaci\u00f3n escult\u00f3rica. Esta es una historia sobre la combinaci\u00f3n de arte y tecnolog\u00eda, y la simbiosis entre el crecimiento personal y el desarrollo empresarial.<\/p><p>La educaci\u00f3n de Leo en la Academia de Bellas Artes le proporcion\u00f3 una s\u00f3lida base para su carrera art\u00edstica. Su obra demuestra un agudo sentido de la forma y la textura, lo que le vali\u00f3 la atenci\u00f3n de estudiantes y profesores cuando a\u00fan estaba en la escuela.<br \/>\u00c9xito temprano en el lugar de trabajo<\/p>\t\t\t\t\t\t\t\t<\/div>\n\t\t\t\t<\/div>\n\t\t<div class=\"elementor-element elementor-element-1d57cf0 e-con-full e-flex e-con e-child\" data-id=\"1d57cf0\" data-element_type=\"container\" data-e-type=\"container\">\n\t\t\t\t<div class=\"elementor-element elementor-element-1fd8176 elementor-widget elementor-widget-image\" data-id=\"1fd8176\" data-element_type=\"widget\" data-e-type=\"widget\" data-widget_type=\"image.default\">\n\t\t\t\t\t\t\t\t\t\t\t\t\t\t\t<img fetchpriority=\"high\" decoding=\"async\" width=\"800\" height=\"776\" src=\"https:\/\/sculptureshome.com\/wp-content\/uploads\/2024\/02\/our-story.png\" class=\"attachment-large size-large wp-image-1053\" alt=\"\" srcset=\"https:\/\/sculptureshome.com\/wp-content\/uploads\/2024\/02\/our-story.png 1003w, https:\/\/sculptureshome.com\/wp-content\/uploads\/2024\/02\/our-story-300x291.png 300w, https:\/\/sculptureshome.com\/wp-content\/uploads\/2024\/02\/our-story-768x745.png 768w, https:\/\/sculptureshome.com\/wp-content\/uploads\/2024\/02\/our-story-600x582.png 600w\" sizes=\"(max-width: 800px) 100vw, 800px\" title=\"\">\t\t\t\t\t\t\t\t\t\t\t\t\t\t\t<\/div>\n\t\t\t\t<\/div>\n\t\t\t\t\t<\/div>\n\t\t\t\t<\/div>\n\t\t<div class=\"elementor-element elementor-element-4ad764d e-flex e-con-boxed e-con e-parent\" data-id=\"4ad764d\" data-element_type=\"container\" data-e-type=\"container\">\n\t\t\t\t\t<div class=\"e-con-inner\">\n\t\t\t\t<div class=\"elementor-element elementor-element-a9145e8 elementor-widget elementor-widget-heading\" data-id=\"a9145e8\" data-element_type=\"widget\" data-e-type=\"widget\" data-widget_type=\"heading.default\">\n\t\t\t\t\t<h2 class=\"elementor-heading-title elementor-size-default\">\u00c9xito temprano en el lugar de trabajo<\/h2>\t\t\t\t<\/div>\n\t\t\t\t\t<\/div>\n\t\t\t\t<\/div>\n\t\t<div class=\"elementor-element elementor-element-b11fb31 e-flex e-con-boxed e-con e-parent\" data-id=\"b11fb31\" data-element_type=\"container\" data-e-type=\"container\">\n\t\t\t\t\t<div class=\"e-con-inner\">\n\t\t\t\t<div class=\"elementor-element elementor-element-5de6c21 elementor-widget elementor-widget-text-editor\" data-id=\"5de6c21\" data-element_type=\"widget\" data-e-type=\"widget\" data-widget_type=\"text-editor.default\">\n\t\t\t\t\t\t\t\t\t<p>Tras graduarse, Leo se uni\u00f3 a la familia sculptureshome. Con sus habilidades perfeccionadas en la academia y su comprensi\u00f3n \u00fanica de los materiales, sus esculturas tuvieron una r\u00e1pida acogida en el mercado. Sus esculturas no s\u00f3lo demuestran una t\u00e9cnica excelente, sino que tambi\u00e9n revelan conceptos de dise\u00f1o innovadores. Como resultado, pronto se gan\u00f3 una cierta posici\u00f3n en el mercado nacional. Pero no se detuvo ah\u00ed.<\/p>\t\t\t\t\t\t\t\t<\/div>\n\t\t\t\t\t<\/div>\n\t\t\t\t<\/div>\n\t\t<div class=\"elementor-element elementor-element-28da600 e-flex e-con-boxed e-con e-parent\" data-id=\"28da600\" data-element_type=\"container\" data-e-type=\"container\">\n\t\t\t\t\t<div class=\"e-con-inner\">\n\t\t\t\t<div class=\"elementor-element elementor-element-cd4a7c4 elementor-widget elementor-widget-heading\" data-id=\"cd4a7c4\" data-element_type=\"widget\" data-e-type=\"widget\" data-widget_type=\"heading.default\">\n\t\t\t\t\t<h2 class=\"elementor-heading-title elementor-size-default\">El punto de inflexi\u00f3n de convertirse en socio<\/h2>\t\t\t\t<\/div>\n\t\t\t\t\t<\/div>\n\t\t\t\t<\/div>\n\t\t<div class=\"elementor-element elementor-element-dd438f0 e-flex e-con-boxed e-con e-parent\" data-id=\"dd438f0\" data-element_type=\"container\" data-e-type=\"container\">\n\t\t\t\t\t<div class=\"e-con-inner\">\n\t\t\t\t<div class=\"elementor-element elementor-element-90012a9 elementor-widget elementor-widget-text-editor\" data-id=\"90012a9\" data-element_type=\"widget\" data-e-type=\"widget\" data-widget_type=\"text-editor.default\">\n\t\t\t\t\t\t\t\t\t<p style=\"text-align: left;\">Como el trabajo de Leo ayud\u00f3 a la f\u00e1brica a atraer a un gran n\u00famero de clientes y a generar unos ingresos considerables para la empresa, pronto se convirti\u00f3 en socio. Este cambio de estatus no s\u00f3lo reconoc\u00eda su capacidad personal, sino tambi\u00e9n su contribuci\u00f3n a la f\u00e1brica.<\/p>\t\t\t\t\t\t\t\t<\/div>\n\t\t\t\t\t<\/div>\n\t\t\t\t<\/div>\n\t\t<div class=\"elementor-element elementor-element-9bde3d2 e-flex e-con-boxed e-con e-parent\" data-id=\"9bde3d2\" data-element_type=\"container\" data-e-type=\"container\">\n\t\t\t\t\t<div class=\"e-con-inner\">\n\t\t\t\t<div class=\"elementor-element elementor-element-30b6d90 elementor-widget elementor-widget-heading\" data-id=\"30b6d90\" data-element_type=\"widget\" data-e-type=\"widget\" data-widget_type=\"heading.default\">\n\t\t\t\t\t<h2 class=\"elementor-heading-title elementor-size-default\">Motor de la innovaci\u00f3n tecnol\u00f3gica<\/h2>\t\t\t\t<\/div>\n\t\t\t\t\t<\/div>\n\t\t\t\t<\/div>\n\t\t<div class=\"elementor-element elementor-element-47d73ab e-flex e-con-boxed e-con e-parent\" data-id=\"47d73ab\" data-element_type=\"container\" data-e-type=\"container\">\n\t\t\t\t\t<div class=\"e-con-inner\">\n\t\t\t\t<div class=\"elementor-element elementor-element-36f1152 elementor-widget elementor-widget-text-editor\" data-id=\"36f1152\" data-element_type=\"widget\" data-e-type=\"widget\" data-widget_type=\"text-editor.default\">\n\t\t\t\t\t\t\t\t\t<p>Como socio, Leo empez\u00f3 a explorar activamente las posibilidades de aplicar la tecnolog\u00eda moderna a la escultura tradicional. Introdujo la tecnolog\u00eda de impresi\u00f3n 3D, combinando este medio innovador con las t\u00e9cnicas tradicionales de escultura, dando nueva vida a la l\u00ednea de productos de la f\u00e1brica.<\/p><p>Bajo el impulso de Leo, las esculturas de la F\u00e1brica empezaron a adquirir un estilo \u00fanico: la delicadeza y profundidad de la escultura tradicional, pero tambi\u00e9n la novedad y eficacia que aporta la tecnolog\u00eda moderna. Esta fusi\u00f3n de estilos hizo que las obras de la f\u00e1brica fueran m\u00e1s populares en el mercado.<\/p>\t\t\t\t\t\t\t\t<\/div>\n\t\t\t\t\t<\/div>\n\t\t\t\t<\/div>\n\t\t<div class=\"elementor-element elementor-element-7a40235 e-flex e-con-boxed e-con e-parent\" data-id=\"7a40235\" data-element_type=\"container\" data-e-type=\"container\">\n\t\t\t\t\t<div class=\"e-con-inner\">\n\t\t<div class=\"elementor-element elementor-element-64cefa5 e-con-full e-flex e-con e-child\" data-id=\"64cefa5\" data-element_type=\"container\" data-e-type=\"container\">\n\t\t\t\t<div class=\"elementor-element elementor-element-fdf2688 elementor-widget elementor-widget-image\" data-id=\"fdf2688\" data-element_type=\"widget\" data-e-type=\"widget\" data-widget_type=\"image.default\">\n\t\t\t\t\t\t\t\t\t\t\t\t\t\t\t<img decoding=\"async\" width=\"800\" height=\"600\" src=\"https:\/\/sculptureshome.com\/wp-content\/uploads\/2024\/01\/mmexport1682444858808-1024x768.jpg\" class=\"attachment-large size-large wp-image-872\" alt=\"\" srcset=\"https:\/\/sculptureshome.com\/wp-content\/uploads\/2024\/01\/mmexport1682444858808-1024x768.jpg 1024w, https:\/\/sculptureshome.com\/wp-content\/uploads\/2024\/01\/mmexport1682444858808-300x225.jpg 300w, https:\/\/sculptureshome.com\/wp-content\/uploads\/2024\/01\/mmexport1682444858808-768x576.jpg 768w, https:\/\/sculptureshome.com\/wp-content\/uploads\/2024\/01\/mmexport1682444858808-600x450.jpg 600w, https:\/\/sculptureshome.com\/wp-content\/uploads\/2024\/01\/mmexport1682444858808.jpg 1440w\" sizes=\"(max-width: 800px) 100vw, 800px\" title=\"\">\t\t\t\t\t\t\t\t\t\t\t\t\t\t\t<\/div>\n\t\t\t\t<\/div>\n\t\t<div class=\"elementor-element elementor-element-4e4fc0a e-con-full e-flex e-con e-child\" data-id=\"4e4fc0a\" data-element_type=\"container\" data-e-type=\"container\">\n\t\t\t\t<div class=\"elementor-element elementor-element-61cc006 elementor-widget elementor-widget-image\" data-id=\"61cc006\" data-element_type=\"widget\" data-e-type=\"widget\" data-widget_type=\"image.default\">\n\t\t\t\t\t\t\t\t\t\t\t\t\t\t\t<img decoding=\"async\" width=\"768\" height=\"1024\" src=\"https:\/\/sculptureshome.com\/wp-content\/uploads\/2024\/03\/about-us-768x1024.jpg\" class=\"attachment-large size-large wp-image-1092\" alt=\"\" srcset=\"https:\/\/sculptureshome.com\/wp-content\/uploads\/2024\/03\/about-us-768x1024.jpg 768w, https:\/\/sculptureshome.com\/wp-content\/uploads\/2024\/03\/about-us-225x300.jpg 225w, https:\/\/sculptureshome.com\/wp-content\/uploads\/2024\/03\/about-us-600x800.jpg 600w, https:\/\/sculptureshome.com\/wp-content\/uploads\/2024\/03\/about-us.jpg 960w\" sizes=\"(max-width: 768px) 100vw, 768px\" title=\"\">\t\t\t\t\t\t\t\t\t\t\t\t\t\t\t<\/div>\n\t\t\t\t<\/div>\n\t\t\t\t\t<\/div>\n\t\t\t\t<\/div>\n\t\t\t\t<\/div>","protected":false},"excerpt":{"rendered":"<p>Our Story In a city full of creativity and vitality, there is a factory specializing in sculpture, and at the heart of this place is Leo, a sculptor who graduated from the Academy of Fine Arts and who not only has an in-depth understanding of traditional sculpting techniques, but also has a passion for incorporating [&hellip;]<\/p>\n","protected":false},"author":1,"featured_media":0,"parent":0,"menu_order":0,"comment_status":"closed","ping_status":"closed","template":"elementor_header_footer","meta":{"footnotes":""},"class_list":["post-864","page","type-page","status-publish","hentry"],"_links":{"self":[{"href":"https:\/\/sculptureshome.com\/es\/wp-json\/wp\/v2\/pages\/864","targetHints":{"allow":["GET"]}}],"collection":[{"href":"https:\/\/sculptureshome.com\/es\/wp-json\/wp\/v2\/pages"}],"about":[{"href":"https:\/\/sculptureshome.com\/es\/wp-json\/wp\/v2\/types\/page"}],"author":[{"embeddable":true,"href":"https:\/\/sculptureshome.com\/es\/wp-json\/wp\/v2\/users\/1"}],"replies":[{"embeddable":true,"href":"https:\/\/sculptureshome.com\/es\/wp-json\/wp\/v2\/comments?post=864"}],"version-history":[{"count":0,"href":"https:\/\/sculptureshome.com\/es\/wp-json\/wp\/v2\/pages\/864\/revisions"}],"wp:attachment":[{"href":"https:\/\/sculptureshome.com\/es\/wp-json\/wp\/v2\/media?parent=864"}],"curies":[{"name":"wp","href":"https:\/\/api.w.org\/{rel}","templated":true}]}}