{"id":3,"date":"2024-01-09T08:02:39","date_gmt":"2024-01-09T08:02:39","guid":{"rendered":"https:\/\/sculptureshome.com\/?page_id=3"},"modified":"2024-05-01T07:59:05","modified_gmt":"2024-05-01T07:59:05","slug":"politica-de-privacidad","status":"publish","type":"page","link":"https:\/\/sculptureshome.com\/es\/privacy-policy\/","title":{"rendered":"Pol\u00edtica de privacidad"},"content":{"rendered":"<p>sculptureshome.com cumple con el Reglamento General de Protecci\u00f3n de Datos (GDPR) (UE) 2016\/679.<\/p>\n\n\n\n<p>Significa que somos abiertos sobre nuestros m\u00e9todos de seguimiento y uso de los datos personales de los visitantes, y usted puede comprobar libremente qu\u00e9 hacemos exactamente con ellos.<\/p>\n\n\n\n<p>En sculptureshome, coleccionamos:<\/p>\n\n\n\n<ul class=\"wp-block-list\">\n<li>Su nombre y apellidos<\/li>\n\n\n\n<li>Su direcci\u00f3n de correo electr\u00f3nico<\/li>\n\n\n\n<li>Su direcci\u00f3n f\u00edsica<\/li>\n\n\n\n<li>Su n\u00famero de tel\u00e9fono<\/li>\n\n\n\n<li>Los datos sobre el navegador y el dispositivo que utiliza para ver la tienda<\/li>\n\n\n\n<li>La forma de navegar por la tienda<\/li>\n<\/ul>\n\n\n\n<p>Recopilamos sus datos de contacto porque son necesarios para aceptar y tramitar sus pedidos, y para asegurarnos de que recibe sus paquetes.<\/p>\n\n\n\n<p>Recopilamos los datos de su equipo t\u00e9cnico y de su comportamiento en el sitio web para que nuestra tienda sea m\u00e1s f\u00e1cil de usar y para personalizar los servicios de nuestra tienda para usted (por ejemplo, para cambiar autom\u00e1ticamente la tienda a la versi\u00f3n m\u00f3vil).<\/p>\n\n\n\n<p>Nuestra tienda trabaja con empresas externas que nos ayudan a prestarle el mejor servicio, y estos terceros tambi\u00e9n utilizan algunos de los datos personales que usted nos deja. Limitamos los datos a los que pueden acceder a lo estrictamente necesario para el cumplimiento de sus obligaciones.<\/p>\n\n\n\n<ul class=\"wp-block-list\">\n<li>Los servicios de pago utilizan su n\u00famero de tarjeta de cr\u00e9dito, su nombre y apellidos para verificar y procesar los pagos de nuestros productos.<\/li>\n\n\n\n<li>Nuestros fabricantes y almacenistas utilizan los datos del contenido de su pedido para confeccionar el paquete necesario para usted.<\/li>\n\n\n\n<li>Los servicios postales utilizan su nombre, apellidos y direcci\u00f3n f\u00edsica para organizar la entrega del producto.<\/li>\n\n\n\n<li>Los servicios de correo masivo utilizan su direcci\u00f3n de correo electr\u00f3nico para enviarle mensajes (si se ha suscrito a ellos).<\/li>\n<\/ul>\n\n\n\n<p>Si sigue navegando por nuestra tienda web despu\u00e9s de leer esta Pol\u00edtica de Privacidad, nos da su consentimiento para utilizar sus datos personales para los fines explicados anteriormente.<\/p>\n\n\n\n<p>Si no est\u00e1 de acuerdo con estas condiciones, abandone el sitio web.<\/p>\n\n\n\n<p>Puede enviarnos un correo electr\u00f3nico a manager@sculptureshome.com y preguntarnos:<\/p>\n\n\n\n<ul class=\"wp-block-list\">\n<li>Para recibir una copia de los datos personales que hemos recopilado<\/li>\n\n\n\n<li>Para eliminar sus datos personales de nuestro sistema<\/li>\n\n\n\n<li>Retirar su consentimiento (si previamente accedi\u00f3 a facilitarnos los datos, pero luego cambi\u00f3 de opini\u00f3n).<\/li>\n<\/ul>\n\n\n\n<p>Hacemos todo lo posible para garantizar la seguridad de sus datos personales mientras los conservamos y utilizamos.<\/p>\n\n\n\n<p>Gracias por su colaboraci\u00f3n.<\/p>","protected":false},"excerpt":{"rendered":"<p>sculptureshome.com is compliant with The General Data Protection Regulation (GDPR) (EU) 2016\/679. It means that we are open about our methods of tracking and use of the visitors\u2019 personal data, and you can freely check what exactly we\u2019re doing to it. At sculptureshome, we collect: We gather your contact details because they are necessary to [&hellip;]<\/p>\n","protected":false},"author":1,"featured_media":0,"parent":0,"menu_order":0,"comment_status":"closed","ping_status":"open","template":"","meta":{"footnotes":""},"class_list":["post-3","page","type-page","status-publish","hentry"],"_links":{"self":[{"href":"https:\/\/sculptureshome.com\/es\/wp-json\/wp\/v2\/pages\/3","targetHints":{"allow":["GET"]}}],"collection":[{"href":"https:\/\/sculptureshome.com\/es\/wp-json\/wp\/v2\/pages"}],"about":[{"href":"https:\/\/sculptureshome.com\/es\/wp-json\/wp\/v2\/types\/page"}],"author":[{"embeddable":true,"href":"https:\/\/sculptureshome.com\/es\/wp-json\/wp\/v2\/users\/1"}],"replies":[{"embeddable":true,"href":"https:\/\/sculptureshome.com\/es\/wp-json\/wp\/v2\/comments?post=3"}],"version-history":[{"count":0,"href":"https:\/\/sculptureshome.com\/es\/wp-json\/wp\/v2\/pages\/3\/revisions"}],"wp:attachment":[{"href":"https:\/\/sculptureshome.com\/es\/wp-json\/wp\/v2\/media?parent=3"}],"curies":[{"name":"wp","href":"https:\/\/api.w.org\/{rel}","templated":true}]}}