{"id":757,"date":"2024-01-29T15:11:27","date_gmt":"2024-01-29T15:11:27","guid":{"rendered":"https:\/\/sculptureshome.com\/?post_type=product&#038;p=757"},"modified":"2024-01-29T15:11:27","modified_gmt":"2024-01-29T15:11:27","slug":"groses-modell-3d-druck-prototyp","status":"publish","type":"product","link":"https:\/\/sculptureshome.com\/de\/product\/big-model-3d-print-prototype\/","title":{"rendered":"Gro\u00dfes Modell 3D-Druck Prototyp"},"content":{"rendered":"<div class=\"left\" data-spm-anchor-id=\"a2700.details.0.i80.9d67109dkYOlMo\">Materialf\u00e4higkeiten: Kupfer, Bronze, Edelstahl, Aluminium, Messing, geh\u00e4rtete Metalle, Edelmetalle, Stahllegierungen, ABS, POM, PP, PC, PE, PA (Nylon), Gummi, Silikon, Polyurethan, usw.<\/div>\n<div data-spm-anchor-id=\"a2700.details.0.i80.9d67109dkYOlMo\">\n<div class=\"left\" data-spm-anchor-id=\"a2700.details.0.i82.9d67109dkYOlMo\">Farbe: <span data-spm-anchor-id=\"a2700.details.0.i83.9d67109dkYOlMo\">Kann angepasst werden<\/span><\/p>\n<div class=\"attribute-item\">\n<div class=\"right\">\n<div class=\"left\" data-spm-anchor-id=\"a2700.details.0.i84.9d67109dkYOlMo\">Format der Dateien: <span data-spm-anchor-id=\"a2700.details.0.i85.9d67109dkYOlMo\">cad igs stp stl x-t<\/span><\/div>\n<div data-spm-anchor-id=\"a2700.details.0.i84.9d67109dkYOlMo\">\n<div class=\"left\" data-spm-anchor-id=\"a2700.details.0.i86.9d67109dkYOlMo\">Oberfl\u00e4chenbehandlung: <span data-spm-anchor-id=\"a2700.details.0.i87.9d67109dkYOlMo\">Politur, Lackierung, Seidendruck, UV-Beschichtung, Galvanik, etc.<\/span><\/p>\n<div class=\"attribute-item\">\n<div class=\"right\">\n<div class=\"left\" data-spm-anchor-id=\"a2700.details.0.i88.9d67109dkYOlMo\">Anwendung: <span data-spm-anchor-id=\"a2700.details.0.i89.9d67109dkYOlMo\">Auto, Haushaltsger\u00e4te, M\u00f6bel, Ware, Elektronik, etc.<\/span><\/p>\n<div class=\"attribute-item\">\n<div class=\"right\">\n&nbsp;<\/p>\n<\/div>\n<\/div>\n<div class=\"attribute-item\"><\/div>\n<\/div>\n<p>&nbsp;<\/p>\n<\/div>\n<\/div>\n<div class=\"attribute-item\"><\/div>\n<\/div>\n<\/div>\n<p>&nbsp;<\/p>\n<\/div>\n<\/div>\n<div class=\"attribute-item\"><\/div>\n<\/div>\n<div data-spm-anchor-id=\"a2700.details.0.i82.9d67109dkYOlMo\"><\/div>\n<\/div>","protected":false},"excerpt":{"rendered":"<p>Materialf\u00e4higkeiten: Kupfer, Bronze, Edelstahl, Aluminium, Messing, geh\u00e4rtete Metalle, Edelmetalle, Stahllegierungen, ABS, POM, PP, PC, PE, PA (Nylon), Gummi, Silikon, Polyurethan, etc Farbe: Kann angepasst werden Dateiformat: cad igs stp stl x-t Oberfl\u00e4chenbehandlung: Politur, Malerei, Seidendruck, UV-Beschichtung, Galvanisierung, etc Anwendung: Auto, Haushaltsger\u00e4te, M\u00f6bel, Ware, Elektronik, etc &nbsp; &nbsp; &nbsp;<\/p>","protected":false},"featured_media":758,"comment_status":"open","ping_status":"closed","template":"","meta":[],"product_brand":[],"product_cat":[29],"product_tag":[],"class_list":{"0":"post-757","1":"product","2":"type-product","3":"status-publish","4":"has-post-thumbnail","6":"product_cat-3d-printing-furniture","8":"first","9":"instock","10":"shipping-taxable","11":"product-type-simple"},"_links":{"self":[{"href":"https:\/\/sculptureshome.com\/de\/wp-json\/wp\/v2\/product\/757","targetHints":{"allow":["GET"]}}],"collection":[{"href":"https:\/\/sculptureshome.com\/de\/wp-json\/wp\/v2\/product"}],"about":[{"href":"https:\/\/sculptureshome.com\/de\/wp-json\/wp\/v2\/types\/product"}],"replies":[{"embeddable":true,"href":"https:\/\/sculptureshome.com\/de\/wp-json\/wp\/v2\/comments?post=757"}],"version-history":[{"count":0,"href":"https:\/\/sculptureshome.com\/de\/wp-json\/wp\/v2\/product\/757\/revisions"}],"wp:featuredmedia":[{"embeddable":true,"href":"https:\/\/sculptureshome.com\/de\/wp-json\/wp\/v2\/media\/758"}],"wp:attachment":[{"href":"https:\/\/sculptureshome.com\/de\/wp-json\/wp\/v2\/media?parent=757"}],"wp:term":[{"taxonomy":"product_brand","embeddable":true,"href":"https:\/\/sculptureshome.com\/de\/wp-json\/wp\/v2\/product_brand?post=757"},{"taxonomy":"product_cat","embeddable":true,"href":"https:\/\/sculptureshome.com\/de\/wp-json\/wp\/v2\/product_cat?post=757"},{"taxonomy":"product_tag","embeddable":true,"href":"https:\/\/sculptureshome.com\/de\/wp-json\/wp\/v2\/product_tag?post=757"}],"curies":[{"name":"wp","href":"https:\/\/api.w.org\/{rel}","templated":true}]}}