{"id":709,"date":"2024-01-29T14:27:43","date_gmt":"2024-01-29T14:27:43","guid":{"rendered":"https:\/\/sculptureshome.com\/?post_type=product&#038;p=709"},"modified":"2024-01-29T14:27:44","modified_gmt":"2024-01-29T14:27:44","slug":"leben-grose-harz-heisluftballon-fiberglas-skulptur","status":"publish","type":"product","link":"https:\/\/sculptureshome.com\/de\/product\/life-size-resin-hot-air-balloon-fiberglass-sculpture\/","title":{"rendered":"Leben Gr\u00f6\u00dfe Harz Hei\u00dfluftballon Fiberglas-Skulptur"},"content":{"rendered":"<div class=\"attribute-list\">\n<div class=\"attribute-item\">\n<div class=\"left\" data-spm-anchor-id=\"a2700.details.0.i92.dfb7758aV1x1EK\">Thema\uff1aResin-Skulptur Luftballon<\/div>\n<\/div>\n<\/div>\n<div class=\"attribute-list\">\n<div class=\"attribute-item\">\n<div class=\"left\">Herkunftsort\uff1aGuangdong, China<\/div>\n<\/div>\n<div class=\"attribute-item\">\n<div class=\"left\">Material: Kunstharz<\/div>\n<div class=\"right\">Stil: babyrosa<\/div>\n<\/div>\n<div class=\"attribute-item\">\n<div class=\"left\">Material: Harz-Hei\u00dfluftballon-Requisite<\/div>\n<div class=\"right\">Verwendung: Indoor Dekoration Hei\u00dfluftballon Prop<\/div>\n<div>Gr\u00f6\u00dfe: Kundenspezifische Gr\u00f6\u00dfe<\/div>\n<\/div>\n<div class=\"attribute-item\">\n<div class=\"left\">Farbe: Kundenspezifische Farbe<\/div>\n<\/div>\n<div class=\"attribute-item\">\n<div class=\"left\">Art: K\u00fcnstliche Fiberglasskulpturen<\/div>\n<div class=\"right\"><\/div>\n<\/div>\n<\/div>","protected":false},"excerpt":{"rendered":"<p>Thema: Harz-Skulptur Ballon Herkunftsort: Guangdong, China Material: Harz Stil: babyrosa Material: Resin Hei\u00dfluftballon Requisite Verwendung: Indoor-Dekoration Hei\u00dfluftballon-Requisite Gr\u00f6\u00dfe: Kundenspezifische Gr\u00f6\u00dfe Farbe: Kundenspezifische Farbe Typ: K\u00fcnstliche Fiberglas-Skulpturen<\/p>","protected":false},"featured_media":710,"comment_status":"open","ping_status":"closed","template":"","meta":[],"product_brand":[],"product_cat":[28],"product_tag":[],"class_list":{"0":"post-709","1":"product","2":"type-product","3":"status-publish","4":"has-post-thumbnail","6":"product_cat-resin-sculpture","8":"first","9":"instock","10":"shipping-taxable","11":"product-type-simple"},"_links":{"self":[{"href":"https:\/\/sculptureshome.com\/de\/wp-json\/wp\/v2\/product\/709","targetHints":{"allow":["GET"]}}],"collection":[{"href":"https:\/\/sculptureshome.com\/de\/wp-json\/wp\/v2\/product"}],"about":[{"href":"https:\/\/sculptureshome.com\/de\/wp-json\/wp\/v2\/types\/product"}],"replies":[{"embeddable":true,"href":"https:\/\/sculptureshome.com\/de\/wp-json\/wp\/v2\/comments?post=709"}],"version-history":[{"count":0,"href":"https:\/\/sculptureshome.com\/de\/wp-json\/wp\/v2\/product\/709\/revisions"}],"wp:featuredmedia":[{"embeddable":true,"href":"https:\/\/sculptureshome.com\/de\/wp-json\/wp\/v2\/media\/710"}],"wp:attachment":[{"href":"https:\/\/sculptureshome.com\/de\/wp-json\/wp\/v2\/media?parent=709"}],"wp:term":[{"taxonomy":"product_brand","embeddable":true,"href":"https:\/\/sculptureshome.com\/de\/wp-json\/wp\/v2\/product_brand?post=709"},{"taxonomy":"product_cat","embeddable":true,"href":"https:\/\/sculptureshome.com\/de\/wp-json\/wp\/v2\/product_cat?post=709"},{"taxonomy":"product_tag","embeddable":true,"href":"https:\/\/sculptureshome.com\/de\/wp-json\/wp\/v2\/product_tag?post=709"}],"curies":[{"name":"wp","href":"https:\/\/api.w.org\/{rel}","templated":true}]}}