{"id":687,"date":"2024-01-28T14:31:52","date_gmt":"2024-01-28T14:31:52","guid":{"rendered":"https:\/\/sculptureshome.com\/?post_type=product&#038;p=687"},"modified":"2024-01-28T14:31:52","modified_gmt":"2024-01-28T14:31:52","slug":"benutzerdefinierte-3d-harz-figur-polyresin-kleine-statue","status":"publish","type":"product","link":"https:\/\/sculptureshome.com\/de\/product\/custom-3d-resin-figurine-polyresin-small-statue\/","title":{"rendered":"benutzerdefinierte 3D-Harz-Figur Polyresin kleine Statue"},"content":{"rendered":"<div class=\"attribute-list\" data-spm-anchor-id=\"a2700.details.0.i54.6b622abb6bmvk3\">\n<div class=\"attribute-item\">\n<div class=\"left\">Thema\uff1aSouvenir<\/div>\n<\/div>\n<\/div>\n<div class=\"attribute-list\">\n<div class=\"attribute-item\">\n<div class=\"left\">Herkunftsort\uff1a Guangdong, China<\/div>\n<div class=\"right\">Material: Kunstharz<\/div>\n<div>Stil: K\u00fcnstlich<\/div>\n<\/div>\n<div class=\"attribute-item\">\n<div class=\"left\">Verwendung: Souvenir<\/div>\n<div class=\"right\">Regionales Merkmal: Europa<\/div>\n<\/div>\n<div class=\"attribute-item\">\n<div class=\"left\">Modellnummer: 3D-Geb\u00e4udemodell<\/div>\n<div class=\"right\">\n<div class=\"left\">Material\uff1aHarz Polyresin Polyesterharz<\/div>\n<p>Produktionsgr\u00f6\u00dfe: kundenspezifisch<\/p><\/div>\n<\/div>\n<\/div>","protected":false},"excerpt":{"rendered":"<p>Thema\uff1aSouvenir Herkunftsort\uff1a Guangdong, China Material: Kunstharz Stil: K\u00fcnstlich Verwendung: Souvenir Regionales Merkmal: Europa Modellnummer: 3D-Geb\u00e4udemodell Material: Kunstharz Polyresin Polyesterharz Produktionsgr\u00f6\u00dfe: kundenspezifisch<\/p>","protected":false},"featured_media":688,"comment_status":"open","ping_status":"closed","template":"","meta":[],"product_brand":[],"product_cat":[28],"product_tag":[],"class_list":{"0":"post-687","1":"product","2":"type-product","3":"status-publish","4":"has-post-thumbnail","6":"product_cat-resin-sculpture","8":"first","9":"instock","10":"shipping-taxable","11":"product-type-simple"},"_links":{"self":[{"href":"https:\/\/sculptureshome.com\/de\/wp-json\/wp\/v2\/product\/687","targetHints":{"allow":["GET"]}}],"collection":[{"href":"https:\/\/sculptureshome.com\/de\/wp-json\/wp\/v2\/product"}],"about":[{"href":"https:\/\/sculptureshome.com\/de\/wp-json\/wp\/v2\/types\/product"}],"replies":[{"embeddable":true,"href":"https:\/\/sculptureshome.com\/de\/wp-json\/wp\/v2\/comments?post=687"}],"version-history":[{"count":0,"href":"https:\/\/sculptureshome.com\/de\/wp-json\/wp\/v2\/product\/687\/revisions"}],"wp:featuredmedia":[{"embeddable":true,"href":"https:\/\/sculptureshome.com\/de\/wp-json\/wp\/v2\/media\/688"}],"wp:attachment":[{"href":"https:\/\/sculptureshome.com\/de\/wp-json\/wp\/v2\/media?parent=687"}],"wp:term":[{"taxonomy":"product_brand","embeddable":true,"href":"https:\/\/sculptureshome.com\/de\/wp-json\/wp\/v2\/product_brand?post=687"},{"taxonomy":"product_cat","embeddable":true,"href":"https:\/\/sculptureshome.com\/de\/wp-json\/wp\/v2\/product_cat?post=687"},{"taxonomy":"product_tag","embeddable":true,"href":"https:\/\/sculptureshome.com\/de\/wp-json\/wp\/v2\/product_tag?post=687"}],"curies":[{"name":"wp","href":"https:\/\/api.w.org\/{rel}","templated":true}]}}