{"id":676,"date":"2024-01-28T13:38:22","date_gmt":"2024-01-28T13:38:22","guid":{"rendered":"https:\/\/sculptureshome.com\/?post_type=product&#038;p=676"},"modified":"2024-01-28T13:38:22","modified_gmt":"2024-01-28T13:38:22","slug":"modernes-design-marmor-stein-wandrelief-haus-villa-dekoration-skulptur","status":"publish","type":"product","link":"https:\/\/sculptureshome.com\/de\/product\/modern-design-marble-stone-wall-relief-home-villa-decoration-sculpture\/","title":{"rendered":"Modernes Design Marmor Stein Wand Relief Haus Villa Dekoration Skulptur"},"content":{"rendered":"<div class=\"attribute-list\">\n<div class=\"attribute-item\">\n<div class=\"left\" data-spm-anchor-id=\"a2700.details.0.i85.44a93e68uvqGJk\">Projektl\u00f6sungskompetenz: Grafikdesign, 3D-Modelldesign, Gesamtl\u00f6sung f\u00fcr Projekte, kategorie\u00fcbergreifende Konsolidierung, Sonstiges<\/div>\n<div class=\"right\">Anwendung: Hotel<\/div>\n<div>Design-Stil: Modern<\/div>\n<\/div>\n<div class=\"attribute-item\">\n<div class=\"left\">Typ: Marmorrelief<\/div>\n<\/div>\n<\/div>\n<div class=\"attribute-list\">\n<div class=\"attribute-item\">\n<div class=\"left\">Typ: Reliefstatue aus Marmor<\/div>\n<div class=\"right\">Gr\u00f6\u00dfe: 3-9 Meter sind verf\u00fcgbar<\/div>\n<div>Farbe: Silber (Andere Farben sind ebenfalls erh\u00e4ltlich)<\/div>\n<\/div>\n<div class=\"attribute-item\">\n<div class=\"left\">Entwurf: Durch unser Team (Kundenentwurf ist willkommen)<\/div>\n<div class=\"right\">Technisch: Feinschwei\u00dfen, Ziselieren und Polieren<\/div>\n<\/div>\n<\/div>","protected":false},"excerpt":{"rendered":"<p>Projektl\u00f6sungskompetenz: Grafikdesign, 3D-Modelldesign, Gesamtl\u00f6sung f\u00fcr Projekte, kategorie\u00fcbergreifende Konsolidierung, andere Anwendungen: Hotel Design Stil: Modern Typ: Marmorrelief Typ: Marmorreliefstatue Gr\u00f6\u00dfe: 3-9 Meter sind verf\u00fcgbar Farbe: Silber (andere Farbe ist auch verf\u00fcgbar) Design: Durch unser Team (Kundenentwurf ist willkommen) Technisch: Feines Schwei\u00dfen, Ziselieren und Polieren<\/p>","protected":false},"featured_media":677,"comment_status":"open","ping_status":"closed","template":"","meta":[],"product_brand":[],"product_cat":[27],"product_tag":[],"class_list":{"0":"post-676","1":"product","2":"type-product","3":"status-publish","4":"has-post-thumbnail","6":"product_cat-relief-sculpture","8":"first","9":"instock","10":"shipping-taxable","11":"product-type-simple"},"_links":{"self":[{"href":"https:\/\/sculptureshome.com\/de\/wp-json\/wp\/v2\/product\/676","targetHints":{"allow":["GET"]}}],"collection":[{"href":"https:\/\/sculptureshome.com\/de\/wp-json\/wp\/v2\/product"}],"about":[{"href":"https:\/\/sculptureshome.com\/de\/wp-json\/wp\/v2\/types\/product"}],"replies":[{"embeddable":true,"href":"https:\/\/sculptureshome.com\/de\/wp-json\/wp\/v2\/comments?post=676"}],"version-history":[{"count":0,"href":"https:\/\/sculptureshome.com\/de\/wp-json\/wp\/v2\/product\/676\/revisions"}],"wp:featuredmedia":[{"embeddable":true,"href":"https:\/\/sculptureshome.com\/de\/wp-json\/wp\/v2\/media\/677"}],"wp:attachment":[{"href":"https:\/\/sculptureshome.com\/de\/wp-json\/wp\/v2\/media?parent=676"}],"wp:term":[{"taxonomy":"product_brand","embeddable":true,"href":"https:\/\/sculptureshome.com\/de\/wp-json\/wp\/v2\/product_brand?post=676"},{"taxonomy":"product_cat","embeddable":true,"href":"https:\/\/sculptureshome.com\/de\/wp-json\/wp\/v2\/product_cat?post=676"},{"taxonomy":"product_tag","embeddable":true,"href":"https:\/\/sculptureshome.com\/de\/wp-json\/wp\/v2\/product_tag?post=676"}],"curies":[{"name":"wp","href":"https:\/\/api.w.org\/{rel}","templated":true}]}}