{"id":663,"date":"2024-01-28T13:28:25","date_gmt":"2024-01-28T13:28:25","guid":{"rendered":"https:\/\/sculptureshome.com\/?post_type=product&#038;p=663"},"modified":"2024-01-28T13:28:41","modified_gmt":"2024-01-28T13:28:41","slug":"chinesischer-drache-relief-wandskulptur-schnitzmuster","status":"publish","type":"product","link":"https:\/\/sculptureshome.com\/de\/product\/chinese-dragon-relief-wall-sculpture-carving-patterns\/","title":{"rendered":"Chinesischer Drache Relief Wandskulptur Schnitzmuster"},"content":{"rendered":"<div class=\"attribute-list\">\n<div class=\"attribute-item\">\n<div class=\"left\" data-spm-anchor-id=\"a2700.details.0.i83.18e03a8bycEO57\">Projektl\u00f6sungskompetenz: Grafikdesign, 3D-Modelldesign, Gesamtl\u00f6sung f\u00fcr Projekte<\/div>\n<div class=\"right\">Anwendung: Park<\/div>\n<div>Design-Stil: Traditionell<\/div>\n<\/div>\n<div class=\"attribute-item\">\n<div class=\"left\" data-spm-anchor-id=\"a2700.details.0.i84.18e03a8bycEO57\">Typ: Wanddekoration<\/div>\n<\/div>\n<\/div>\n<div class=\"attribute-list\">\n<div class=\"attribute-item\">\n<div class=\"left\">Garantie: Lebenslang<\/div>\n<div class=\"right\">Herkunftsort: Guangdong, China<\/div>\n<div class=\"right\">Rohmaterial: Lehm<\/div>\n<\/div>\n<div class=\"attribute-item\">\n<div class=\"right\">Farbe: Gelb, Gr\u00fcn, Blau<\/div>\n<div>Oberfl\u00e4che: Gl\u00e4nzend und unglasiert<\/div>\n<\/div>\n<div class=\"attribute-item\">\n<div class=\"left\">Frostbest\u00e4ndigkeit: -45 \u00b0c<\/div>\n<div class=\"right\">Technik: Gesintert<\/div>\n<div>Vorteil: Handarbeit<\/div>\n<\/div>\n<div class=\"attribute-item\">\n<div class=\"left\">Wasserabsorption: 6%<\/div>\n<\/div>\n<div class=\"attribute-item\">\n<div class=\"left\">Anwendung: f\u00fcr Pflasterung und Wanddekoration<\/div>\n<div class=\"right\"><\/div>\n<\/div>\n<\/div>","protected":false},"excerpt":{"rendered":"<p>Projektl\u00f6sungskompetenz: Grafikdesign, 3D-Modelldesign, Gesamtl\u00f6sung f\u00fcr Projekte Anwendung: Parkgestaltung Stil: Traditionell Typ: Wanddekoration Garantie: Lebenslang Herkunftsort: Guangdong, China Rohmaterial: Lehm Farbe: Gelb, Gr\u00fcn, Blau Oberfl\u00e4che: Gl\u00e4nzend und unglasiert Frostbest\u00e4ndigkeit: -45 \u00b0c Technik: Gesintert Vorteil: Handgefertigt Wasseraufnahme: 6% Anwendung: f\u00fcr Pflasterung und Wanddekoration<\/p>","protected":false},"featured_media":664,"comment_status":"open","ping_status":"closed","template":"","meta":[],"product_brand":[],"product_cat":[27],"product_tag":[],"class_list":{"0":"post-663","1":"product","2":"type-product","3":"status-publish","4":"has-post-thumbnail","6":"product_cat-relief-sculpture","8":"first","9":"instock","10":"shipping-taxable","11":"product-type-simple"},"_links":{"self":[{"href":"https:\/\/sculptureshome.com\/de\/wp-json\/wp\/v2\/product\/663","targetHints":{"allow":["GET"]}}],"collection":[{"href":"https:\/\/sculptureshome.com\/de\/wp-json\/wp\/v2\/product"}],"about":[{"href":"https:\/\/sculptureshome.com\/de\/wp-json\/wp\/v2\/types\/product"}],"replies":[{"embeddable":true,"href":"https:\/\/sculptureshome.com\/de\/wp-json\/wp\/v2\/comments?post=663"}],"version-history":[{"count":0,"href":"https:\/\/sculptureshome.com\/de\/wp-json\/wp\/v2\/product\/663\/revisions"}],"wp:featuredmedia":[{"embeddable":true,"href":"https:\/\/sculptureshome.com\/de\/wp-json\/wp\/v2\/media\/664"}],"wp:attachment":[{"href":"https:\/\/sculptureshome.com\/de\/wp-json\/wp\/v2\/media?parent=663"}],"wp:term":[{"taxonomy":"product_brand","embeddable":true,"href":"https:\/\/sculptureshome.com\/de\/wp-json\/wp\/v2\/product_brand?post=663"},{"taxonomy":"product_cat","embeddable":true,"href":"https:\/\/sculptureshome.com\/de\/wp-json\/wp\/v2\/product_cat?post=663"},{"taxonomy":"product_tag","embeddable":true,"href":"https:\/\/sculptureshome.com\/de\/wp-json\/wp\/v2\/product_tag?post=663"}],"curies":[{"name":"wp","href":"https:\/\/api.w.org\/{rel}","templated":true}]}}