{"id":647,"date":"2024-01-28T09:52:32","date_gmt":"2024-01-28T09:52:32","guid":{"rendered":"https:\/\/sculptureshome.com\/?post_type=product&#038;p=647"},"modified":"2024-01-28T09:52:32","modified_gmt":"2024-01-28T09:52:32","slug":"gartenstatuen-dekoration-im-freien-tierfiguren","status":"publish","type":"product","link":"https:\/\/sculptureshome.com\/de\/product\/garden-statues-decoration-outdoor-animal-figurines\/","title":{"rendered":"Garten Statuen Dekoration Outdoor Tierfiguren"},"content":{"rendered":"<div class=\"attribute-item\">\n<div class=\"left\" data-spm-anchor-id=\"a2700.wholesale.0.i82.76f87094bWeYYr\">Herkunftsort: Guangdong, China<\/div>\n<div class=\"right\">Material: Kunstharz<\/div>\n<div>Stil: Retro<\/div>\n<div>Verwendung: Heimdekoration<\/div>\n<\/div>\n<div class=\"attribute-item\">\n<div class=\"left\">Regionales Merkmal: Europa<\/div>\n<div class=\"left\">Farbe: wei\u00df<\/div>\n<\/div>\n<div class=\"attribute-item\">\n<div class=\"right\">Gr\u00f6\u00dfe: S, M , L<\/div>\n<div>Prozess: Gemalt<\/div>\n<\/div>\n<div class=\"attribute-item\">\n<div class=\"left\">Funktion: Dekoration<\/div>\n<\/div>\n<div class=\"attribute-item\">\n<div class=\"right\"><\/div>\n<\/div>","protected":false},"excerpt":{"rendered":"<p>Ort der Herkunft: Guangdong, China Material: Harz Stil: Retro Verwendung: Heimdekoration Regionales Merkmal: Europa Farbe: wei\u00df Gr\u00f6\u00dfe: S, M , L Prozess: Gemalt Funktion: Dekoration<\/p>","protected":false},"featured_media":648,"comment_status":"open","ping_status":"closed","template":"","meta":[],"product_brand":[],"product_cat":[26],"product_tag":[],"class_list":{"0":"post-647","1":"product","2":"type-product","3":"status-publish","4":"has-post-thumbnail","6":"product_cat-landscape-sculpture","8":"first","9":"instock","10":"shipping-taxable","11":"product-type-simple"},"_links":{"self":[{"href":"https:\/\/sculptureshome.com\/de\/wp-json\/wp\/v2\/product\/647","targetHints":{"allow":["GET"]}}],"collection":[{"href":"https:\/\/sculptureshome.com\/de\/wp-json\/wp\/v2\/product"}],"about":[{"href":"https:\/\/sculptureshome.com\/de\/wp-json\/wp\/v2\/types\/product"}],"replies":[{"embeddable":true,"href":"https:\/\/sculptureshome.com\/de\/wp-json\/wp\/v2\/comments?post=647"}],"version-history":[{"count":0,"href":"https:\/\/sculptureshome.com\/de\/wp-json\/wp\/v2\/product\/647\/revisions"}],"wp:featuredmedia":[{"embeddable":true,"href":"https:\/\/sculptureshome.com\/de\/wp-json\/wp\/v2\/media\/648"}],"wp:attachment":[{"href":"https:\/\/sculptureshome.com\/de\/wp-json\/wp\/v2\/media?parent=647"}],"wp:term":[{"taxonomy":"product_brand","embeddable":true,"href":"https:\/\/sculptureshome.com\/de\/wp-json\/wp\/v2\/product_brand?post=647"},{"taxonomy":"product_cat","embeddable":true,"href":"https:\/\/sculptureshome.com\/de\/wp-json\/wp\/v2\/product_cat?post=647"},{"taxonomy":"product_tag","embeddable":true,"href":"https:\/\/sculptureshome.com\/de\/wp-json\/wp\/v2\/product_tag?post=647"}],"curies":[{"name":"wp","href":"https:\/\/api.w.org\/{rel}","templated":true}]}}