{"id":639,"date":"2024-01-28T09:47:57","date_gmt":"2024-01-28T09:47:57","guid":{"rendered":"https:\/\/sculptureshome.com\/?post_type=product&#038;p=639"},"modified":"2024-01-28T09:47:57","modified_gmt":"2024-01-28T09:47:57","slug":"kunstgras-tier-formschnitt-landschaft-harz-bar-statue","status":"publish","type":"product","link":"https:\/\/sculptureshome.com\/de\/product\/artificial-grass-animal-topiary-landscape-resin-bear-statue\/","title":{"rendered":"Kunstrasen Tier Formschnitt Landschaft Harz B\u00e4r Statue"},"content":{"rendered":"<div class=\"attribute-list\">\n<div class=\"attribute-item\">\n<div class=\"left\" data-spm-anchor-id=\"a2700.details.0.i83.6d1dcc48ASKJqT\">Thema: Blume<\/div>\n<\/div>\n<\/div>\n<div class=\"attribute-list\">\n<div class=\"attribute-item\">\n<div class=\"left\">Ort der Herkunft: Guangdong, China<\/div>\n<div class=\"right\">Material: Kunstharz<\/div>\n<div>Stil: Feng Shui<\/div>\n<\/div>\n<div class=\"attribute-item\">\n<div class=\"left\">Verwendung: Kunst &amp; Sammlerst\u00fccke<\/div>\n<\/div>\n<div class=\"attribute-item\">\n<div class=\"left\">Material: Fiberglas, Harz<\/div>\n<div class=\"right\">Gr\u00f6\u00dfe: Kundenspezifische Gr\u00f6\u00dfe<\/div>\n<div>Farbe: Golden, schwarz, wei\u00df, gelb oder wie erforderlich<\/div>\n<\/div>\n<div class=\"attribute-item\">\n<div class=\"left\">Verwendung: Dekoration<\/div>\n<div class=\"right\">Ma\u00dfgeschneidert: Verf\u00fcgbar<\/div>\n<div>\n<div class=\"left\">Aufstellung: Direkt im Au\u00dfen-\/Innenbereich aufstellen<\/div>\n<div class=\"right\"><\/div>\n<\/div>\n<\/div>\n<div class=\"attribute-item\">\n<div class=\"left\"><\/div>\n<div class=\"right\">\n&nbsp;<\/p>\n<\/div>\n<\/div>\n<div class=\"attribute-item\">\n<div class=\"left\"><\/div>\n<div class=\"right\">\n&nbsp;<\/p>\n<\/div>\n<\/div>\n<div class=\"attribute-item\">\n<div class=\"left\"><\/div>\n<div class=\"right\">\n&nbsp;<\/p>\n<\/div>\n<\/div>\n<div class=\"attribute-item\">\n<div class=\"right\"><\/div>\n<\/div>\n<\/div>","protected":false},"excerpt":{"rendered":"<p>Thema: Blume Herkunftsort: Guangdong, China Material: Kunstharz Stil: Feng Shui Verwendung: Kunst &amp; Sammlerst\u00fcck Material: Fiberglas, Harz Gr\u00f6\u00dfe: Kundenspezifische Gr\u00f6\u00dfe Farbe: Golden, schwarz, wei\u00df, gelb oder wie erforderlich Verwendung: Dekoration Sonderanfertigung: Verf\u00fcgbar Installation: Platz drau\u00dfen\/innerhalb direkt &nbsp; &nbsp; &nbsp;<\/p>","protected":false},"featured_media":640,"comment_status":"open","ping_status":"closed","template":"","meta":[],"product_brand":[],"product_cat":[26],"product_tag":[],"class_list":{"0":"post-639","1":"product","2":"type-product","3":"status-publish","4":"has-post-thumbnail","6":"product_cat-landscape-sculpture","8":"first","9":"instock","10":"shipping-taxable","11":"product-type-simple"},"_links":{"self":[{"href":"https:\/\/sculptureshome.com\/de\/wp-json\/wp\/v2\/product\/639","targetHints":{"allow":["GET"]}}],"collection":[{"href":"https:\/\/sculptureshome.com\/de\/wp-json\/wp\/v2\/product"}],"about":[{"href":"https:\/\/sculptureshome.com\/de\/wp-json\/wp\/v2\/types\/product"}],"replies":[{"embeddable":true,"href":"https:\/\/sculptureshome.com\/de\/wp-json\/wp\/v2\/comments?post=639"}],"version-history":[{"count":0,"href":"https:\/\/sculptureshome.com\/de\/wp-json\/wp\/v2\/product\/639\/revisions"}],"wp:featuredmedia":[{"embeddable":true,"href":"https:\/\/sculptureshome.com\/de\/wp-json\/wp\/v2\/media\/640"}],"wp:attachment":[{"href":"https:\/\/sculptureshome.com\/de\/wp-json\/wp\/v2\/media?parent=639"}],"wp:term":[{"taxonomy":"product_brand","embeddable":true,"href":"https:\/\/sculptureshome.com\/de\/wp-json\/wp\/v2\/product_brand?post=639"},{"taxonomy":"product_cat","embeddable":true,"href":"https:\/\/sculptureshome.com\/de\/wp-json\/wp\/v2\/product_cat?post=639"},{"taxonomy":"product_tag","embeddable":true,"href":"https:\/\/sculptureshome.com\/de\/wp-json\/wp\/v2\/product_tag?post=639"}],"curies":[{"name":"wp","href":"https:\/\/api.w.org\/{rel}","templated":true}]}}