{"id":599,"date":"2024-01-28T09:27:52","date_gmt":"2024-01-28T09:27:52","guid":{"rendered":"https:\/\/sculptureshome.com\/?post_type=product&#038;p=599"},"modified":"2024-01-28T09:27:52","modified_gmt":"2024-01-28T09:27:52","slug":"skulptur-eines-reisenden-aus-bronzeguss","status":"publish","type":"product","link":"https:\/\/sculptureshome.com\/de\/product\/cast-bronze-traveler-sculpture\/","title":{"rendered":"Skulptur eines Reisenden aus Bronzeguss"},"content":{"rendered":"<div class=\"attribute-item\">\n<div class=\"left\">Herkunftsort\uff1aGuangdong, China<\/div>\n<\/div>\n<div class=\"attribute-item\">\n<div class=\"left\">Material: Metall<\/div>\n<div class=\"right\">Drucken: Buchdruck<\/div>\n<div>Druckverfahren: 1 Farbe, 2 Farben, 4 Farben, 5 Farben, 6 Farben<\/div>\n<\/div>\n<div class=\"attribute-item\">\n<div class=\"left\">Die Technik: Gie\u00dfen<\/div>\n<div class=\"right\">Stil: Volkskunst<\/div>\n<\/div>\n<div class=\"attribute-item\">\n<div class=\"left\">Thema: Bronze-Ganesha-Skulptur<\/div>\n<\/div>\n<div class=\"attribute-item\">\n<div class=\"left\">Farbe: Benutzerdefinierte Farbe<\/div>\n<div class=\"right\">Verwendung: Landschaftliche Dekoration<\/div>\n<div>Gr\u00f6\u00dfe: Kundenindividuelle Gr\u00f6\u00dfen<\/div>\n<\/div>\n<div class=\"attribute-item\">\n<div class=\"left\">Form: Formen nach Ma\u00df<\/div>\n<div class=\"right\">Verfahren: Druckgie\u00dfen+Polieren+Beschichten<\/div>\n<\/div>\n<div class=\"attribute-item\">\n<div class=\"left\">Material: Bronzen<\/div>\n<div class=\"right\"><\/div>\n<\/div>","protected":false},"excerpt":{"rendered":"<p>Herkunftsort: Guangdong, China Material: Metall Druck: Buchdruck Druckmethode: 1 Farbe, 2 Farbe, 4 Farbe, 5 Farbe, 6 Farbe Technik: Guss Stil: Volkskunst Thema: Bronze Ganesha Skulptur Farbe: Benutzerdefinierte Farbe Verwendung: Landschaftliche Dekoration Gr\u00f6\u00dfe: Customzied Gr\u00f6\u00dfen Form: Formen kundenspezifisch Prozess: Druckguss+Polieren+Beschichten Material: Bronzen<\/p>","protected":false},"featured_media":600,"comment_status":"open","ping_status":"closed","template":"","meta":[],"product_brand":[],"product_cat":[26],"product_tag":[],"class_list":{"0":"post-599","1":"product","2":"type-product","3":"status-publish","4":"has-post-thumbnail","6":"product_cat-landscape-sculpture","8":"first","9":"instock","10":"shipping-taxable","11":"product-type-simple"},"_links":{"self":[{"href":"https:\/\/sculptureshome.com\/de\/wp-json\/wp\/v2\/product\/599","targetHints":{"allow":["GET"]}}],"collection":[{"href":"https:\/\/sculptureshome.com\/de\/wp-json\/wp\/v2\/product"}],"about":[{"href":"https:\/\/sculptureshome.com\/de\/wp-json\/wp\/v2\/types\/product"}],"replies":[{"embeddable":true,"href":"https:\/\/sculptureshome.com\/de\/wp-json\/wp\/v2\/comments?post=599"}],"version-history":[{"count":0,"href":"https:\/\/sculptureshome.com\/de\/wp-json\/wp\/v2\/product\/599\/revisions"}],"wp:featuredmedia":[{"embeddable":true,"href":"https:\/\/sculptureshome.com\/de\/wp-json\/wp\/v2\/media\/600"}],"wp:attachment":[{"href":"https:\/\/sculptureshome.com\/de\/wp-json\/wp\/v2\/media?parent=599"}],"wp:term":[{"taxonomy":"product_brand","embeddable":true,"href":"https:\/\/sculptureshome.com\/de\/wp-json\/wp\/v2\/product_brand?post=599"},{"taxonomy":"product_cat","embeddable":true,"href":"https:\/\/sculptureshome.com\/de\/wp-json\/wp\/v2\/product_cat?post=599"},{"taxonomy":"product_tag","embeddable":true,"href":"https:\/\/sculptureshome.com\/de\/wp-json\/wp\/v2\/product_tag?post=599"}],"curies":[{"name":"wp","href":"https:\/\/api.w.org\/{rel}","templated":true}]}}