{"id":591,"date":"2024-01-28T09:23:21","date_gmt":"2024-01-28T09:23:21","guid":{"rendered":"https:\/\/sculptureshome.com\/?post_type=product&#038;p=591"},"modified":"2024-02-10T06:25:18","modified_gmt":"2024-02-10T06:25:18","slug":"outdoor-garten-harz-cartoon-kaninchen-landschaft-skulptur","status":"publish","type":"product","link":"https:\/\/sculptureshome.com\/de\/product\/outdoor-garden-resin-cartoon-rabbit-landscape-sculpture\/","title":{"rendered":"Outdoor Garten Harz Cartoon Kaninchen Landschaft Skulptur"},"content":{"rendered":"<div class=\"attribute-item\">\n<div class=\"left\">Herkunftsort\uff1aGuangdong, China<\/div>\n<div>Material\uff1aHarz<\/div>\n<\/div>\n<div class=\"attribute-item\">\n<div class=\"left\">Verwendung\uff1aHausdekoration<\/div>\n<\/div>\n<div class=\"attribute-item\">\n<div class=\"left\">Verwendung\uff1aHaushaltsdekorationen.Geschenke<\/div>\n<div class=\"right\">Gr\u00f6\u00dfe\uff1aKundenindividuelle Gr\u00f6\u00dfe<\/div>\n<div>Farbe\uff1aAngepasst<\/div>\n<\/div>\n<div class=\"attribute-item\">\n<div class=\"left\">Material\uff1aHarz Polyresin Polyesterharz<\/div>\n<\/div>\n<div class=\"attribute-item\">\n<div class=\"left\">Logo\uff1aAngepasst<\/div>\n<div class=\"right\">Design\uff1aKundenindividuelle Designs akzeptabel<br \/>\n&nbsp;<\/p>\n<\/div>\n<\/div>\n<div class=\"attribute-item\">\n<div class=\"left\"><\/div>\n<div class=\"right\"><\/div>\n<\/div>","protected":false},"excerpt":{"rendered":"<p>Herkunftsort: Guangdong, China Material: Harz Verwendung: Heimdekoration Verwendung: Heimdekoration, Geschenke Gr\u00f6\u00dfe: kundenspezifische Gr\u00f6\u00dfe Farbe: kundenspezifisches Material: Harz Polyresin Polyesterharz Logo: kundenspezifisches Design: kundenspezifische Designs akzeptabel &nbsp;<\/p>","protected":false},"featured_media":592,"comment_status":"open","ping_status":"closed","template":"","meta":[],"product_brand":[],"product_cat":[28],"product_tag":[],"class_list":{"0":"post-591","1":"product","2":"type-product","3":"status-publish","4":"has-post-thumbnail","6":"product_cat-resin-sculpture","8":"first","9":"instock","10":"shipping-taxable","11":"product-type-simple"},"_links":{"self":[{"href":"https:\/\/sculptureshome.com\/de\/wp-json\/wp\/v2\/product\/591","targetHints":{"allow":["GET"]}}],"collection":[{"href":"https:\/\/sculptureshome.com\/de\/wp-json\/wp\/v2\/product"}],"about":[{"href":"https:\/\/sculptureshome.com\/de\/wp-json\/wp\/v2\/types\/product"}],"replies":[{"embeddable":true,"href":"https:\/\/sculptureshome.com\/de\/wp-json\/wp\/v2\/comments?post=591"}],"version-history":[{"count":0,"href":"https:\/\/sculptureshome.com\/de\/wp-json\/wp\/v2\/product\/591\/revisions"}],"wp:featuredmedia":[{"embeddable":true,"href":"https:\/\/sculptureshome.com\/de\/wp-json\/wp\/v2\/media\/592"}],"wp:attachment":[{"href":"https:\/\/sculptureshome.com\/de\/wp-json\/wp\/v2\/media?parent=591"}],"wp:term":[{"taxonomy":"product_brand","embeddable":true,"href":"https:\/\/sculptureshome.com\/de\/wp-json\/wp\/v2\/product_brand?post=591"},{"taxonomy":"product_cat","embeddable":true,"href":"https:\/\/sculptureshome.com\/de\/wp-json\/wp\/v2\/product_cat?post=591"},{"taxonomy":"product_tag","embeddable":true,"href":"https:\/\/sculptureshome.com\/de\/wp-json\/wp\/v2\/product_tag?post=591"}],"curies":[{"name":"wp","href":"https:\/\/api.w.org\/{rel}","templated":true}]}}