{"id":583,"date":"2024-01-28T09:19:34","date_gmt":"2024-01-28T09:19:34","guid":{"rendered":"https:\/\/sculptureshome.com\/?post_type=product&#038;p=583"},"modified":"2024-03-08T13:06:42","modified_gmt":"2024-03-08T13:06:42","slug":"leichte-struktur-spas-park-landschaft-fiberglas-skulptur-fur-platz","status":"publish","type":"product","link":"https:\/\/sculptureshome.com\/de\/product\/lightweight-structure-fun-park-landscape-fiberglass-sculpture-for-square\/","title":{"rendered":"Leichte Struktur Spa\u00df Park Landschaft Fiberglas-Skulptur f\u00fcr Platz"},"content":{"rendered":"<div class=\"attribute-item\">\n<div class=\"left\" data-spm-anchor-id=\"a2700.details.0.i85.413913abZiTg4f\">Herkunftsort: Guangdong, China<\/div>\n<\/div>\n<div class=\"attribute-item\">\n<div class=\"left\">Material\uff1aHarz<\/div>\n<div class=\"right\">Stil\uff1aFeng Shui<\/div>\n<div>Verwendung\uff1aUrlaubsdekoration &amp; Geschenk<\/div>\n<\/div>\n<div class=\"attribute-item\">\n<div class=\"left\">Verwendung\uff1aOutdoor<\/div>\n<div class=\"right\">Gr\u00f6\u00dfe\uff1aKundenindividuelle Gr\u00f6\u00dfe<\/div>\n<div>Farbe\uff1aKundenindividuelle Farbe<\/div>\n<\/div>\n<div class=\"attribute-item\">\n<div class=\"left\">Design\uff1aKundenindividuelle Designs akzeptabel<\/div>\n<div class=\"right\">Verpackung\uff1aHolzkiste<\/div>\n<\/div>\n<div class=\"attribute-item\">\n<div class=\"right\">\n<div class=\"left\">Logo\uff1aAngepasstes Logo<\/div>\n<div class=\"right\"><\/div>\n<\/div>\n<\/div>\n<div class=\"attribute-item\">\n<div class=\"right\"><\/div>\n<\/div>","protected":false},"excerpt":{"rendered":"<p>Ort der Herkunft: Guangdong, China Material: Harz Stil: Feng Shui Verwendung: Urlaubsdekoration und Geschenk Verwendung: Outdoor Gr\u00f6\u00dfe: kundenspezifische Gr\u00f6\u00dfe Farbe: kundenspezifisches Farbdesign: kundenspezifische Designs akzeptable Verpackung: Holzkiste Logo: kundenspezifisches Logo<\/p>","protected":false},"featured_media":584,"comment_status":"open","ping_status":"closed","template":"","meta":[],"product_brand":[],"product_cat":[30,26],"product_tag":[],"class_list":{"0":"post-583","1":"product","2":"type-product","3":"status-publish","4":"has-post-thumbnail","6":"product_cat-fiberglass-sculpture","7":"product_cat-landscape-sculpture","9":"first","10":"instock","11":"shipping-taxable","12":"product-type-simple"},"_links":{"self":[{"href":"https:\/\/sculptureshome.com\/de\/wp-json\/wp\/v2\/product\/583","targetHints":{"allow":["GET"]}}],"collection":[{"href":"https:\/\/sculptureshome.com\/de\/wp-json\/wp\/v2\/product"}],"about":[{"href":"https:\/\/sculptureshome.com\/de\/wp-json\/wp\/v2\/types\/product"}],"replies":[{"embeddable":true,"href":"https:\/\/sculptureshome.com\/de\/wp-json\/wp\/v2\/comments?post=583"}],"version-history":[{"count":0,"href":"https:\/\/sculptureshome.com\/de\/wp-json\/wp\/v2\/product\/583\/revisions"}],"wp:featuredmedia":[{"embeddable":true,"href":"https:\/\/sculptureshome.com\/de\/wp-json\/wp\/v2\/media\/584"}],"wp:attachment":[{"href":"https:\/\/sculptureshome.com\/de\/wp-json\/wp\/v2\/media?parent=583"}],"wp:term":[{"taxonomy":"product_brand","embeddable":true,"href":"https:\/\/sculptureshome.com\/de\/wp-json\/wp\/v2\/product_brand?post=583"},{"taxonomy":"product_cat","embeddable":true,"href":"https:\/\/sculptureshome.com\/de\/wp-json\/wp\/v2\/product_cat?post=583"},{"taxonomy":"product_tag","embeddable":true,"href":"https:\/\/sculptureshome.com\/de\/wp-json\/wp\/v2\/product_tag?post=583"}],"curies":[{"name":"wp","href":"https:\/\/api.w.org\/{rel}","templated":true}]}}