{"id":575,"date":"2024-01-28T08:54:35","date_gmt":"2024-01-28T08:54:35","guid":{"rendered":"https:\/\/sculptureshome.com\/?post_type=product&#038;p=575"},"modified":"2024-01-28T08:54:35","modified_gmt":"2024-01-28T08:54:35","slug":"moderne-kunst-figur-skulptur-harz-ornamente","status":"publish","type":"product","link":"https:\/\/sculptureshome.com\/de\/product\/modern-art-figure-sculpture-resin-ornaments\/","title":{"rendered":"Moderne Kunst Figur Skulptur Harz Ornamente"},"content":{"rendered":"<div class=\"attribute-item\">\n<div class=\"left\" data-spm-anchor-id=\"a2700.details.0.i84.542c7febNDpM2q\">Herkunftsort: Guangdong, China<\/div>\n<div class=\"right\">Material: Kunstharz<\/div>\n<div>Stil: Modern<\/div>\n<\/div>\n<div class=\"attribute-item\">\n<div class=\"left\">Verwendung: Dekoration &amp; Geschenk<\/div>\n<\/div>\n<div class=\"attribute-item\">\n<div class=\"left\">Verwendung: Haus Dekorationen.Geschenke<\/div>\n<\/div>\n<div class=\"attribute-item\">\n<div class=\"left\">Farbe: Schwarz und Wei\u00df passend zur Farbe<\/div>\n<div class=\"right\">Produkttyp: Skulptur Dekoration<\/div>\n<div>Gr\u00f6\u00dfe: Kundenspezifische Gr\u00f6\u00dfe<\/div>\n<\/div>","protected":false},"excerpt":{"rendered":"<p>Ort der Herkunft: Guangdong, China Material: Kunstharz Stil: Modern Verwendung: Dekoration &amp; Geschenk Verwendung: Home Decorations.Gifts Farbe: Schwarz und wei\u00df Farbe passend Produkttyp: Skulptur Dekoration Gr\u00f6\u00dfe: Kundenspezifische Gr\u00f6\u00dfe<\/p>","protected":false},"featured_media":576,"comment_status":"open","ping_status":"closed","template":"","meta":[],"product_brand":[],"product_cat":[25],"product_tag":[],"class_list":{"0":"post-575","1":"product","2":"type-product","3":"status-publish","4":"has-post-thumbnail","6":"product_cat-decorative-sculpture","8":"first","9":"instock","10":"shipping-taxable","11":"product-type-simple"},"_links":{"self":[{"href":"https:\/\/sculptureshome.com\/de\/wp-json\/wp\/v2\/product\/575","targetHints":{"allow":["GET"]}}],"collection":[{"href":"https:\/\/sculptureshome.com\/de\/wp-json\/wp\/v2\/product"}],"about":[{"href":"https:\/\/sculptureshome.com\/de\/wp-json\/wp\/v2\/types\/product"}],"replies":[{"embeddable":true,"href":"https:\/\/sculptureshome.com\/de\/wp-json\/wp\/v2\/comments?post=575"}],"version-history":[{"count":0,"href":"https:\/\/sculptureshome.com\/de\/wp-json\/wp\/v2\/product\/575\/revisions"}],"wp:featuredmedia":[{"embeddable":true,"href":"https:\/\/sculptureshome.com\/de\/wp-json\/wp\/v2\/media\/576"}],"wp:attachment":[{"href":"https:\/\/sculptureshome.com\/de\/wp-json\/wp\/v2\/media?parent=575"}],"wp:term":[{"taxonomy":"product_brand","embeddable":true,"href":"https:\/\/sculptureshome.com\/de\/wp-json\/wp\/v2\/product_brand?post=575"},{"taxonomy":"product_cat","embeddable":true,"href":"https:\/\/sculptureshome.com\/de\/wp-json\/wp\/v2\/product_cat?post=575"},{"taxonomy":"product_tag","embeddable":true,"href":"https:\/\/sculptureshome.com\/de\/wp-json\/wp\/v2\/product_tag?post=575"}],"curies":[{"name":"wp","href":"https:\/\/api.w.org\/{rel}","templated":true}]}}