{"id":567,"date":"2024-01-28T08:50:33","date_gmt":"2024-01-28T08:50:33","guid":{"rendered":"https:\/\/sculptureshome.com\/?post_type=product&#038;p=567"},"modified":"2024-02-10T06:26:06","modified_gmt":"2024-02-10T06:26:06","slug":"benutzerdefinierte-kupfer-hirsche-fur-dekor-riesige-tier-statue","status":"publish","type":"product","link":"https:\/\/sculptureshome.com\/de\/product\/custom-copper-deer-for-decor-giant-animal-statue\/","title":{"rendered":"Benutzerdefinierte Kupfer Hirsch f\u00fcr Dekor Riesige Tier Statue"},"content":{"rendered":"<div class=\"attribute-item\">\n<div class=\"left\" data-spm-anchor-id=\"a2700.details.0.i75.1f076726idQAzw\">Herkunftsort: Guangdong, China<\/div>\n<div class=\"right\">Material: Kunstharz<\/div>\n<div>Stil: K\u00fcnstlich<\/div>\n<\/div>\n<div class=\"attribute-item\">\n<div class=\"left\">Verwendung: Heimdekoration<\/div>\n<div class=\"right\">Regionales Merkmal: China<\/div>\n<\/div>\n<div class=\"attribute-item\">\n<div class=\"left\">Gr\u00f6\u00dfe: Kundenspezifische Gr\u00f6\u00dfe<\/div>\n<div class=\"right\">Farbe: Kundenspezifische Farbe<\/div>\n<\/div>\n<div class=\"attribute-item\">\n<div class=\"left\">Material: Fiberglas<\/div>\n<div class=\"right\">Logo: Kundenspezifisches Logo Akzeptieren<\/div>\n<div>Form: Kundenspezifische Form<\/div>\n<\/div>\n<div class=\"attribute-item\">\n<div class=\"left\">Funktion: Decoraive<\/div>\n<div class=\"right\">\n&nbsp;<\/p>\n<\/div>\n<\/div>\n<div class=\"attribute-item\">\n<div class=\"left\"><\/div>\n<div class=\"right\">\n&nbsp;<\/p>\n<\/div>\n<\/div>\n<div class=\"attribute-item\">\n<div class=\"left\"><\/div>\n<div class=\"right\"><\/div>\n<\/div>","protected":false},"excerpt":{"rendered":"<p>Ort der Herkunft: Guangdong, China Material: Kunstharz Stil: K\u00fcnstlich Verwendung: Heimdekoration Regionales Merkmal: China Gr\u00f6\u00dfe: Kundenspezifische Gr\u00f6\u00dfe Farbe: Kundenspezifische Farbe Material: Fiberglas Logo: Kundenspezifisches Logo Akzeptieren Form: Kundengebundene Form Funktion: Decoraive &nbsp; &nbsp;<\/p>","protected":false},"featured_media":568,"comment_status":"open","ping_status":"closed","template":"","meta":[],"product_brand":[],"product_cat":[30],"product_tag":[],"class_list":{"0":"post-567","1":"product","2":"type-product","3":"status-publish","4":"has-post-thumbnail","6":"product_cat-fiberglass-sculpture","8":"first","9":"instock","10":"shipping-taxable","11":"product-type-simple"},"_links":{"self":[{"href":"https:\/\/sculptureshome.com\/de\/wp-json\/wp\/v2\/product\/567","targetHints":{"allow":["GET"]}}],"collection":[{"href":"https:\/\/sculptureshome.com\/de\/wp-json\/wp\/v2\/product"}],"about":[{"href":"https:\/\/sculptureshome.com\/de\/wp-json\/wp\/v2\/types\/product"}],"replies":[{"embeddable":true,"href":"https:\/\/sculptureshome.com\/de\/wp-json\/wp\/v2\/comments?post=567"}],"version-history":[{"count":0,"href":"https:\/\/sculptureshome.com\/de\/wp-json\/wp\/v2\/product\/567\/revisions"}],"wp:featuredmedia":[{"embeddable":true,"href":"https:\/\/sculptureshome.com\/de\/wp-json\/wp\/v2\/media\/568"}],"wp:attachment":[{"href":"https:\/\/sculptureshome.com\/de\/wp-json\/wp\/v2\/media?parent=567"}],"wp:term":[{"taxonomy":"product_brand","embeddable":true,"href":"https:\/\/sculptureshome.com\/de\/wp-json\/wp\/v2\/product_brand?post=567"},{"taxonomy":"product_cat","embeddable":true,"href":"https:\/\/sculptureshome.com\/de\/wp-json\/wp\/v2\/product_cat?post=567"},{"taxonomy":"product_tag","embeddable":true,"href":"https:\/\/sculptureshome.com\/de\/wp-json\/wp\/v2\/product_tag?post=567"}],"curies":[{"name":"wp","href":"https:\/\/api.w.org\/{rel}","templated":true}]}}