{"id":563,"date":"2024-01-28T08:46:33","date_gmt":"2024-01-28T08:46:33","guid":{"rendered":"https:\/\/sculptureshome.com\/?post_type=product&#038;p=563"},"modified":"2024-01-28T08:46:33","modified_gmt":"2024-01-28T08:46:33","slug":"religiose-dekorative-bildhauerei","status":"publish","type":"product","link":"https:\/\/sculptureshome.com\/de\/product\/religious-decorative-sculpture\/","title":{"rendered":"Religi\u00f6se dekorative Bildhauerei"},"content":{"rendered":"<div class=\"attribute-item\">\n<div class=\"left\">Herkunftsort\uff1aGuangdong, China<\/div>\n<div class=\"right\">Material: Kunstharz<\/div>\n<div>Stil: Religi\u00f6s<\/div>\n<\/div>\n<div class=\"attribute-item\">\n<div class=\"left\">Material: Kunststoff<\/div>\n<\/div>\n<div class=\"attribute-item\">\n<div class=\"left\">Verwendung: Dekorationen, Geschenke<\/div>\n<div class=\"right\">Gr\u00f6\u00dfe: Abbildung abgebildet<\/div>\n<div>Farbe: Foto abgebildet<\/div>\n<\/div>\n<div class=\"attribute-item\">\n<div class=\"left\">Art: Dekor-Skulptur<\/div>\n<\/div>\n<div class=\"attribute-item\">\n<div class=\"left\"><\/div>\n<div class=\"right\"><\/div>\n<\/div>","protected":false},"excerpt":{"rendered":"<p>Herkunftsort: Guangdong, China Material: Kunstharz Stil: Religi\u00f6s Material: Plastik Verwendung: Dekorationen.Geschenke Gr\u00f6\u00dfe: Picture Shown Farbe: Photo Shown Typ: Dekor-Skulptur<\/p>","protected":false},"featured_media":564,"comment_status":"open","ping_status":"closed","template":"","meta":[],"product_brand":[],"product_cat":[25],"product_tag":[],"class_list":{"0":"post-563","1":"product","2":"type-product","3":"status-publish","4":"has-post-thumbnail","6":"product_cat-decorative-sculpture","8":"first","9":"instock","10":"shipping-taxable","11":"product-type-simple"},"_links":{"self":[{"href":"https:\/\/sculptureshome.com\/de\/wp-json\/wp\/v2\/product\/563","targetHints":{"allow":["GET"]}}],"collection":[{"href":"https:\/\/sculptureshome.com\/de\/wp-json\/wp\/v2\/product"}],"about":[{"href":"https:\/\/sculptureshome.com\/de\/wp-json\/wp\/v2\/types\/product"}],"replies":[{"embeddable":true,"href":"https:\/\/sculptureshome.com\/de\/wp-json\/wp\/v2\/comments?post=563"}],"version-history":[{"count":0,"href":"https:\/\/sculptureshome.com\/de\/wp-json\/wp\/v2\/product\/563\/revisions"}],"wp:featuredmedia":[{"embeddable":true,"href":"https:\/\/sculptureshome.com\/de\/wp-json\/wp\/v2\/media\/564"}],"wp:attachment":[{"href":"https:\/\/sculptureshome.com\/de\/wp-json\/wp\/v2\/media?parent=563"}],"wp:term":[{"taxonomy":"product_brand","embeddable":true,"href":"https:\/\/sculptureshome.com\/de\/wp-json\/wp\/v2\/product_brand?post=563"},{"taxonomy":"product_cat","embeddable":true,"href":"https:\/\/sculptureshome.com\/de\/wp-json\/wp\/v2\/product_cat?post=563"},{"taxonomy":"product_tag","embeddable":true,"href":"https:\/\/sculptureshome.com\/de\/wp-json\/wp\/v2\/product_tag?post=563"}],"curies":[{"name":"wp","href":"https:\/\/api.w.org\/{rel}","templated":true}]}}