{"id":547,"date":"2024-01-28T08:36:01","date_gmt":"2024-01-28T08:36:01","guid":{"rendered":"https:\/\/sculptureshome.com\/?post_type=product&#038;p=547"},"modified":"2024-01-28T08:36:01","modified_gmt":"2024-01-28T08:36:01","slug":"heimdekoration-moderne-harzskulptur","status":"publish","type":"product","link":"https:\/\/sculptureshome.com\/de\/product\/home-decor-modern-resin-sculpture\/","title":{"rendered":"Home Decor Moderne Harz-Skulptur"},"content":{"rendered":"<div class=\"attribute-item\">\n<div class=\"left\">Herkunftsort: Guangdong, China<\/div>\n<div class=\"right\">Material: Kunstharz<\/div>\n<div>Stil: K\u00fcnstlich<\/div>\n<\/div>\n<div class=\"attribute-item\">\n<div class=\"left\">Verwendung: Heimdekoration<\/div>\n<div class=\"right\">Regionales Merkmal: Europa<\/div>\n<\/div>\n<div class=\"attribute-item\">\n<div class=\"left\">Material: Kunstharz<\/div>\n<div class=\"right\">Stil: Luxus<\/div>\n<div>Verwendung: Urlaubsdekoration &amp; Geschenk<\/div>\n<\/div>\n<div class=\"attribute-item\">\n<div class=\"left\">Gr\u00f6\u00dfe: Kundenspezifische Gr\u00f6\u00dfe<\/div>\n<div class=\"right\">Farbe: Kundenspezifische Farbe<\/div>\n<\/div>","protected":false},"excerpt":{"rendered":"<p>Ort der Herkunft: Guangdong, China Material: Kunstharz Stil: K\u00fcnstlich Verwendung: Heimdekoration Regionales Merkmal: Europa Material: Harz Stil: Luxus Verwendung: Feiertagsdekoration &amp; Geschenk Gr\u00f6\u00dfe: Kundenspezifische Gr\u00f6\u00dfe Farbe: Kundenspezifische Farbe<\/p>","protected":false},"featured_media":548,"comment_status":"open","ping_status":"closed","template":"","meta":[],"product_brand":[],"product_cat":[25],"product_tag":[],"class_list":{"0":"post-547","1":"product","2":"type-product","3":"status-publish","4":"has-post-thumbnail","6":"product_cat-decorative-sculpture","8":"first","9":"instock","10":"shipping-taxable","11":"product-type-simple"},"_links":{"self":[{"href":"https:\/\/sculptureshome.com\/de\/wp-json\/wp\/v2\/product\/547","targetHints":{"allow":["GET"]}}],"collection":[{"href":"https:\/\/sculptureshome.com\/de\/wp-json\/wp\/v2\/product"}],"about":[{"href":"https:\/\/sculptureshome.com\/de\/wp-json\/wp\/v2\/types\/product"}],"replies":[{"embeddable":true,"href":"https:\/\/sculptureshome.com\/de\/wp-json\/wp\/v2\/comments?post=547"}],"version-history":[{"count":0,"href":"https:\/\/sculptureshome.com\/de\/wp-json\/wp\/v2\/product\/547\/revisions"}],"wp:featuredmedia":[{"embeddable":true,"href":"https:\/\/sculptureshome.com\/de\/wp-json\/wp\/v2\/media\/548"}],"wp:attachment":[{"href":"https:\/\/sculptureshome.com\/de\/wp-json\/wp\/v2\/media?parent=547"}],"wp:term":[{"taxonomy":"product_brand","embeddable":true,"href":"https:\/\/sculptureshome.com\/de\/wp-json\/wp\/v2\/product_brand?post=547"},{"taxonomy":"product_cat","embeddable":true,"href":"https:\/\/sculptureshome.com\/de\/wp-json\/wp\/v2\/product_cat?post=547"},{"taxonomy":"product_tag","embeddable":true,"href":"https:\/\/sculptureshome.com\/de\/wp-json\/wp\/v2\/product_tag?post=547"}],"curies":[{"name":"wp","href":"https:\/\/api.w.org\/{rel}","templated":true}]}}