{"id":540,"date":"2024-01-28T08:31:41","date_gmt":"2024-01-28T08:31:41","guid":{"rendered":"https:\/\/sculptureshome.com\/?post_type=product&#038;p=540"},"modified":"2024-01-28T08:31:41","modified_gmt":"2024-01-28T08:31:41","slug":"modernes-haus-skulpturen-haus-dekor","status":"publish","type":"product","link":"https:\/\/sculptureshome.com\/de\/product\/modern-home-sculptures-house-decor\/","title":{"rendered":"Modernes Haus Skulpturen Haus Dekor"},"content":{"rendered":"<div class=\"attribute-list\">\n<div class=\"attribute-item\">\n<div class=\"left\" data-spm-anchor-id=\"a2700.details.0.i87.767f76f1coIM2G\">Design-Stil\uff1aArt Deco<\/div>\n<\/div>\n<\/div>\n<div class=\"attribute-list\">\n<div class=\"attribute-item\">\n<div class=\"left\">Herkunftsort\uff1aGuangdong, China<\/div>\n<div class=\"right\">Anlass: t\u00e4glich<\/div>\n<\/div>\n<div class=\"attribute-item\">\n<div class=\"right\">Material: Polyresin<\/div>\n<\/div>\n<div class=\"attribute-item\">\n<div class=\"right\">Verwendung: Dekorativ<\/div>\n<div>Die Form: Unregelm\u00e4\u00dfig<\/div>\n<\/div>\n<div class=\"attribute-item\">\n<div class=\"left\">Muster: Hochformat<\/div>\n<div class=\"right\">Thema: Kunst<\/div>\n<\/div>\n<div class=\"attribute-item\">\n<div class=\"left\">Funktion: BEWEGLICH, Heimdekoration<\/div>\n<div class=\"right\">Typ: Heimdekor,Dekoration Skulptur<\/div>\n<div>Material: Polyresin<\/div>\n<\/div>\n<div class=\"attribute-item\">\n<div class=\"left\">Anwendung: Haus, Hotel, B\u00fcro<\/div>\n<\/div>\n<\/div>","protected":false},"excerpt":{"rendered":"<p>Design Style\uff1aArt Deco Herkunftsort\uff1aGuangdong, China Anlass: t\u00e4glich Material: Polyresin Verwendung: Dekorativ Form: Unregelm\u00e4\u00dfig Muster: Portrait Thema: Kunst Funktion: BEWEGLICH, Heimdekoration Typ: Heimdekor, Dekoration Skulptur Material: Polyresin Anwendung: Heim, Hotel, B\u00fcro<\/p>","protected":false},"featured_media":541,"comment_status":"open","ping_status":"closed","template":"","meta":[],"product_brand":[],"product_cat":[25],"product_tag":[],"class_list":{"0":"post-540","1":"product","2":"type-product","3":"status-publish","4":"has-post-thumbnail","6":"product_cat-decorative-sculpture","8":"first","9":"instock","10":"shipping-taxable","11":"product-type-simple"},"_links":{"self":[{"href":"https:\/\/sculptureshome.com\/de\/wp-json\/wp\/v2\/product\/540","targetHints":{"allow":["GET"]}}],"collection":[{"href":"https:\/\/sculptureshome.com\/de\/wp-json\/wp\/v2\/product"}],"about":[{"href":"https:\/\/sculptureshome.com\/de\/wp-json\/wp\/v2\/types\/product"}],"replies":[{"embeddable":true,"href":"https:\/\/sculptureshome.com\/de\/wp-json\/wp\/v2\/comments?post=540"}],"version-history":[{"count":0,"href":"https:\/\/sculptureshome.com\/de\/wp-json\/wp\/v2\/product\/540\/revisions"}],"wp:featuredmedia":[{"embeddable":true,"href":"https:\/\/sculptureshome.com\/de\/wp-json\/wp\/v2\/media\/541"}],"wp:attachment":[{"href":"https:\/\/sculptureshome.com\/de\/wp-json\/wp\/v2\/media?parent=540"}],"wp:term":[{"taxonomy":"product_brand","embeddable":true,"href":"https:\/\/sculptureshome.com\/de\/wp-json\/wp\/v2\/product_brand?post=540"},{"taxonomy":"product_cat","embeddable":true,"href":"https:\/\/sculptureshome.com\/de\/wp-json\/wp\/v2\/product_cat?post=540"},{"taxonomy":"product_tag","embeddable":true,"href":"https:\/\/sculptureshome.com\/de\/wp-json\/wp\/v2\/product_tag?post=540"}],"curies":[{"name":"wp","href":"https:\/\/api.w.org\/{rel}","templated":true}]}}