{"id":516,"date":"2024-01-28T08:17:06","date_gmt":"2024-01-28T08:17:06","guid":{"rendered":"https:\/\/sculptureshome.com\/?post_type=product&#038;p=516"},"modified":"2024-01-28T08:17:06","modified_gmt":"2024-01-28T08:17:06","slug":"hochwertige-anime-figur-aus-harz","status":"publish","type":"product","link":"https:\/\/sculptureshome.com\/de\/product\/high-quality-anime-figure-resin-statue\/","title":{"rendered":"Hochwertige Anime-Figur Harz Statue"},"content":{"rendered":"<div class=\"attribute-list\">\n<div class=\"attribute-item\">\n<div class=\"left\" data-spm-anchor-id=\"a2700.details.0.i66.c7d67f59dmor3v\">Produkttyp: Figur<\/div>\n<div class=\"right\">Thema: TV &amp; Film Charakter<\/div>\n<\/div>\n<\/div>\n<div class=\"attribute-list\">\n<div class=\"attribute-item\">\n<div class=\"left\">Herkunftsort: Guangdong, China<\/div>\n<div class=\"right\">Material: Kunstharz<\/div>\n<div>Stil: K\u00fcnstlich<\/div>\n<\/div>\n<div class=\"attribute-item\">\n<div class=\"left\">Verwendung: Heimdekoration<\/div>\n<\/div>\n<div class=\"attribute-item\">\n<div class=\"left\">Logo: Kundenspezifisches Logo Akzeptieren<\/div>\n<\/div>\n<div class=\"attribute-item\">\n<div class=\"left\">Farbe: Kundenspezifische Farbe<\/div>\n<div class=\"right\">Gr\u00f6\u00dfe: Kundengr\u00f6\u00dfe<br \/>\n&nbsp;<\/p>\n<\/div>\n<\/div>\n<div class=\"attribute-item\">\n<div class=\"left\"><\/div>\n<div class=\"right\"><\/div>\n<\/div>\n<\/div>","protected":false},"excerpt":{"rendered":"<p>Produkttyp: Figur Thema: TV &amp; Film Charakter Herkunftsort: Guangdong, China Material: Kunstharz Stil: K\u00fcnstlich Verwendung: Home Decoration Logo: Kundenspezifisches Logo Akzeptiert Farbe: Kundenspezifische Farbe Gr\u00f6\u00dfe: Kunde Gr\u00f6\u00dfe &nbsp;<\/p>","protected":false},"featured_media":517,"comment_status":"open","ping_status":"closed","template":"","meta":[],"product_brand":[],"product_cat":[25],"product_tag":[],"class_list":{"0":"post-516","1":"product","2":"type-product","3":"status-publish","4":"has-post-thumbnail","6":"product_cat-decorative-sculpture","8":"first","9":"instock","10":"shipping-taxable","11":"product-type-simple"},"_links":{"self":[{"href":"https:\/\/sculptureshome.com\/de\/wp-json\/wp\/v2\/product\/516","targetHints":{"allow":["GET"]}}],"collection":[{"href":"https:\/\/sculptureshome.com\/de\/wp-json\/wp\/v2\/product"}],"about":[{"href":"https:\/\/sculptureshome.com\/de\/wp-json\/wp\/v2\/types\/product"}],"replies":[{"embeddable":true,"href":"https:\/\/sculptureshome.com\/de\/wp-json\/wp\/v2\/comments?post=516"}],"version-history":[{"count":0,"href":"https:\/\/sculptureshome.com\/de\/wp-json\/wp\/v2\/product\/516\/revisions"}],"wp:featuredmedia":[{"embeddable":true,"href":"https:\/\/sculptureshome.com\/de\/wp-json\/wp\/v2\/media\/517"}],"wp:attachment":[{"href":"https:\/\/sculptureshome.com\/de\/wp-json\/wp\/v2\/media?parent=516"}],"wp:term":[{"taxonomy":"product_brand","embeddable":true,"href":"https:\/\/sculptureshome.com\/de\/wp-json\/wp\/v2\/product_brand?post=516"},{"taxonomy":"product_cat","embeddable":true,"href":"https:\/\/sculptureshome.com\/de\/wp-json\/wp\/v2\/product_cat?post=516"},{"taxonomy":"product_tag","embeddable":true,"href":"https:\/\/sculptureshome.com\/de\/wp-json\/wp\/v2\/product_tag?post=516"}],"curies":[{"name":"wp","href":"https:\/\/api.w.org\/{rel}","templated":true}]}}