{"id":499,"date":"2024-01-28T08:00:29","date_gmt":"2024-01-28T08:00:29","guid":{"rendered":"https:\/\/sculptureshome.com\/?post_type=product&#038;p=499"},"modified":"2024-01-28T08:00:29","modified_gmt":"2024-01-28T08:00:29","slug":"simulation-superheldenfilm-menschliche-grose-statuen","status":"publish","type":"product","link":"https:\/\/sculptureshome.com\/de\/product\/simulation-super-hero-movie-human-size-statues\/","title":{"rendered":"Simulation Super Hero Movie Statuen in Menschengr\u00f6\u00dfe"},"content":{"rendered":"<div class=\"attribute-item\">\n<div class=\"left\" data-spm-anchor-id=\"a2700.details.0.i88.5bde6894SH1xG5\">Herkunftsort: Guangdong, China<\/div>\n<div class=\"right\">Material: Kunstharz<\/div>\n<div>Stil: K\u00fcnstlich<\/div>\n<\/div>\n<div class=\"attribute-item\">\n<div class=\"left\">Verwendung: Kunst &amp; Sammlerst\u00fccke<\/div>\n<div class=\"right\">Regionales Merkmal: China<\/div>\n<\/div>\n<div class=\"attribute-item\">\n<div class=\"left\">Material: Silikon und Fiberglas<\/div>\n<\/div>\n<div class=\"attribute-item\">\n<div class=\"left\">Gr\u00f6\u00dfe: Kann angepasst werden<\/div>\n<div class=\"right\">Kleidung: Ma\u00dfgeschneidert<\/div>\n<\/div>\n<div class=\"attribute-item\">\n<div class=\"left\">Lebensdauer: Mindestens 20 Jahre<\/div>\n<div class=\"right\">\n&nbsp;<\/p>\n<\/div>\n<\/div>\n<div class=\"attribute-item\">\n<div class=\"left\"><\/div>\n<div class=\"right\">\n&nbsp;<\/p>\n<\/div>\n<\/div>\n<div class=\"attribute-item\">\n<div class=\"left\"><\/div>\n<div class=\"right\">\n&nbsp;<\/p>\n<\/div>\n<\/div>\n<div class=\"attribute-item\">\n<div class=\"left\">Temperatur<\/div>\n<div class=\"right\">Raumtemperatur ist in Ordnung&nbsp;<\/p>\n<\/div>\n<\/div>\n<div class=\"attribute-item\">\n<div class=\"left\">Wartung<\/div>\n<div class=\"right\">Langfristige Unterst\u00fctzung bei der Wartung<\/div>\n<\/div>","protected":false},"excerpt":{"rendered":"<p>Ort der Herkunft: Guangdong, China Material: Kunstharz Stil: K\u00fcnstlich Verwendung: Kunst &amp; Sammlerst\u00fcck Regionales Merkmal: China Material: Silikon und Fiberglas Gr\u00f6\u00dfe: Kann angepasst werden Kleidung: Ma\u00dfgeschneidert Lebensdauer: Mindestens 20 Jahre Temperatur: Raumtemperatur ist in Ordnung Wartung: Langlebige Wartungsunterst\u00fctzung<\/p>","protected":false},"featured_media":501,"comment_status":"open","ping_status":"closed","template":"","meta":[],"product_brand":[],"product_cat":[24],"product_tag":[],"class_list":{"0":"post-499","1":"product","2":"type-product","3":"status-publish","4":"has-post-thumbnail","6":"product_cat-human-statue","8":"first","9":"instock","10":"shipping-taxable","11":"product-type-simple"},"_links":{"self":[{"href":"https:\/\/sculptureshome.com\/de\/wp-json\/wp\/v2\/product\/499","targetHints":{"allow":["GET"]}}],"collection":[{"href":"https:\/\/sculptureshome.com\/de\/wp-json\/wp\/v2\/product"}],"about":[{"href":"https:\/\/sculptureshome.com\/de\/wp-json\/wp\/v2\/types\/product"}],"replies":[{"embeddable":true,"href":"https:\/\/sculptureshome.com\/de\/wp-json\/wp\/v2\/comments?post=499"}],"version-history":[{"count":0,"href":"https:\/\/sculptureshome.com\/de\/wp-json\/wp\/v2\/product\/499\/revisions"}],"wp:featuredmedia":[{"embeddable":true,"href":"https:\/\/sculptureshome.com\/de\/wp-json\/wp\/v2\/media\/501"}],"wp:attachment":[{"href":"https:\/\/sculptureshome.com\/de\/wp-json\/wp\/v2\/media?parent=499"}],"wp:term":[{"taxonomy":"product_brand","embeddable":true,"href":"https:\/\/sculptureshome.com\/de\/wp-json\/wp\/v2\/product_brand?post=499"},{"taxonomy":"product_cat","embeddable":true,"href":"https:\/\/sculptureshome.com\/de\/wp-json\/wp\/v2\/product_cat?post=499"},{"taxonomy":"product_tag","embeddable":true,"href":"https:\/\/sculptureshome.com\/de\/wp-json\/wp\/v2\/product_tag?post=499"}],"curies":[{"name":"wp","href":"https:\/\/api.w.org\/{rel}","templated":true}]}}