{"id":476,"date":"2024-01-28T07:42:35","date_gmt":"2024-01-28T07:42:35","guid":{"rendered":"https:\/\/sculptureshome.com\/?post_type=product&#038;p=476"},"modified":"2024-01-28T07:42:35","modified_gmt":"2024-01-28T07:42:35","slug":"modern-denkende-menschenfiguren","status":"publish","type":"product","link":"https:\/\/sculptureshome.com\/de\/product\/modern-thinking-human-figurines\/","title":{"rendered":"Modern denkende Menschenfiguren"},"content":{"rendered":"<div class=\"attribute-item\">\n<div class=\"left\" data-spm-anchor-id=\"a2700.wholesale.0.i81.72d6457cN0NHeR\">Herkunftsort\uff1aGuangdong, China<\/div>\n<\/div>\n<div class=\"attribute-item\">\n<div class=\"left\">Material\uff1aHarz<\/div>\n<div class=\"right\">Verwendung\uff1aDekorativ<\/div>\n<div>Form\uff1aUnregelm\u00e4\u00dfig<\/div>\n<\/div>\n<div class=\"attribute-item\">\n<div class=\"left\">Muster\uff1aPortr\u00e4t<\/div>\n<div class=\"right\">Technik\uff1aBeschichtung<\/div>\n<div>Thema\uff1aKunst<\/div>\n<\/div>\n<div class=\"attribute-item\">\n<div class=\"left\">Funktion\uff1aWohnraumgestaltung<\/div>\n<div class=\"right\">\n&nbsp;<\/p>\n<\/div>\n<\/div>\n<div class=\"attribute-item\">\n<div class=\"left\"><\/div>\n<div class=\"right\">\n&nbsp;<\/p>\n<\/div>\n<\/div>\n<div class=\"attribute-item\">\n<div class=\"left\"><\/div>\n<div class=\"right\">\n&nbsp;<\/p>\n<\/div>\n<\/div>\n<div class=\"attribute-item\">\n<div class=\"left\"><\/div>\n<div class=\"right\">\n&nbsp;<\/p>\n<\/div>\n<\/div>\n<div class=\"attribute-item\">\n<div class=\"left\"><\/div>\n<div class=\"right\"><\/div>\n<\/div>","protected":false},"excerpt":{"rendered":"<p>Herkunftsort: Guangdong, China Material: Harz Verwendung: Dekorative Form: Unregelm\u00e4\u00dfiges Muster: Portr\u00e4t Technik: Beschichtung Thema: Kunst Funktion: Wohnkultur &nbsp; &nbsp; &nbsp; &nbsp;<\/p>","protected":false},"featured_media":477,"comment_status":"open","ping_status":"closed","template":"","meta":[],"product_brand":[],"product_cat":[24],"product_tag":[],"class_list":{"0":"post-476","1":"product","2":"type-product","3":"status-publish","4":"has-post-thumbnail","6":"product_cat-human-statue","8":"first","9":"instock","10":"shipping-taxable","11":"product-type-simple"},"_links":{"self":[{"href":"https:\/\/sculptureshome.com\/de\/wp-json\/wp\/v2\/product\/476","targetHints":{"allow":["GET"]}}],"collection":[{"href":"https:\/\/sculptureshome.com\/de\/wp-json\/wp\/v2\/product"}],"about":[{"href":"https:\/\/sculptureshome.com\/de\/wp-json\/wp\/v2\/types\/product"}],"replies":[{"embeddable":true,"href":"https:\/\/sculptureshome.com\/de\/wp-json\/wp\/v2\/comments?post=476"}],"version-history":[{"count":0,"href":"https:\/\/sculptureshome.com\/de\/wp-json\/wp\/v2\/product\/476\/revisions"}],"wp:featuredmedia":[{"embeddable":true,"href":"https:\/\/sculptureshome.com\/de\/wp-json\/wp\/v2\/media\/477"}],"wp:attachment":[{"href":"https:\/\/sculptureshome.com\/de\/wp-json\/wp\/v2\/media?parent=476"}],"wp:term":[{"taxonomy":"product_brand","embeddable":true,"href":"https:\/\/sculptureshome.com\/de\/wp-json\/wp\/v2\/product_brand?post=476"},{"taxonomy":"product_cat","embeddable":true,"href":"https:\/\/sculptureshome.com\/de\/wp-json\/wp\/v2\/product_cat?post=476"},{"taxonomy":"product_tag","embeddable":true,"href":"https:\/\/sculptureshome.com\/de\/wp-json\/wp\/v2\/product_tag?post=476"}],"curies":[{"name":"wp","href":"https:\/\/api.w.org\/{rel}","templated":true}]}}