{"id":468,"date":"2024-01-28T07:38:42","date_gmt":"2024-01-28T07:38:42","guid":{"rendered":"https:\/\/sculptureshome.com\/?post_type=product&#038;p=468"},"modified":"2024-01-28T07:38:42","modified_gmt":"2024-01-28T07:38:42","slug":"statue-in-menschengrose-skulptur-fur-heimdekoration","status":"publish","type":"product","link":"https:\/\/sculptureshome.com\/de\/product\/human-size-statue-sculpture-for-home-dekoration\/","title":{"rendered":"Menschliche Gr\u00f6\u00dfe Statue Skulptur f\u00fcr Home Dekoration"},"content":{"rendered":"<div class=\"attribute-item\">\n<div class=\"left\" data-spm-anchor-id=\"a2700.details.0.i89.56bc50d9jY2W1Q\">Herkunftsort\uff1a Guangdong, China<\/div>\n<\/div>\n<div class=\"attribute-item\">\n<div class=\"left\">Material\uff1aHarz<\/div>\n<\/div>\n<div class=\"attribute-item\">\n<div class=\"left\">Stil\uff1aK\u00fcnstlich<\/div>\n<div class=\"right\">Verwenden\uff1aKunst &amp; Sammlerst\u00fccke<\/div>\n<\/div>\n<div class=\"attribute-item\">\n<div class=\"left\">Material\uff1aSilikon und Fiberglas<\/div>\n<div class=\"right\">Kleidung\uff1aSonderanfertigung<\/div>\n<div>Haar\uff1aEchtes menschliches Haar<\/div>\n<\/div>\n<div class=\"attribute-item\">\n<div class=\"left\" data-spm-anchor-id=\"a2700.details.0.i91.56bc50d9jY2W1Q\">Lebensdauer\uff1aMindestens 25 bis 30 Jahre<\/div>\n<\/div>\n<div class=\"attribute-item\">\n<div class=\"left\">Temperatur\uff1aRaumtemperatur ist in Ordnung<\/div>\n<div class=\"right\" data-spm-anchor-id=\"a2700.details.0.i90.56bc50d9jY2W1Q\">Wartung\uff1aLangfristige Unterst\u00fctzung bei der Wartung<\/div>\n<div data-spm-anchor-id=\"a2700.details.0.i90.56bc50d9jY2W1Q\">Angepasst\uff1aAkzeptiert<\/div>\n<\/div>\n<div class=\"attribute-item\">\n<div class=\"left\"><\/div>\n<div class=\"right\" data-spm-anchor-id=\"a2700.details.0.i92.56bc50d9jY2W1Q\">\n&nbsp;<\/p>\n<\/div>\n<\/div>\n<div class=\"attribute-item\">\n<div class=\"left\"><\/div>\n<div class=\"right\" data-spm-anchor-id=\"a2700.details.0.i93.56bc50d9jY2W1Q\">\n&nbsp;<\/p>\n<\/div>\n<\/div>\n<div class=\"attribute-item\">\n<div class=\"left\"><\/div>\n<div class=\"right\" data-spm-anchor-id=\"a2700.details.0.i94.56bc50d9jY2W1Q\"><\/div>\n<\/div>","protected":false},"excerpt":{"rendered":"<p>Herkunftsort\uff1a Guangdong, China Material\uff1aResin Style\uff1aArtificial Use\uff1aArt &amp; Collectible Material\uff1aSilicone and Fiberglass Clothing\uff1aCustom to made Hair\uff1aReal human hair Life Span\uff1aAt least 25 to 30 years Temperature\uff1aRoom temperature is ok Maintenance\uff1aLong-life maintenance support Customized\uff1aAccepted &nbsp; &nbsp;<\/p>","protected":false},"featured_media":469,"comment_status":"open","ping_status":"closed","template":"","meta":[],"product_brand":[],"product_cat":[24],"product_tag":[],"class_list":{"0":"post-468","1":"product","2":"type-product","3":"status-publish","4":"has-post-thumbnail","6":"product_cat-human-statue","8":"first","9":"instock","10":"shipping-taxable","11":"product-type-simple"},"_links":{"self":[{"href":"https:\/\/sculptureshome.com\/de\/wp-json\/wp\/v2\/product\/468","targetHints":{"allow":["GET"]}}],"collection":[{"href":"https:\/\/sculptureshome.com\/de\/wp-json\/wp\/v2\/product"}],"about":[{"href":"https:\/\/sculptureshome.com\/de\/wp-json\/wp\/v2\/types\/product"}],"replies":[{"embeddable":true,"href":"https:\/\/sculptureshome.com\/de\/wp-json\/wp\/v2\/comments?post=468"}],"version-history":[{"count":0,"href":"https:\/\/sculptureshome.com\/de\/wp-json\/wp\/v2\/product\/468\/revisions"}],"wp:featuredmedia":[{"embeddable":true,"href":"https:\/\/sculptureshome.com\/de\/wp-json\/wp\/v2\/media\/469"}],"wp:attachment":[{"href":"https:\/\/sculptureshome.com\/de\/wp-json\/wp\/v2\/media?parent=468"}],"wp:term":[{"taxonomy":"product_brand","embeddable":true,"href":"https:\/\/sculptureshome.com\/de\/wp-json\/wp\/v2\/product_brand?post=468"},{"taxonomy":"product_cat","embeddable":true,"href":"https:\/\/sculptureshome.com\/de\/wp-json\/wp\/v2\/product_cat?post=468"},{"taxonomy":"product_tag","embeddable":true,"href":"https:\/\/sculptureshome.com\/de\/wp-json\/wp\/v2\/product_tag?post=468"}],"curies":[{"name":"wp","href":"https:\/\/api.w.org\/{rel}","templated":true}]}}