{"id":460,"date":"2024-01-28T07:33:29","date_gmt":"2024-01-28T07:33:29","guid":{"rendered":"https:\/\/sculptureshome.com\/?post_type=product&#038;p=460"},"modified":"2024-01-28T07:33:29","modified_gmt":"2024-01-28T07:33:29","slug":"fiberglas-kunsthandwerk-harz-menschliche-statue","status":"publish","type":"product","link":"https:\/\/sculptureshome.com\/de\/product\/fiberglass-handicraft-resin-human-statue\/","title":{"rendered":"Fiberglas Kunsthandwerk Harz menschliche Statue"},"content":{"rendered":"<div class=\"attribute-list\">\n<div class=\"attribute-item\">\n<div class=\"left\">Thema: Abbildung<\/div>\n<\/div>\n<\/div>\n<div class=\"attribute-list\">\n<div class=\"attribute-item\">\n<div class=\"left\">Herkunftsort: Guangdong, China<\/div>\n<div class=\"right\">Material: Kunstharz<\/div>\n<div>Stil: K\u00fcnstlich<\/div>\n<\/div>\n<div class=\"attribute-item\">\n<div class=\"left\">Verwendung\uff1aHausdekoration<\/div>\n<\/div>\n<div class=\"attribute-item\">\n<div class=\"left\">Gr\u00f6\u00dfe\uff1aKundenindividuelle Gr\u00f6\u00dfe<\/div>\n<div class=\"right\">Farbe\uff1aKundenspezifische Farbe akzeptiert<\/div>\n<div>Material\uff1aGlasfaser<\/div>\n<\/div>\n<div class=\"attribute-item\">\n<div class=\"left\"><\/div>\n<div class=\"right\" data-spm-anchor-id=\"a2700.details.0.i82.4c275d6eyMjdwG\">\n&nbsp;<\/p>\n<\/div>\n<\/div>\n<div class=\"attribute-item\">\n<div class=\"left\"><\/div>\n<div class=\"right\" data-spm-anchor-id=\"a2700.details.0.i84.4c275d6eyMjdwG\"><\/div>\n<\/div>\n<\/div>","protected":false},"excerpt":{"rendered":"<p>Thema: Figur Herkunftsort: Guangdong, China Material: Resin Stil: K\u00fcnstliche Verwendung: Heimdekoration Gr\u00f6\u00dfe: Ma\u00dfgeschneiderte Gr\u00f6\u00dfe Farbe: Ma\u00dfgeschneiderte Farbe akzeptiert Material: Fiberglas &nbsp;<\/p>","protected":false},"featured_media":461,"comment_status":"open","ping_status":"closed","template":"","meta":[],"product_brand":[],"product_cat":[24],"product_tag":[],"class_list":{"0":"post-460","1":"product","2":"type-product","3":"status-publish","4":"has-post-thumbnail","6":"product_cat-human-statue","8":"first","9":"instock","10":"shipping-taxable","11":"product-type-simple"},"_links":{"self":[{"href":"https:\/\/sculptureshome.com\/de\/wp-json\/wp\/v2\/product\/460","targetHints":{"allow":["GET"]}}],"collection":[{"href":"https:\/\/sculptureshome.com\/de\/wp-json\/wp\/v2\/product"}],"about":[{"href":"https:\/\/sculptureshome.com\/de\/wp-json\/wp\/v2\/types\/product"}],"replies":[{"embeddable":true,"href":"https:\/\/sculptureshome.com\/de\/wp-json\/wp\/v2\/comments?post=460"}],"version-history":[{"count":0,"href":"https:\/\/sculptureshome.com\/de\/wp-json\/wp\/v2\/product\/460\/revisions"}],"wp:featuredmedia":[{"embeddable":true,"href":"https:\/\/sculptureshome.com\/de\/wp-json\/wp\/v2\/media\/461"}],"wp:attachment":[{"href":"https:\/\/sculptureshome.com\/de\/wp-json\/wp\/v2\/media?parent=460"}],"wp:term":[{"taxonomy":"product_brand","embeddable":true,"href":"https:\/\/sculptureshome.com\/de\/wp-json\/wp\/v2\/product_brand?post=460"},{"taxonomy":"product_cat","embeddable":true,"href":"https:\/\/sculptureshome.com\/de\/wp-json\/wp\/v2\/product_cat?post=460"},{"taxonomy":"product_tag","embeddable":true,"href":"https:\/\/sculptureshome.com\/de\/wp-json\/wp\/v2\/product_tag?post=460"}],"curies":[{"name":"wp","href":"https:\/\/api.w.org\/{rel}","templated":true}]}}