{"id":432,"date":"2024-01-27T16:20:16","date_gmt":"2024-01-27T16:20:16","guid":{"rendered":"https:\/\/sculptureshome.com\/?post_type=product&#038;p=432"},"modified":"2024-03-08T13:09:57","modified_gmt":"2024-03-08T13:09:57","slug":"lebensgrose-abstrakte-tierskulptur-aus-fiberglas","status":"publish","type":"product","link":"https:\/\/sculptureshome.com\/de\/product\/life-size-resine-fiberglass-abstract-animal-sculpture\/","title":{"rendered":"Abstrakte Tierskulptur in Lebensgr\u00f6\u00dfe aus Harz und Fiberglas"},"content":{"rendered":"<div class=\"attribute-item\">\n<div class=\"left\">Material: Kunstharz<\/div>\n<div class=\"right\">Stil: Volkskunst<\/div>\n<div>Verwendung: Heimdekoration<\/div>\n<\/div>\n<div class=\"attribute-item\">\n<div class=\"left\">Regionales Merkmal: Europa<\/div>\n<\/div>\n<div class=\"attribute-item\">\n<div class=\"left\">Kurzer Name: Gepard Statue r\u00e9sine<\/div>\n<div class=\"right\">Material: Kunstharz, Edelstahl, Polyresin<\/div>\n<div class=\"right\">Gr\u00f6\u00dfe: Ma\u00dfgeschneidert nach Ihren Bed\u00fcrfnissen<\/div>\n<div>Farbe: Silber, Schwarz, Rot, Blau, Gold, Rosa, Lila<\/div>\n<\/div>\n<div class=\"attribute-item\">\n<div class=\"right\">Handwerk: Verchromt<\/div>\n<div class=\"right\">Dienstleistung:3d Modellbau &amp; Entwurf<\/div>\n<\/div>\n<div class=\"attribute-item\">\n<div class=\"left\"><\/div>\n<div class=\"right\">\n&nbsp;<\/p>\n<\/div>\n<\/div>\n<div class=\"attribute-item\">\n<div class=\"left\"><\/div>\n<div class=\"right\">\n&nbsp;<\/p>\n<\/div>\n<\/div>\n<div class=\"attribute-item\">\n<div class=\"left\"><\/div>\n<div class=\"right\">\n&nbsp;<\/p>\n<\/div>\n<\/div>\n<div class=\"attribute-item\">\n<div class=\"left\"><\/div>\n<div class=\"right\" data-spm-anchor-id=\"a2700.details.0.i86.7cbd1ca6508fZ5\"><\/div>\n<\/div>","protected":false},"excerpt":{"rendered":"<p>Material: Kunstharz Stil: Folk Art Verwendung: Home Decoration Regional Feature: Europa Kurzname: Gepard Statue r\u00e9sine Material: Harz, Edelstahl, Polyresin Gr\u00f6\u00dfe: Customized als Ihre Bed\u00fcrfnisse Farbe: Silber, Schwarz, Rot, Blau, Gold, Rosa, Lila Craft: Verchromt Service: 3d Modell machen &amp; Design &nbsp; &nbsp; &nbsp;<\/p>","protected":false},"featured_media":433,"comment_status":"open","ping_status":"closed","template":"","meta":[],"product_brand":[],"product_cat":[22,30],"product_tag":[],"class_list":{"0":"post-432","1":"product","2":"type-product","3":"status-publish","4":"has-post-thumbnail","6":"product_cat-animal-sculpture","7":"product_cat-fiberglass-sculpture","9":"first","10":"instock","11":"shipping-taxable","12":"product-type-simple"},"_links":{"self":[{"href":"https:\/\/sculptureshome.com\/de\/wp-json\/wp\/v2\/product\/432","targetHints":{"allow":["GET"]}}],"collection":[{"href":"https:\/\/sculptureshome.com\/de\/wp-json\/wp\/v2\/product"}],"about":[{"href":"https:\/\/sculptureshome.com\/de\/wp-json\/wp\/v2\/types\/product"}],"replies":[{"embeddable":true,"href":"https:\/\/sculptureshome.com\/de\/wp-json\/wp\/v2\/comments?post=432"}],"version-history":[{"count":0,"href":"https:\/\/sculptureshome.com\/de\/wp-json\/wp\/v2\/product\/432\/revisions"}],"wp:featuredmedia":[{"embeddable":true,"href":"https:\/\/sculptureshome.com\/de\/wp-json\/wp\/v2\/media\/433"}],"wp:attachment":[{"href":"https:\/\/sculptureshome.com\/de\/wp-json\/wp\/v2\/media?parent=432"}],"wp:term":[{"taxonomy":"product_brand","embeddable":true,"href":"https:\/\/sculptureshome.com\/de\/wp-json\/wp\/v2\/product_brand?post=432"},{"taxonomy":"product_cat","embeddable":true,"href":"https:\/\/sculptureshome.com\/de\/wp-json\/wp\/v2\/product_cat?post=432"},{"taxonomy":"product_tag","embeddable":true,"href":"https:\/\/sculptureshome.com\/de\/wp-json\/wp\/v2\/product_tag?post=432"}],"curies":[{"name":"wp","href":"https:\/\/api.w.org\/{rel}","templated":true}]}}