{"id":368,"date":"2024-01-26T12:49:32","date_gmt":"2024-01-26T12:49:32","guid":{"rendered":"https:\/\/sculptureshome.com\/?post_type=product&#038;p=368"},"modified":"2024-01-26T12:49:52","modified_gmt":"2024-01-26T12:49:52","slug":"blanko-sublimation-druck-felsen-stein-schiefer-bilderrahmen","status":"publish","type":"product","link":"https:\/\/sculptureshome.com\/de\/product\/blank-sublimation-print-rock-stone-slate-picture-frame\/","title":{"rendered":"Blank Sublimation Print Felsen Stein Schiefer Bilderrahmen"},"content":{"rendered":"<div class=\"attribute-item\">\n<div class=\"left\" data-spm-anchor-id=\"a2700.details.0.i80.789e40b3a4D2Me\">Ort der Herkunft: Guangdong, China<\/div>\n<\/div>\n<div class=\"attribute-item\">\n<div class=\"left\">Material: Stein<\/div>\n<div class=\"right\">Art: Marmor<\/div>\n<div>Technik: Geschnitzt<\/div>\n<\/div>\n<div class=\"attribute-item\"><\/div>\n<div class=\"attribute-item\">\n<div class=\"right\">Stil: Religi\u00f6s<\/div>\n<\/div>\n<div class=\"attribute-item\">\n<div class=\"left\">Verwendung: Heimdekoration<\/div>\n<div class=\"right\">Gr\u00f6\u00dfe: Gr\u00f6\u00dfen anpassen<\/div>\n<div>Verwendung: Heimdekoration<\/div>\n<\/div>\n<div class=\"attribute-item\">\n<div class=\"left\">\n<div class=\"attribute-item\">\n<div class=\"left\">Farbe: Kundenspezifische Farbe<\/div>\n<div class=\"right\">Form: Rectangle<\/div>\n<div>Anwendung: Innenministerium<\/div>\n<\/div>\n<div class=\"attribute-item\">\n<div class=\"left\"><\/div>\n<div class=\"right\" data-spm-anchor-id=\"a2700.details.0.i83.789e40b3a4D2Me\"><\/div>\n<\/div>\n<div class=\"attribute-item\">\n<div class=\"left\"><\/div>\n<div class=\"right\" data-spm-anchor-id=\"a2700.details.0.i84.789e40b3a4D2Me\"><\/div>\n<\/div>\n<div class=\"attribute-item\">\n<div class=\"left\"><\/div>\n<div class=\"right\" data-spm-anchor-id=\"a2700.details.0.i85.789e40b3a4D2Me\"><\/div>\n<\/div>\n<\/div>\n<\/div>","protected":false},"excerpt":{"rendered":"<p>Ort der Herkunft: Guangdong, China Material: Stein Art: Marmor Technik: Geschnitzt Stil: Religi\u00f6s Verwendung: Heimdekoration Gr\u00f6\u00dfe: Customize Sizes Verwendung: Home Decortion Farbe: Kundenspezifische Farbe Form: Rectangle Anwendung: Heim B\u00fcro<\/p>","protected":false},"featured_media":369,"comment_status":"open","ping_status":"closed","template":"","meta":[],"product_brand":[],"product_cat":[25],"product_tag":[],"class_list":{"0":"post-368","1":"product","2":"type-product","3":"status-publish","4":"has-post-thumbnail","6":"product_cat-decorative-sculpture","8":"first","9":"instock","10":"shipping-taxable","11":"product-type-simple"},"_links":{"self":[{"href":"https:\/\/sculptureshome.com\/de\/wp-json\/wp\/v2\/product\/368","targetHints":{"allow":["GET"]}}],"collection":[{"href":"https:\/\/sculptureshome.com\/de\/wp-json\/wp\/v2\/product"}],"about":[{"href":"https:\/\/sculptureshome.com\/de\/wp-json\/wp\/v2\/types\/product"}],"replies":[{"embeddable":true,"href":"https:\/\/sculptureshome.com\/de\/wp-json\/wp\/v2\/comments?post=368"}],"version-history":[{"count":0,"href":"https:\/\/sculptureshome.com\/de\/wp-json\/wp\/v2\/product\/368\/revisions"}],"wp:featuredmedia":[{"embeddable":true,"href":"https:\/\/sculptureshome.com\/de\/wp-json\/wp\/v2\/media\/369"}],"wp:attachment":[{"href":"https:\/\/sculptureshome.com\/de\/wp-json\/wp\/v2\/media?parent=368"}],"wp:term":[{"taxonomy":"product_brand","embeddable":true,"href":"https:\/\/sculptureshome.com\/de\/wp-json\/wp\/v2\/product_brand?post=368"},{"taxonomy":"product_cat","embeddable":true,"href":"https:\/\/sculptureshome.com\/de\/wp-json\/wp\/v2\/product_cat?post=368"},{"taxonomy":"product_tag","embeddable":true,"href":"https:\/\/sculptureshome.com\/de\/wp-json\/wp\/v2\/product_tag?post=368"}],"curies":[{"name":"wp","href":"https:\/\/api.w.org\/{rel}","templated":true}]}}