{"id":314,"date":"2024-01-26T11:42:15","date_gmt":"2024-01-26T11:42:15","guid":{"rendered":"https:\/\/sculptureshome.com\/?post_type=product&#038;p=314"},"modified":"2024-01-26T11:42:15","modified_gmt":"2024-01-26T11:42:15","slug":"dekorativer-akzent-abstrakte-metallskulptur","status":"publish","type":"product","link":"https:\/\/sculptureshome.com\/de\/product\/decorative-accent-abstract-metal-sculpture\/","title":{"rendered":"Dekorativer Akzent abstrakte Metallskulptur"},"content":{"rendered":"<div class=\"attribute-list\">\n<div class=\"attribute-item\">\n<div class=\"right\">\n<p>Produkttyp: Craf<\/p>\n<\/div>\n<\/div>\n<\/div>\n<div class=\"attribute-list\">\n<div class=\"attribute-item\">\n<div class=\"left\">Verwendung: Heimdekoration<\/div>\n<\/div>\n<div class=\"attribute-item\">\n<div class=\"left\">Thema: Engel<\/div>\n<\/div>\n<div class=\"attribute-item\">\n<div class=\"left\">Regionales Merkmal: China<\/div>\n<\/div>\n<div class=\"attribute-item\">\n<div class=\"left\">Farbe: Schwarz<\/div>\n<\/div>\n<div class=\"attribute-item\">\n<div class=\"left\">Verwendung: Dekoration<\/div>\n<\/div>\n<div class=\"attribute-item\">\n<div class=\"left\">Gr\u00f6\u00dfe: 170*100*505mm<\/div>\n<\/div>\n<div class=\"attribute-item\">\n<div class=\"left\">Material: Legierung &amp; Marmor<\/div>\n<\/div>\n<div class=\"attribute-item\">\n<div class=\"left\">Stil: T\u00e4nzerische Kunst<\/div>\n<div class=\"right\"><\/div>\n<\/div>\n<\/div>","protected":false},"excerpt":{"rendered":"<p>Produkttyp: craf Verwendung: Heimdekoration Thema: Engel Regionales Merkmal: China Farbe: Schwarz Verwendung: Dekoration Gr\u00f6\u00dfe: 170*100*505mm Material: Legierung &amp; Marmor Stil: T\u00e4nzer Kunst<\/p>","protected":false},"featured_media":315,"comment_status":"open","ping_status":"closed","template":"","meta":[],"product_brand":[],"product_cat":[21],"product_tag":[],"class_list":{"0":"post-314","1":"product","2":"type-product","3":"status-publish","4":"has-post-thumbnail","6":"product_cat-modern-sculpture","8":"first","9":"instock","10":"shipping-taxable","11":"product-type-simple"},"_links":{"self":[{"href":"https:\/\/sculptureshome.com\/de\/wp-json\/wp\/v2\/product\/314","targetHints":{"allow":["GET"]}}],"collection":[{"href":"https:\/\/sculptureshome.com\/de\/wp-json\/wp\/v2\/product"}],"about":[{"href":"https:\/\/sculptureshome.com\/de\/wp-json\/wp\/v2\/types\/product"}],"replies":[{"embeddable":true,"href":"https:\/\/sculptureshome.com\/de\/wp-json\/wp\/v2\/comments?post=314"}],"version-history":[{"count":0,"href":"https:\/\/sculptureshome.com\/de\/wp-json\/wp\/v2\/product\/314\/revisions"}],"wp:featuredmedia":[{"embeddable":true,"href":"https:\/\/sculptureshome.com\/de\/wp-json\/wp\/v2\/media\/315"}],"wp:attachment":[{"href":"https:\/\/sculptureshome.com\/de\/wp-json\/wp\/v2\/media?parent=314"}],"wp:term":[{"taxonomy":"product_brand","embeddable":true,"href":"https:\/\/sculptureshome.com\/de\/wp-json\/wp\/v2\/product_brand?post=314"},{"taxonomy":"product_cat","embeddable":true,"href":"https:\/\/sculptureshome.com\/de\/wp-json\/wp\/v2\/product_cat?post=314"},{"taxonomy":"product_tag","embeddable":true,"href":"https:\/\/sculptureshome.com\/de\/wp-json\/wp\/v2\/product_tag?post=314"}],"curies":[{"name":"wp","href":"https:\/\/api.w.org\/{rel}","templated":true}]}}