{"id":2307,"date":"2025-07-24T13:55:18","date_gmt":"2025-07-24T13:55:18","guid":{"rendered":"https:\/\/sculptureshome.com\/?post_type=product&#038;p=2307"},"modified":"2025-07-24T13:55:18","modified_gmt":"2025-07-24T13:55:18","slug":"wandmontiertes-blattformiges-haustierhaus-custom-3d-printed-furniture","status":"publish","type":"product","link":"https:\/\/sculptureshome.com\/de\/product\/wall-mounted-leaf-shaped-pet-house-custom-3d-printed-furniture\/","title":{"rendered":"Wandmontiertes blattf\u00f6rmiges Haustierhaus | Individuelles 3D-gedrucktes M\u00f6bel"},"content":{"rendered":"","protected":false},"excerpt":{"rendered":"<p data-start=\"55\" data-end=\"376\">Stellen Sie sich vor, wie die ersten Sonnenstrahlen am Morgen durch das Fenster fallen und sanft auf die naturgetreuen Bl\u00e4tter fallen - und dazwischen schl\u00e4ft Ihr kleines Fellkn\u00e4uel friedlich und ganz entspannt. Das Design dieses Haustierhauses ist von der Natur inspiriert, als ob Sie die frische Luft eines ruhigen Waldes einatmen k\u00f6nnten.<\/p>\n<p data-start=\"378\" data-end=\"507\" data-is-last-node=\"\" data-is-only-node=\"\">Machen Sie Ihrem geliebten Haustier eine sch\u00f6ne \u00dcberraschung! Lassen Sie sie ihren eigenen ruhigen, sch\u00f6nen Zufluchtsort unter diesem \"Blatt\" der Gelassenheit genie\u00dfen.<\/p>","protected":false},"featured_media":2308,"comment_status":"open","ping_status":"closed","template":"","meta":[],"product_brand":[],"product_cat":[29],"product_tag":[],"class_list":{"0":"post-2307","1":"product","2":"type-product","3":"status-publish","4":"has-post-thumbnail","6":"product_cat-3d-printing-furniture","8":"first","9":"instock","10":"shipping-taxable","11":"product-type-simple"},"_links":{"self":[{"href":"https:\/\/sculptureshome.com\/de\/wp-json\/wp\/v2\/product\/2307","targetHints":{"allow":["GET"]}}],"collection":[{"href":"https:\/\/sculptureshome.com\/de\/wp-json\/wp\/v2\/product"}],"about":[{"href":"https:\/\/sculptureshome.com\/de\/wp-json\/wp\/v2\/types\/product"}],"replies":[{"embeddable":true,"href":"https:\/\/sculptureshome.com\/de\/wp-json\/wp\/v2\/comments?post=2307"}],"version-history":[{"count":0,"href":"https:\/\/sculptureshome.com\/de\/wp-json\/wp\/v2\/product\/2307\/revisions"}],"wp:featuredmedia":[{"embeddable":true,"href":"https:\/\/sculptureshome.com\/de\/wp-json\/wp\/v2\/media\/2308"}],"wp:attachment":[{"href":"https:\/\/sculptureshome.com\/de\/wp-json\/wp\/v2\/media?parent=2307"}],"wp:term":[{"taxonomy":"product_brand","embeddable":true,"href":"https:\/\/sculptureshome.com\/de\/wp-json\/wp\/v2\/product_brand?post=2307"},{"taxonomy":"product_cat","embeddable":true,"href":"https:\/\/sculptureshome.com\/de\/wp-json\/wp\/v2\/product_cat?post=2307"},{"taxonomy":"product_tag","embeddable":true,"href":"https:\/\/sculptureshome.com\/de\/wp-json\/wp\/v2\/product_tag?post=2307"}],"curies":[{"name":"wp","href":"https:\/\/api.w.org\/{rel}","templated":true}]}}