{"id":2213,"date":"2025-07-22T13:37:07","date_gmt":"2025-07-22T13:37:07","guid":{"rendered":"https:\/\/sculptureshome.com\/?post_type=product&#038;p=2213"},"modified":"2025-07-22T13:38:37","modified_gmt":"2025-07-22T13:38:37","slug":"unregelmasig-geformtes-katzenhaus-3d-gedruckte-mobel","status":"publish","type":"product","link":"https:\/\/sculptureshome.com\/de\/product\/irregular-shaped-cat-house-3d-printed-furniture\/","title":{"rendered":"Unregelm\u00e4\u00dfig geformtes Katzenhaus | 3D-gedruckte M\u00f6bel"},"content":{"rendered":"<p data-start=\"448\" data-end=\"630\"><strong data-start=\"632\" data-end=\"662\">Entdecken Sie unten weitere Stile:<\/strong><\/p>\n<p data-start=\"632\" data-end=\"662\"><img fetchpriority=\"high\" decoding=\"async\" class=\"alignnone size-medium wp-image-2225\" src=\"https:\/\/sculptureshome.com\/wp-content\/uploads\/2025\/07\/11-300x300.png\" alt=\"\" width=\"300\" height=\"300\" title=\"\" srcset=\"https:\/\/sculptureshome.com\/wp-content\/uploads\/2025\/07\/11-300x300.png 300w, https:\/\/sculptureshome.com\/wp-content\/uploads\/2025\/07\/11-150x150.png 150w, https:\/\/sculptureshome.com\/wp-content\/uploads\/2025\/07\/11-768x768.png 768w, https:\/\/sculptureshome.com\/wp-content\/uploads\/2025\/07\/11-12x12.png 12w, https:\/\/sculptureshome.com\/wp-content\/uploads\/2025\/07\/11-600x600.png 600w, https:\/\/sculptureshome.com\/wp-content\/uploads\/2025\/07\/11-100x100.png 100w, https:\/\/sculptureshome.com\/wp-content\/uploads\/2025\/07\/11.png 1024w\" sizes=\"(max-width: 300px) 100vw, 300px\" \/> <img decoding=\"async\" class=\"alignnone size-medium wp-image-2226\" src=\"https:\/\/sculptureshome.com\/wp-content\/uploads\/2025\/07\/12-300x300.png\" alt=\"\" width=\"300\" height=\"300\" title=\"\" srcset=\"https:\/\/sculptureshome.com\/wp-content\/uploads\/2025\/07\/12-300x300.png 300w, https:\/\/sculptureshome.com\/wp-content\/uploads\/2025\/07\/12-150x150.png 150w, https:\/\/sculptureshome.com\/wp-content\/uploads\/2025\/07\/12-768x768.png 768w, https:\/\/sculptureshome.com\/wp-content\/uploads\/2025\/07\/12-12x12.png 12w, https:\/\/sculptureshome.com\/wp-content\/uploads\/2025\/07\/12-600x600.png 600w, https:\/\/sculptureshome.com\/wp-content\/uploads\/2025\/07\/12-100x100.png 100w, https:\/\/sculptureshome.com\/wp-content\/uploads\/2025\/07\/12.png 1024w\" sizes=\"(max-width: 300px) 100vw, 300px\" \/> <img decoding=\"async\" class=\"alignnone size-medium wp-image-2227\" src=\"https:\/\/sculptureshome.com\/wp-content\/uploads\/2025\/07\/13-300x300.png\" alt=\"\" width=\"300\" height=\"300\" title=\"\" srcset=\"https:\/\/sculptureshome.com\/wp-content\/uploads\/2025\/07\/13-300x300.png 300w, https:\/\/sculptureshome.com\/wp-content\/uploads\/2025\/07\/13-150x150.png 150w, https:\/\/sculptureshome.com\/wp-content\/uploads\/2025\/07\/13-768x768.png 768w, https:\/\/sculptureshome.com\/wp-content\/uploads\/2025\/07\/13-12x12.png 12w, https:\/\/sculptureshome.com\/wp-content\/uploads\/2025\/07\/13-600x600.png 600w, https:\/\/sculptureshome.com\/wp-content\/uploads\/2025\/07\/13-100x100.png 100w, https:\/\/sculptureshome.com\/wp-content\/uploads\/2025\/07\/13.png 1024w\" sizes=\"(max-width: 300px) 100vw, 300px\" \/> <img loading=\"lazy\" decoding=\"async\" class=\"alignnone size-medium wp-image-2228\" src=\"https:\/\/sculptureshome.com\/wp-content\/uploads\/2025\/07\/14-300x300.png\" alt=\"\" width=\"300\" height=\"300\" title=\"\" srcset=\"https:\/\/sculptureshome.com\/wp-content\/uploads\/2025\/07\/14-300x300.png 300w, https:\/\/sculptureshome.com\/wp-content\/uploads\/2025\/07\/14-150x150.png 150w, https:\/\/sculptureshome.com\/wp-content\/uploads\/2025\/07\/14-768x768.png 768w, https:\/\/sculptureshome.com\/wp-content\/uploads\/2025\/07\/14-12x12.png 12w, https:\/\/sculptureshome.com\/wp-content\/uploads\/2025\/07\/14-600x600.png 600w, https:\/\/sculptureshome.com\/wp-content\/uploads\/2025\/07\/14-100x100.png 100w, https:\/\/sculptureshome.com\/wp-content\/uploads\/2025\/07\/14.png 1024w\" sizes=\"(max-width: 300px) 100vw, 300px\" \/> <img loading=\"lazy\" decoding=\"async\" class=\"alignnone size-medium wp-image-2229\" src=\"https:\/\/sculptureshome.com\/wp-content\/uploads\/2025\/07\/15-300x300.png\" alt=\"\" width=\"300\" height=\"300\" title=\"\" srcset=\"https:\/\/sculptureshome.com\/wp-content\/uploads\/2025\/07\/15-300x300.png 300w, https:\/\/sculptureshome.com\/wp-content\/uploads\/2025\/07\/15-150x150.png 150w, https:\/\/sculptureshome.com\/wp-content\/uploads\/2025\/07\/15-768x768.png 768w, https:\/\/sculptureshome.com\/wp-content\/uploads\/2025\/07\/15-12x12.png 12w, https:\/\/sculptureshome.com\/wp-content\/uploads\/2025\/07\/15-600x600.png 600w, https:\/\/sculptureshome.com\/wp-content\/uploads\/2025\/07\/15-100x100.png 100w, https:\/\/sculptureshome.com\/wp-content\/uploads\/2025\/07\/15.png 1024w\" sizes=\"(max-width: 300px) 100vw, 300px\" \/> <img loading=\"lazy\" decoding=\"async\" class=\"alignnone size-medium wp-image-2230\" src=\"https:\/\/sculptureshome.com\/wp-content\/uploads\/2025\/07\/16-300x300.png\" alt=\"\" width=\"300\" height=\"300\" title=\"\" srcset=\"https:\/\/sculptureshome.com\/wp-content\/uploads\/2025\/07\/16-300x300.png 300w, https:\/\/sculptureshome.com\/wp-content\/uploads\/2025\/07\/16-150x150.png 150w, https:\/\/sculptureshome.com\/wp-content\/uploads\/2025\/07\/16-768x768.png 768w, https:\/\/sculptureshome.com\/wp-content\/uploads\/2025\/07\/16-12x12.png 12w, https:\/\/sculptureshome.com\/wp-content\/uploads\/2025\/07\/16-600x600.png 600w, https:\/\/sculptureshome.com\/wp-content\/uploads\/2025\/07\/16-100x100.png 100w, https:\/\/sculptureshome.com\/wp-content\/uploads\/2025\/07\/16.png 1024w\" sizes=\"(max-width: 300px) 100vw, 300px\" \/> <img loading=\"lazy\" decoding=\"async\" class=\"alignnone size-medium wp-image-2231\" src=\"https:\/\/sculptureshome.com\/wp-content\/uploads\/2025\/07\/17-300x300.png\" alt=\"\" width=\"300\" height=\"300\" title=\"\" srcset=\"https:\/\/sculptureshome.com\/wp-content\/uploads\/2025\/07\/17-300x300.png 300w, https:\/\/sculptureshome.com\/wp-content\/uploads\/2025\/07\/17-150x150.png 150w, https:\/\/sculptureshome.com\/wp-content\/uploads\/2025\/07\/17-768x768.png 768w, https:\/\/sculptureshome.com\/wp-content\/uploads\/2025\/07\/17-12x12.png 12w, https:\/\/sculptureshome.com\/wp-content\/uploads\/2025\/07\/17-600x600.png 600w, https:\/\/sculptureshome.com\/wp-content\/uploads\/2025\/07\/17-100x100.png 100w, https:\/\/sculptureshome.com\/wp-content\/uploads\/2025\/07\/17.png 1024w\" sizes=\"(max-width: 300px) 100vw, 300px\" \/> <img loading=\"lazy\" decoding=\"async\" class=\"alignnone size-medium wp-image-2232\" src=\"https:\/\/sculptureshome.com\/wp-content\/uploads\/2025\/07\/18-300x300.png\" alt=\"\" width=\"300\" height=\"300\" title=\"\" srcset=\"https:\/\/sculptureshome.com\/wp-content\/uploads\/2025\/07\/18-300x300.png 300w, https:\/\/sculptureshome.com\/wp-content\/uploads\/2025\/07\/18-150x150.png 150w, https:\/\/sculptureshome.com\/wp-content\/uploads\/2025\/07\/18-768x768.png 768w, https:\/\/sculptureshome.com\/wp-content\/uploads\/2025\/07\/18-12x12.png 12w, https:\/\/sculptureshome.com\/wp-content\/uploads\/2025\/07\/18-600x600.png 600w, https:\/\/sculptureshome.com\/wp-content\/uploads\/2025\/07\/18-100x100.png 100w, https:\/\/sculptureshome.com\/wp-content\/uploads\/2025\/07\/18.png 1024w\" sizes=\"(max-width: 300px) 100vw, 300px\" \/> <img loading=\"lazy\" decoding=\"async\" class=\"alignnone size-medium wp-image-2233\" src=\"https:\/\/sculptureshome.com\/wp-content\/uploads\/2025\/07\/19-282x300.png\" alt=\"\" width=\"282\" height=\"300\" title=\"\" srcset=\"https:\/\/sculptureshome.com\/wp-content\/uploads\/2025\/07\/19-282x300.png 282w, https:\/\/sculptureshome.com\/wp-content\/uploads\/2025\/07\/19-964x1024.png 964w, https:\/\/sculptureshome.com\/wp-content\/uploads\/2025\/07\/19-768x816.png 768w, https:\/\/sculptureshome.com\/wp-content\/uploads\/2025\/07\/19-11x12.png 11w, https:\/\/sculptureshome.com\/wp-content\/uploads\/2025\/07\/19-600x638.png 600w, https:\/\/sculptureshome.com\/wp-content\/uploads\/2025\/07\/19.png 1024w\" sizes=\"(max-width: 282px) 100vw, 282px\" \/> <img loading=\"lazy\" decoding=\"async\" class=\"alignnone size-medium wp-image-2234\" src=\"https:\/\/sculptureshome.com\/wp-content\/uploads\/2025\/07\/20-282x300.png\" alt=\"\" width=\"282\" height=\"300\" title=\"\" srcset=\"https:\/\/sculptureshome.com\/wp-content\/uploads\/2025\/07\/20-282x300.png 282w, https:\/\/sculptureshome.com\/wp-content\/uploads\/2025\/07\/20-964x1024.png 964w, https:\/\/sculptureshome.com\/wp-content\/uploads\/2025\/07\/20-768x816.png 768w, https:\/\/sculptureshome.com\/wp-content\/uploads\/2025\/07\/20-11x12.png 11w, https:\/\/sculptureshome.com\/wp-content\/uploads\/2025\/07\/20-600x638.png 600w, https:\/\/sculptureshome.com\/wp-content\/uploads\/2025\/07\/20.png 1024w\" sizes=\"(max-width: 282px) 100vw, 282px\" \/> <img loading=\"lazy\" decoding=\"async\" class=\"alignnone size-medium wp-image-2235\" src=\"https:\/\/sculptureshome.com\/wp-content\/uploads\/2025\/07\/21-282x300.png\" alt=\"\" width=\"282\" height=\"300\" title=\"\" srcset=\"https:\/\/sculptureshome.com\/wp-content\/uploads\/2025\/07\/21-282x300.png 282w, https:\/\/sculptureshome.com\/wp-content\/uploads\/2025\/07\/21-964x1024.png 964w, https:\/\/sculptureshome.com\/wp-content\/uploads\/2025\/07\/21-768x816.png 768w, https:\/\/sculptureshome.com\/wp-content\/uploads\/2025\/07\/21-11x12.png 11w, https:\/\/sculptureshome.com\/wp-content\/uploads\/2025\/07\/21-600x638.png 600w, https:\/\/sculptureshome.com\/wp-content\/uploads\/2025\/07\/21.png 1024w\" sizes=\"(max-width: 282px) 100vw, 282px\" \/> <img loading=\"lazy\" decoding=\"async\" class=\"alignnone size-medium wp-image-2236\" src=\"https:\/\/sculptureshome.com\/wp-content\/uploads\/2025\/07\/22-282x300.png\" alt=\"\" width=\"282\" height=\"300\" title=\"\" srcset=\"https:\/\/sculptureshome.com\/wp-content\/uploads\/2025\/07\/22-282x300.png 282w, https:\/\/sculptureshome.com\/wp-content\/uploads\/2025\/07\/22-964x1024.png 964w, https:\/\/sculptureshome.com\/wp-content\/uploads\/2025\/07\/22-768x816.png 768w, https:\/\/sculptureshome.com\/wp-content\/uploads\/2025\/07\/22-11x12.png 11w, https:\/\/sculptureshome.com\/wp-content\/uploads\/2025\/07\/22-600x638.png 600w, https:\/\/sculptureshome.com\/wp-content\/uploads\/2025\/07\/22.png 1024w\" sizes=\"(max-width: 282px) 100vw, 282px\" \/> <img loading=\"lazy\" decoding=\"async\" class=\"alignnone size-medium wp-image-2237\" src=\"https:\/\/sculptureshome.com\/wp-content\/uploads\/2025\/07\/23-300x300.png\" alt=\"\" width=\"300\" height=\"300\" title=\"\" srcset=\"https:\/\/sculptureshome.com\/wp-content\/uploads\/2025\/07\/23-300x300.png 300w, https:\/\/sculptureshome.com\/wp-content\/uploads\/2025\/07\/23-150x150.png 150w, https:\/\/sculptureshome.com\/wp-content\/uploads\/2025\/07\/23-768x768.png 768w, https:\/\/sculptureshome.com\/wp-content\/uploads\/2025\/07\/23-12x12.png 12w, https:\/\/sculptureshome.com\/wp-content\/uploads\/2025\/07\/23-600x600.png 600w, https:\/\/sculptureshome.com\/wp-content\/uploads\/2025\/07\/23-100x100.png 100w, https:\/\/sculptureshome.com\/wp-content\/uploads\/2025\/07\/23.png 1024w\" sizes=\"(max-width: 300px) 100vw, 300px\" \/> <img loading=\"lazy\" decoding=\"async\" class=\"alignnone size-medium wp-image-2238\" src=\"https:\/\/sculptureshome.com\/wp-content\/uploads\/2025\/07\/24-300x300.png\" alt=\"\" width=\"300\" height=\"300\" title=\"\" srcset=\"https:\/\/sculptureshome.com\/wp-content\/uploads\/2025\/07\/24-300x300.png 300w, https:\/\/sculptureshome.com\/wp-content\/uploads\/2025\/07\/24-150x150.png 150w, https:\/\/sculptureshome.com\/wp-content\/uploads\/2025\/07\/24-768x768.png 768w, https:\/\/sculptureshome.com\/wp-content\/uploads\/2025\/07\/24-12x12.png 12w, https:\/\/sculptureshome.com\/wp-content\/uploads\/2025\/07\/24-600x600.png 600w, https:\/\/sculptureshome.com\/wp-content\/uploads\/2025\/07\/24-100x100.png 100w, https:\/\/sculptureshome.com\/wp-content\/uploads\/2025\/07\/24.png 1024w\" sizes=\"(max-width: 300px) 100vw, 300px\" \/> <img loading=\"lazy\" decoding=\"async\" class=\"alignnone size-medium wp-image-2239\" src=\"https:\/\/sculptureshome.com\/wp-content\/uploads\/2025\/07\/25-300x300.png\" alt=\"\" width=\"300\" height=\"300\" title=\"\" srcset=\"https:\/\/sculptureshome.com\/wp-content\/uploads\/2025\/07\/25-300x300.png 300w, https:\/\/sculptureshome.com\/wp-content\/uploads\/2025\/07\/25-150x150.png 150w, https:\/\/sculptureshome.com\/wp-content\/uploads\/2025\/07\/25-768x768.png 768w, https:\/\/sculptureshome.com\/wp-content\/uploads\/2025\/07\/25-12x12.png 12w, https:\/\/sculptureshome.com\/wp-content\/uploads\/2025\/07\/25-600x600.png 600w, https:\/\/sculptureshome.com\/wp-content\/uploads\/2025\/07\/25-100x100.png 100w, https:\/\/sculptureshome.com\/wp-content\/uploads\/2025\/07\/25.png 1024w\" sizes=\"(max-width: 300px) 100vw, 300px\" \/> <img loading=\"lazy\" decoding=\"async\" class=\"alignnone size-medium wp-image-2240\" src=\"https:\/\/sculptureshome.com\/wp-content\/uploads\/2025\/07\/26-300x300.png\" alt=\"\" width=\"300\" height=\"300\" title=\"\" srcset=\"https:\/\/sculptureshome.com\/wp-content\/uploads\/2025\/07\/26-300x300.png 300w, https:\/\/sculptureshome.com\/wp-content\/uploads\/2025\/07\/26-150x150.png 150w, https:\/\/sculptureshome.com\/wp-content\/uploads\/2025\/07\/26-768x768.png 768w, https:\/\/sculptureshome.com\/wp-content\/uploads\/2025\/07\/26-12x12.png 12w, https:\/\/sculptureshome.com\/wp-content\/uploads\/2025\/07\/26-600x600.png 600w, https:\/\/sculptureshome.com\/wp-content\/uploads\/2025\/07\/26-100x100.png 100w, https:\/\/sculptureshome.com\/wp-content\/uploads\/2025\/07\/26.png 1024w\" sizes=\"(max-width: 300px) 100vw, 300px\" \/> <img loading=\"lazy\" decoding=\"async\" class=\"alignnone size-medium wp-image-2241\" src=\"https:\/\/sculptureshome.com\/wp-content\/uploads\/2025\/07\/27-300x300.png\" alt=\"\" width=\"300\" height=\"300\" title=\"\" srcset=\"https:\/\/sculptureshome.com\/wp-content\/uploads\/2025\/07\/27-300x300.png 300w, https:\/\/sculptureshome.com\/wp-content\/uploads\/2025\/07\/27-150x150.png 150w, https:\/\/sculptureshome.com\/wp-content\/uploads\/2025\/07\/27-768x768.png 768w, https:\/\/sculptureshome.com\/wp-content\/uploads\/2025\/07\/27-12x12.png 12w, https:\/\/sculptureshome.com\/wp-content\/uploads\/2025\/07\/27-600x600.png 600w, https:\/\/sculptureshome.com\/wp-content\/uploads\/2025\/07\/27-100x100.png 100w, https:\/\/sculptureshome.com\/wp-content\/uploads\/2025\/07\/27.png 1024w\" sizes=\"(max-width: 300px) 100vw, 300px\" \/><\/p>","protected":false},"excerpt":{"rendered":"<p data-start=\"130\" data-end=\"446\"><strong data-start=\"130\" data-end=\"208\">Vielleicht brauchte die ultimative Form eines Katzenhauses nie eine \"Standardantwort\".<\/strong><br data-start=\"208\" data-end=\"211\" \/>Sie kann so sanft sein wie eine Wolke, so wild wie eine H\u00f6hle, so rational wie die Geometrie oder so geheimnisvoll wie der Weltraum.<br data-start=\"320\" data-end=\"323\" \/>Solange es die Faulheit, die Neugier und das Bed\u00fcrfnis der Katze nach Geborgenheit in sich birgt, ist es die r\u00fchrendste Definition von \"Zuhause\".<\/p>\n<p data-start=\"448\" data-end=\"630\">Denn in der Verflechtung von Liebe und Design werden wir verstehen:<br data-start=\"521\" data-end=\"524\" \/>Jeder Zentimeter Raum, der f\u00fcr unsere pelzigen Begleiter geschaffen wird, ist ein Spiegelbild unserer eigenen Sehnsucht nach einem besseren Leben.<\/p>","protected":false},"featured_media":2215,"comment_status":"open","ping_status":"closed","template":"","meta":[],"product_brand":[],"product_cat":[29],"product_tag":[],"class_list":{"0":"post-2213","1":"product","2":"type-product","3":"status-publish","4":"has-post-thumbnail","6":"product_cat-3d-printing-furniture","8":"first","9":"instock","10":"shipping-taxable","11":"product-type-simple"},"_links":{"self":[{"href":"https:\/\/sculptureshome.com\/de\/wp-json\/wp\/v2\/product\/2213","targetHints":{"allow":["GET"]}}],"collection":[{"href":"https:\/\/sculptureshome.com\/de\/wp-json\/wp\/v2\/product"}],"about":[{"href":"https:\/\/sculptureshome.com\/de\/wp-json\/wp\/v2\/types\/product"}],"replies":[{"embeddable":true,"href":"https:\/\/sculptureshome.com\/de\/wp-json\/wp\/v2\/comments?post=2213"}],"version-history":[{"count":0,"href":"https:\/\/sculptureshome.com\/de\/wp-json\/wp\/v2\/product\/2213\/revisions"}],"wp:featuredmedia":[{"embeddable":true,"href":"https:\/\/sculptureshome.com\/de\/wp-json\/wp\/v2\/media\/2215"}],"wp:attachment":[{"href":"https:\/\/sculptureshome.com\/de\/wp-json\/wp\/v2\/media?parent=2213"}],"wp:term":[{"taxonomy":"product_brand","embeddable":true,"href":"https:\/\/sculptureshome.com\/de\/wp-json\/wp\/v2\/product_brand?post=2213"},{"taxonomy":"product_cat","embeddable":true,"href":"https:\/\/sculptureshome.com\/de\/wp-json\/wp\/v2\/product_cat?post=2213"},{"taxonomy":"product_tag","embeddable":true,"href":"https:\/\/sculptureshome.com\/de\/wp-json\/wp\/v2\/product_tag?post=2213"}],"curies":[{"name":"wp","href":"https:\/\/api.w.org\/{rel}","templated":true}]}}