{"id":1941,"date":"2025-05-04T12:14:13","date_gmt":"2025-05-04T12:14:13","guid":{"rendered":"https:\/\/sculptureshome.com\/product\/outdoor-home-garden-customized-life-size-red-resin-animal-fiberglass-king-kong-colorful-gorilla-statues-sculpture-for-sale\/"},"modified":"2025-05-04T12:30:31","modified_gmt":"2025-05-04T12:30:31","slug":"angepasstes-leben-grose-rot-harz-tier-fiberglas-konig-kong","status":"publish","type":"product","link":"https:\/\/sculptureshome.com\/de\/product\/customized-life-size-red-resin-animal-fiberglass-king-kong\/","title":{"rendered":"Customized Leben Gr\u00f6\u00dfe rot Harz Tier Fiberglas King Kong"},"content":{"rendered":"<ul>\n<li><strong>Material : <\/strong> Harz<\/li>\n<li><strong>Merkmal : <\/strong> Leichtgewicht, Geschenk<\/li>\n<li><strong>Technik : <\/strong> gemei\u00dfelt<\/li>\n<li><strong>Form: <\/strong> Tier<\/li>\n<li><strong>Muster : <\/strong> SCULPTURE<\/li>\n<li><strong>Produkttyp : <\/strong> SCULPTURE<\/li>\n<li><strong>Stil : <\/strong> Tier<\/li>\n<li><strong>Anwendung: <\/strong> Kunst &amp; Sammlerst\u00fccke, Heimdekoration<\/li>\n<li><strong>Material : <\/strong> Gorillastatuen aus Fiberglas<\/li>\n<li><strong>Verwendung: <\/strong> Garten\/Laden\/Stra\u00dfendekoration<\/li>\n<li><strong>Gr\u00f6\u00dfe : <\/strong> Ma\u00dfgeschneiderte Gr\u00f6\u00dfe<\/li>\n<li><strong>Farbe : <\/strong> wie auf dem Bild<\/li>\n<li><strong>Oberfl\u00e4che : <\/strong> Gemalte Farbe<\/li>\n<li><strong>Verpacken: <\/strong> Starke Holzkisten<\/li>\n<li><strong>MOQ : <\/strong> 1 St\u00fcck<\/li>\n<li><strong>Technisches : <\/strong> 100% Handgeschnitzt<\/li>\n<li><strong>Art : <\/strong> Home Decor Skulptur<\/li>\n<\/ul>","protected":false},"excerpt":{"rendered":"<p>Material : Resin Feature : Lightweight, gift Technique : sculpted Shape : Animal Pattern : SCULPTURE Product Type : SCULPTURE Style : Animal Application : Art &amp; Collectible, home decoration material : fiberglass gorilla statues Usage : garden\/shop\/street decoration Size : Customized Size Color : as per the picture Surface : Painted Color Packing : [&hellip;]<\/p>\n","protected":false},"featured_media":1951,"comment_status":"open","ping_status":"closed","template":"","meta":[],"product_brand":[],"product_cat":[22,30],"product_tag":[],"class_list":{"0":"post-1941","1":"product","2":"type-product","3":"status-publish","4":"has-post-thumbnail","6":"product_cat-animal-sculpture","7":"product_cat-fiberglass-sculpture","9":"first","10":"outofstock","11":"shipping-taxable","12":"product-type-simple"},"_links":{"self":[{"href":"https:\/\/sculptureshome.com\/de\/wp-json\/wp\/v2\/product\/1941","targetHints":{"allow":["GET"]}}],"collection":[{"href":"https:\/\/sculptureshome.com\/de\/wp-json\/wp\/v2\/product"}],"about":[{"href":"https:\/\/sculptureshome.com\/de\/wp-json\/wp\/v2\/types\/product"}],"replies":[{"embeddable":true,"href":"https:\/\/sculptureshome.com\/de\/wp-json\/wp\/v2\/comments?post=1941"}],"version-history":[{"count":0,"href":"https:\/\/sculptureshome.com\/de\/wp-json\/wp\/v2\/product\/1941\/revisions"}],"wp:featuredmedia":[{"embeddable":true,"href":"https:\/\/sculptureshome.com\/de\/wp-json\/wp\/v2\/media\/1951"}],"wp:attachment":[{"href":"https:\/\/sculptureshome.com\/de\/wp-json\/wp\/v2\/media?parent=1941"}],"wp:term":[{"taxonomy":"product_brand","embeddable":true,"href":"https:\/\/sculptureshome.com\/de\/wp-json\/wp\/v2\/product_brand?post=1941"},{"taxonomy":"product_cat","embeddable":true,"href":"https:\/\/sculptureshome.com\/de\/wp-json\/wp\/v2\/product_cat?post=1941"},{"taxonomy":"product_tag","embeddable":true,"href":"https:\/\/sculptureshome.com\/de\/wp-json\/wp\/v2\/product_tag?post=1941"}],"curies":[{"name":"wp","href":"https:\/\/api.w.org\/{rel}","templated":true}]}}