{"id":1933,"date":"2025-05-04T12:13:23","date_gmt":"2025-05-04T12:13:23","guid":{"rendered":"https:\/\/sculptureshome.com\/product\/frp-artificial-fiberglass-sculpture-artwork-garden-fiberglass-decorations-outdoor-decoration\/"},"modified":"2025-05-04T12:39:22","modified_gmt":"2025-05-04T12:39:22","slug":"frp-skulptur-aus-kunstlichem-glasfasergewebe","status":"publish","type":"product","link":"https:\/\/sculptureshome.com\/de\/product\/frp-artificial-fiberglass-sculpture\/","title":{"rendered":"FRP K\u00fcnstliche Glasfaser-Skulptur"},"content":{"rendered":"<ul>\n<li><strong>Material : <\/strong> Fiberglas<\/li>\n<li><strong>Merkmal : <\/strong> K\u00fcnstlerisch<\/li>\n<li><strong>Technik : <\/strong> Handbemalt<\/li>\n<li><strong>Form: <\/strong> Tier<\/li>\n<li><strong>Muster : <\/strong> SCULPTURE<\/li>\n<li><strong>Produkttyp : <\/strong> SCULPTURE<\/li>\n<li><strong>Stil : <\/strong> Tier<\/li>\n<li><strong>Anwendung: <\/strong> Kunst &amp; Sammlerst\u00fccke<\/li>\n<li><strong>Produktname : <\/strong> Tierskulptur Harzfigur<\/li>\n<li><strong>Gr\u00f6\u00dfe : <\/strong> Ma\u00dfgeschneiderte Gr\u00f6\u00dfe<\/li>\n<li><strong>Farbe : <\/strong> Kundenspezifische Farbe<\/li>\n<li><strong>MOQ : <\/strong> 1St\u00fcck<\/li>\n<li><strong>Entwurf : <\/strong> Abgefragt<\/li>\n<li><strong>Art : <\/strong> Ourdoor Dekor Skulptur<\/li>\n<li><strong>Paket: <\/strong> Bubble Paper + Inner Box+Karton Sicherheit<\/li>\n<li><strong>Dienstleistung : <\/strong> 365 Tage dienen<\/li>\n<li><strong>Produkt : <\/strong> Statuen Au\u00dfendekoration Skulptur<\/li>\n<li><strong>Schl\u00fcsselwort : <\/strong> Einkaufszentrum Adorno<\/li>\n<\/ul>","protected":false},"excerpt":{"rendered":"<p>Material : Fiberglass Feature : Artistic Technique : Hand-painted Shape : Animal Pattern : SCULPTURE Product Type : SCULPTURE Style : Animal Application : Art &amp; Collectible Product name : Animal Sculpture Resin Figurine Size : Customized Size Color : Customized Color MOQ : 1pcs Design : Custmized Type : Ourdoor Decor Sculpture Package : [&hellip;]<\/p>\n","protected":false},"featured_media":1969,"comment_status":"open","ping_status":"closed","template":"","meta":[],"product_brand":[],"product_cat":[22,30],"product_tag":[],"class_list":{"0":"post-1933","1":"product","2":"type-product","3":"status-publish","4":"has-post-thumbnail","6":"product_cat-animal-sculpture","7":"product_cat-fiberglass-sculpture","9":"first","10":"instock","11":"shipping-taxable","12":"product-type-simple"},"_links":{"self":[{"href":"https:\/\/sculptureshome.com\/de\/wp-json\/wp\/v2\/product\/1933","targetHints":{"allow":["GET"]}}],"collection":[{"href":"https:\/\/sculptureshome.com\/de\/wp-json\/wp\/v2\/product"}],"about":[{"href":"https:\/\/sculptureshome.com\/de\/wp-json\/wp\/v2\/types\/product"}],"replies":[{"embeddable":true,"href":"https:\/\/sculptureshome.com\/de\/wp-json\/wp\/v2\/comments?post=1933"}],"version-history":[{"count":0,"href":"https:\/\/sculptureshome.com\/de\/wp-json\/wp\/v2\/product\/1933\/revisions"}],"wp:featuredmedia":[{"embeddable":true,"href":"https:\/\/sculptureshome.com\/de\/wp-json\/wp\/v2\/media\/1969"}],"wp:attachment":[{"href":"https:\/\/sculptureshome.com\/de\/wp-json\/wp\/v2\/media?parent=1933"}],"wp:term":[{"taxonomy":"product_brand","embeddable":true,"href":"https:\/\/sculptureshome.com\/de\/wp-json\/wp\/v2\/product_brand?post=1933"},{"taxonomy":"product_cat","embeddable":true,"href":"https:\/\/sculptureshome.com\/de\/wp-json\/wp\/v2\/product_cat?post=1933"},{"taxonomy":"product_tag","embeddable":true,"href":"https:\/\/sculptureshome.com\/de\/wp-json\/wp\/v2\/product_tag?post=1933"}],"curies":[{"name":"wp","href":"https:\/\/api.w.org\/{rel}","templated":true}]}}