{"id":1885,"date":"2025-05-04T11:24:51","date_gmt":"2025-05-04T11:24:51","guid":{"rendered":"https:\/\/sculptureshome.com\/product\/30cm-life-size-kaw-statue-good-quality-pvc-resin-cartoon-kaws-ornament\/"},"modified":"2025-05-04T11:59:12","modified_gmt":"2025-05-04T11:59:12","slug":"30cm-leben-grose-kaw-statue-gute-qualitat-pvc-harz-cartoon-kaws-ornament","status":"publish","type":"product","link":"https:\/\/sculptureshome.com\/de\/product\/30cm-life-size-kaw-statue-good-quality-pvc-resin-cartoon-kaws-ornament\/","title":{"rendered":"30CM Leben-Gr\u00f6\u00dfe Kaw Statue Gute Qualit\u00e4t PVC Harz Cartoon KAWS Ornament"},"content":{"rendered":"<ul>\n<li><strong>Zeichen : <\/strong> B\u00e4renziegel<\/li>\n<li><strong>By Animation Quelle : <\/strong> Andere<\/li>\n<li><strong>Warenattribut : <\/strong> Zubeh\u00f6r<\/li>\n<li><strong>Abschlussgrad : <\/strong> Fertige Waren<\/li>\n<li><strong>Originalverpackung: <\/strong> Ja<\/li>\n<li><strong>Thema : <\/strong> Andere<\/li>\n<li><strong>Zustand : <\/strong> Vorr\u00e4tige Artikel<\/li>\n<li><strong>Geschlecht : <\/strong> Unisex<\/li>\n<li><strong>Altersbereich : <\/strong> 2 bis 4 Jahre, 5 bis 7 Jahre, 8 bis 13 Jahre, 14 Jahre und \u00e4lter<\/li>\n<li><strong>Stil : <\/strong> MODELL SPIELZEUG<\/li>\n<li><strong>Material : <\/strong> Kunstharz, PVC, PVC<\/li>\n<li><strong>Funktion : <\/strong> Dekorative Ornamente, Kunstharzfiguren-Spielzeug<\/li>\n<li><strong>Merkmale: <\/strong> Anime-Zubeh\u00f6r<\/li>\n<li><strong>Produktname : <\/strong> Cartoon-Spielzeug<\/li>\n<li><strong>MOQ : <\/strong> 1St\u00fcck<\/li>\n<li><strong>Paket: <\/strong> Farbkasten<\/li>\n<li><strong>OEM&amp;ODM : <\/strong> OEM ODM verf\u00fcgbar<\/li>\n<li><strong>Lieferzeiten: <\/strong> 3-7 Tage<\/li>\n<li><strong>Entwurf : <\/strong> Anime-Designs<\/li>\n<li><strong>Zahlungsfrist : <\/strong> Paypal.Western Union.MoneyGram.T.T<\/li>\n<li><strong>Versandart: <\/strong> DHL UPS FEDEX SEE<\/li>\n<\/ul>","protected":false},"excerpt":{"rendered":"<p>characters : Bearbrick By Animation Source : Other Commodity Attribute : Accessories Completion Degree : Finished Goods Original Package : Yes Theme : Other Condition : In-Stock Items Gender : Unisex Age Range : 2 to 4 Years, 5 to 7 years, 8 to 13 Years, 14 Years &amp; up Style : MODEL TOY Material [&hellip;]<\/p>\n","protected":false},"featured_media":1884,"comment_status":"open","ping_status":"closed","template":"","meta":[],"product_brand":[],"product_cat":[28],"product_tag":[],"class_list":{"0":"post-1885","1":"product","2":"type-product","3":"status-publish","4":"has-post-thumbnail","6":"product_cat-resin-sculpture","8":"first","9":"instock","10":"shipping-taxable","11":"product-type-simple"},"_links":{"self":[{"href":"https:\/\/sculptureshome.com\/de\/wp-json\/wp\/v2\/product\/1885","targetHints":{"allow":["GET"]}}],"collection":[{"href":"https:\/\/sculptureshome.com\/de\/wp-json\/wp\/v2\/product"}],"about":[{"href":"https:\/\/sculptureshome.com\/de\/wp-json\/wp\/v2\/types\/product"}],"replies":[{"embeddable":true,"href":"https:\/\/sculptureshome.com\/de\/wp-json\/wp\/v2\/comments?post=1885"}],"version-history":[{"count":0,"href":"https:\/\/sculptureshome.com\/de\/wp-json\/wp\/v2\/product\/1885\/revisions"}],"wp:featuredmedia":[{"embeddable":true,"href":"https:\/\/sculptureshome.com\/de\/wp-json\/wp\/v2\/media\/1884"}],"wp:attachment":[{"href":"https:\/\/sculptureshome.com\/de\/wp-json\/wp\/v2\/media?parent=1885"}],"wp:term":[{"taxonomy":"product_brand","embeddable":true,"href":"https:\/\/sculptureshome.com\/de\/wp-json\/wp\/v2\/product_brand?post=1885"},{"taxonomy":"product_cat","embeddable":true,"href":"https:\/\/sculptureshome.com\/de\/wp-json\/wp\/v2\/product_cat?post=1885"},{"taxonomy":"product_tag","embeddable":true,"href":"https:\/\/sculptureshome.com\/de\/wp-json\/wp\/v2\/product_tag?post=1885"}],"curies":[{"name":"wp","href":"https:\/\/api.w.org\/{rel}","templated":true}]}}