{"id":1793,"date":"2025-05-03T06:12:48","date_gmt":"2025-05-03T06:12:48","guid":{"rendered":"https:\/\/sculptureshome.com\/product\/european-outdoor-decor-custom-size-abstract-dandelion-metal-stainless-steel-sculpture\/"},"modified":"2025-05-03T06:34:11","modified_gmt":"2025-05-03T06:34:11","slug":"benutzerdefinierte-grose-abstrakte-lowenzahn-metall-skulptur-aus-rostfreiem-stahl","status":"publish","type":"product","link":"https:\/\/sculptureshome.com\/de\/product\/custom-size-abstract-dandelion-metal-stainless-steel-sculpture\/","title":{"rendered":"Europ\u00e4ische Outdoor-Dekor benutzerdefinierte Gr\u00f6\u00dfe abstrakte L\u00f6wenzahn Metall Edelstahl-Skulptur"},"content":{"rendered":"<ul>\n<li><strong>Material : <\/strong> Metall<\/li>\n<li><strong>Drucken: <\/strong> Buchdruck<\/li>\n<li><strong>Produkttyp : <\/strong> SCULPTURE<\/li>\n<li><strong>Technik : <\/strong> Gie\u00dfen<\/li>\n<li><strong>Stil : <\/strong> Tier, Antike Nachahmung<\/li>\n<li><strong>Produktname : <\/strong> l\u00f6wenzahn metall edelstahl skulptur<\/li>\n<li><strong>Produktmaterial : <\/strong> Rostfreier Stahl<\/li>\n<li><strong>Gr\u00f6\u00dfe : <\/strong> H100-300cm, andere Gr\u00f6\u00dfen k\u00f6nnen angepasst werden<\/li>\n<li><strong>Technisches : <\/strong> Hochglanzpolieren<\/li>\n<li><strong>Verwendung: <\/strong> Heimdekoration<\/li>\n<li><strong>Verpacken: <\/strong> Starke Holzkisten<\/li>\n<li><strong>Farbe : <\/strong> Rot, Rosa, Blau, Gold, Silber<\/li>\n<li><strong>Dienstleistung 1 : <\/strong> Ma\u00dfgeschneiderter Service<\/li>\n<li><strong>Dienst 2 : <\/strong> Versicherung des Handels<\/li>\n<li><strong>Dienst 3 : <\/strong> Lieferung von T\u00fcr zu T\u00fcr<\/li>\n<li><strong>Druckverfahren: <\/strong> 1 Farbe<\/li>\n<li><strong>Art : <\/strong> Stahl<\/li>\n<li><strong>Verwendung: <\/strong> Heimdekoration<\/li>\n<li><strong>Regionales Merkmal : <\/strong> Europa<\/li>\n<\/ul>","protected":false},"excerpt":{"rendered":"<p>Material : metal Printing : Letterpress printing Product Type : SCULPTURE Technique : Casting Style : Animal, Antique Imitation Product Name : dandelion metal stainless steel sculpture Product Material : Stainless Steel Size : H100-300cm, other size can be customized Technical : Mirror Polishing Usage : Home Decoration Packing : Strong Wooden Crates Color : [&hellip;]<\/p>\n","protected":false},"featured_media":1794,"comment_status":"open","ping_status":"closed","template":"","meta":[],"product_brand":[],"product_cat":[49,20],"product_tag":[],"class_list":{"0":"post-1793","1":"product","2":"type-product","3":"status-publish","4":"has-post-thumbnail","6":"product_cat-custom-stainless-steel-sculpture-factory","7":"product_cat-art-sculpture","9":"first","10":"outofstock","11":"shipping-taxable","12":"product-type-variable"},"_links":{"self":[{"href":"https:\/\/sculptureshome.com\/de\/wp-json\/wp\/v2\/product\/1793","targetHints":{"allow":["GET"]}}],"collection":[{"href":"https:\/\/sculptureshome.com\/de\/wp-json\/wp\/v2\/product"}],"about":[{"href":"https:\/\/sculptureshome.com\/de\/wp-json\/wp\/v2\/types\/product"}],"replies":[{"embeddable":true,"href":"https:\/\/sculptureshome.com\/de\/wp-json\/wp\/v2\/comments?post=1793"}],"version-history":[{"count":0,"href":"https:\/\/sculptureshome.com\/de\/wp-json\/wp\/v2\/product\/1793\/revisions"}],"wp:featuredmedia":[{"embeddable":true,"href":"https:\/\/sculptureshome.com\/de\/wp-json\/wp\/v2\/media\/1794"}],"wp:attachment":[{"href":"https:\/\/sculptureshome.com\/de\/wp-json\/wp\/v2\/media?parent=1793"}],"wp:term":[{"taxonomy":"product_brand","embeddable":true,"href":"https:\/\/sculptureshome.com\/de\/wp-json\/wp\/v2\/product_brand?post=1793"},{"taxonomy":"product_cat","embeddable":true,"href":"https:\/\/sculptureshome.com\/de\/wp-json\/wp\/v2\/product_cat?post=1793"},{"taxonomy":"product_tag","embeddable":true,"href":"https:\/\/sculptureshome.com\/de\/wp-json\/wp\/v2\/product_tag?post=1793"}],"curies":[{"name":"wp","href":"https:\/\/api.w.org\/{rel}","templated":true}]}}