{"id":1791,"date":"2025-05-03T06:12:25","date_gmt":"2025-05-03T06:12:25","guid":{"rendered":"https:\/\/sculptureshome.com\/product\/customized-sphere-handcraft-stainless-steel-large-metal-abstract-art-garden-sculpture-statue\/"},"modified":"2025-05-03T06:51:48","modified_gmt":"2025-05-03T06:51:48","slug":"handarbeit-edelstahl-grose-metall-abstrakte-kunst-garten-skulptur-statue","status":"publish","type":"product","link":"https:\/\/sculptureshome.com\/de\/product\/handcraft-stainless-steel-large-metal-abstract-art-garden-sculpture-statue\/","title":{"rendered":"Kundenspezifische Sph\u00e4re Handarbeit Edelstahl abstrakte Kunst Garten-Skulptur"},"content":{"rendered":"<ul>\n<li><strong>Typ : <\/strong> Sonstige Landschaftsgestaltung &amp; Terrassenbau<\/li>\n<li><strong>Material : <\/strong> rostfreier Stahl<\/li>\n<li><strong>Material : <\/strong> Cortenstahl<\/li>\n<li><strong>Verwendung: <\/strong> Outdoor Garten<\/li>\n<li><strong>Farbe : <\/strong> Schwarz<\/li>\n<li><strong>Gr\u00f6\u00dfe : <\/strong> Ma\u00dfgeschneiderte Gr\u00f6\u00dfe<\/li>\n<li><strong>Art : <\/strong> Feuerstellen-Kugel<\/li>\n<li><strong>Funktion : <\/strong> Gartendekoration Geschenk<\/li>\n<li><strong>Paket: <\/strong> Holzkiste<\/li>\n<li><strong>Struktur : <\/strong> kundenspezifisch auf Basis der Zeichnung<\/li>\n<li><strong>Logo : <\/strong> verf\u00fcgbar<\/li>\n<li><strong>Dicke : <\/strong> 3mm-5mm<\/li>\n<\/ul>","protected":false},"excerpt":{"rendered":"<p>Typ : Andere Landschaftsbau &amp; Decking Material : Edelstahl Material : Corten Stahl Verwendung : Outdoor Garten Farbe : Schwarz Gr\u00f6\u00dfe : Customized Size Typ : Feuerstelle Kugel Funktion : Garten Dekoration Geschenk Paket : Holzkiste Struktur : kundenspezifische auf der Grundlage der Zeichnung Logo : verf\u00fcgbar Dicke : 3mm-5mm<\/p>","protected":false},"featured_media":1800,"comment_status":"open","ping_status":"closed","template":"","meta":[],"product_brand":[],"product_cat":[49,25],"product_tag":[],"class_list":{"0":"post-1791","1":"product","2":"type-product","3":"status-publish","4":"has-post-thumbnail","6":"product_cat-custom-stainless-steel-sculpture-factory","7":"product_cat-decorative-sculpture","9":"first","10":"instock","11":"shipping-taxable","12":"product-type-simple"},"_links":{"self":[{"href":"https:\/\/sculptureshome.com\/de\/wp-json\/wp\/v2\/product\/1791","targetHints":{"allow":["GET"]}}],"collection":[{"href":"https:\/\/sculptureshome.com\/de\/wp-json\/wp\/v2\/product"}],"about":[{"href":"https:\/\/sculptureshome.com\/de\/wp-json\/wp\/v2\/types\/product"}],"replies":[{"embeddable":true,"href":"https:\/\/sculptureshome.com\/de\/wp-json\/wp\/v2\/comments?post=1791"}],"version-history":[{"count":0,"href":"https:\/\/sculptureshome.com\/de\/wp-json\/wp\/v2\/product\/1791\/revisions"}],"wp:featuredmedia":[{"embeddable":true,"href":"https:\/\/sculptureshome.com\/de\/wp-json\/wp\/v2\/media\/1800"}],"wp:attachment":[{"href":"https:\/\/sculptureshome.com\/de\/wp-json\/wp\/v2\/media?parent=1791"}],"wp:term":[{"taxonomy":"product_brand","embeddable":true,"href":"https:\/\/sculptureshome.com\/de\/wp-json\/wp\/v2\/product_brand?post=1791"},{"taxonomy":"product_cat","embeddable":true,"href":"https:\/\/sculptureshome.com\/de\/wp-json\/wp\/v2\/product_cat?post=1791"},{"taxonomy":"product_tag","embeddable":true,"href":"https:\/\/sculptureshome.com\/de\/wp-json\/wp\/v2\/product_tag?post=1791"}],"curies":[{"name":"wp","href":"https:\/\/api.w.org\/{rel}","templated":true}]}}