{"id":1789,"date":"2025-05-03T06:10:32","date_gmt":"2025-05-03T06:10:32","guid":{"rendered":"https:\/\/sculptureshome.com\/product\/custom-large-stainless-steel-sculpture-modern-city-landscape-logo-decoration-garden-stainless-steel-sculpture\/"},"modified":"2025-05-03T07:06:05","modified_gmt":"2025-05-03T07:06:05","slug":"grose-skulptur-aus-rostfreiem-stahl-moderne-stadtlandschaft","status":"publish","type":"product","link":"https:\/\/sculptureshome.com\/de\/product\/custom-large-stainless-steel-sculpture-modern-city-landscape\/","title":{"rendered":"Benutzerdefinierte gro\u00dfe Edelstahl-Skulptur Moderne Stadt Landschaft Logo Dekoration Skulptur"},"content":{"rendered":"<ul>\n<li><strong>Material : <\/strong> Metall, Edelstahl 304\/316<\/li>\n<li><strong>Drucken: <\/strong> Digitaler Druck<\/li>\n<li><strong>Produkttyp : <\/strong> Modell<\/li>\n<li><strong>Technik : <\/strong> Hart-Emaille<\/li>\n<li><strong>Stil : <\/strong> Kunst Skulptur, Modern<\/li>\n<li><strong>Modellnummer : <\/strong> ROSTFREIER STAHL<\/li>\n<li><strong>Farbe : <\/strong> Benutzerdefinierte Farbe<\/li>\n<li><strong>Form: <\/strong> Ma\u00dfgeschneiderte Gr\u00f6\u00dfe<\/li>\n<li><strong>Logo : <\/strong> Kundenlogo<\/li>\n<li><strong>MOQ : <\/strong> 1 St\u00fcck<\/li>\n<li><strong>Entwurf : <\/strong> Entw\u00fcrfe des Kunden<\/li>\n<li><strong>Technik : <\/strong> 100% Handgeschnitzt<\/li>\n<li><strong>Farbe : <\/strong> Bed\u00fcrfnis der Kunden<\/li>\n<li><strong>Verwendung: <\/strong> Modernes Metall Gro\u00dfes Dekor f\u00fcr drau\u00dfen<\/li>\n<li><strong>Benutzerdefiniert : <\/strong> Logo anpassbar<\/li>\n<li><strong>Druckverfahren: <\/strong> 1 Farbe<\/li>\n<li><strong>Art : <\/strong> Rostfreier Stahl<\/li>\n<li><strong>Verwendung: <\/strong> Kunst &amp; Sammlerst\u00fccke<\/li>\n<\/ul>","protected":false},"excerpt":{"rendered":"<p>Material : metal, Stainless Steel 304\/316 Printing : Digital printing Product Type : model Technique : Hard Enamel Style : Art sculpture, Modern Model Number : STAINLESS STEEL Color : Custom Color Shape : Custom Made Size Logo : Customer Logo MOQ : 1 Piece Design : Customer&#8217;s Designs Technics : 100% Hand Carved Colour [&hellip;]<\/p>\n","protected":false},"featured_media":1809,"comment_status":"open","ping_status":"closed","template":"","meta":[],"product_brand":[],"product_cat":[26,20,49],"product_tag":[],"class_list":{"0":"post-1789","1":"product","2":"type-product","3":"status-publish","4":"has-post-thumbnail","6":"product_cat-landscape-sculpture","7":"product_cat-art-sculpture","8":"product_cat-custom-stainless-steel-sculpture-factory","10":"first","11":"outofstock","12":"shipping-taxable","13":"product-type-simple"},"_links":{"self":[{"href":"https:\/\/sculptureshome.com\/de\/wp-json\/wp\/v2\/product\/1789","targetHints":{"allow":["GET"]}}],"collection":[{"href":"https:\/\/sculptureshome.com\/de\/wp-json\/wp\/v2\/product"}],"about":[{"href":"https:\/\/sculptureshome.com\/de\/wp-json\/wp\/v2\/types\/product"}],"replies":[{"embeddable":true,"href":"https:\/\/sculptureshome.com\/de\/wp-json\/wp\/v2\/comments?post=1789"}],"version-history":[{"count":0,"href":"https:\/\/sculptureshome.com\/de\/wp-json\/wp\/v2\/product\/1789\/revisions"}],"wp:featuredmedia":[{"embeddable":true,"href":"https:\/\/sculptureshome.com\/de\/wp-json\/wp\/v2\/media\/1809"}],"wp:attachment":[{"href":"https:\/\/sculptureshome.com\/de\/wp-json\/wp\/v2\/media?parent=1789"}],"wp:term":[{"taxonomy":"product_brand","embeddable":true,"href":"https:\/\/sculptureshome.com\/de\/wp-json\/wp\/v2\/product_brand?post=1789"},{"taxonomy":"product_cat","embeddable":true,"href":"https:\/\/sculptureshome.com\/de\/wp-json\/wp\/v2\/product_cat?post=1789"},{"taxonomy":"product_tag","embeddable":true,"href":"https:\/\/sculptureshome.com\/de\/wp-json\/wp\/v2\/product_tag?post=1789"}],"curies":[{"name":"wp","href":"https:\/\/api.w.org\/{rel}","templated":true}]}}