{"id":1774,"date":"2025-05-03T06:08:34","date_gmt":"2025-05-03T06:08:34","guid":{"rendered":"https:\/\/sculptureshome.com\/product\/custom-modern-metal-animal-statue-large-outdoor-garden-park-decor-polished-mirror-stainless-steel-dragon-sculpture\/"},"modified":"2025-05-03T07:29:30","modified_gmt":"2025-05-03T07:29:30","slug":"benutzerdefinierte-moderne-metall-tier-statue-grose-outdoor-garten-park-dekor-polierten-spiegel-edelstahl-drachen-skulptur","status":"publish","type":"product","link":"https:\/\/sculptureshome.com\/de\/product\/custom-modern-metal-animal-statue-large-outdoor-garden-park-decor-polished-mirror-stainless-steel-dragon-sculpture\/","title":{"rendered":"Custom Modern Metal Animal Statue Large OutdoorPolished Mirror Stainless Steel Dragon Sculpture"},"content":{"rendered":"<ul>\n<li><strong>Material : <\/strong> Metall, Edelstahl 304\/316<\/li>\n<li><strong>Drucken: <\/strong> Digitaler Druck<\/li>\n<li><strong>Technik : <\/strong> Poliert<\/li>\n<li><strong>Stil : <\/strong> Tierisch, Modern<\/li>\n<li><strong>Farbe : <\/strong> Benutzerdefinierte Farbe<\/li>\n<li><strong>Gr\u00f6\u00dfe : <\/strong> Ma\u00dfgeschneiderte Gr\u00f6\u00dfe<\/li>\n<li><strong>MOQ : <\/strong> 1 PC<\/li>\n<li><strong>Entwurf : <\/strong> Entw\u00fcrfe des Kunden<\/li>\n<li><strong>Verpacken: <\/strong> Holzkiste mit weichem Schaumstoff innen<\/li>\n<li><strong>Verwendung: <\/strong> Dekoration<\/li>\n<li><strong>Technik : <\/strong> Handgefertigtes Schwei\u00dfen<\/li>\n<li><strong>Merkmal : <\/strong> Umweltfreundlich<\/li>\n<li><strong>Vorteil : <\/strong> 30-j\u00e4hrige Erfahrung<\/li>\n<li><strong>Druckverfahren: <\/strong> 1 Farbe, 2 Farben, 4 Farben, 5 Farben, 6 Farben<\/li>\n<li><strong>Art : <\/strong> Stahl<\/li>\n<li><strong>Regionales Merkmal : <\/strong> Europa<\/li>\n<li><strong>Verwendung: <\/strong> Dekoration<\/li>\n<\/ul>","protected":false},"excerpt":{"rendered":"<p>Material : metal, Stainless Steel 304\/316 Printing : Digital printing Technique : Polished Style : Animal, Modern Color : Custom Color Size : Custom Made Size MOQ : 1 PC Design : Customer&#8217;s Designs Packing : Wooden crate with soft foam inside Usage : Decoration Technics : Handmade Welding Feature : Eco-friendly Advantage : 30-year [&hellip;]<\/p>\n","protected":false},"featured_media":1838,"comment_status":"open","ping_status":"closed","template":"","meta":[],"product_brand":[],"product_cat":[49,25,26,21],"product_tag":[],"class_list":{"0":"post-1774","1":"product","2":"type-product","3":"status-publish","4":"has-post-thumbnail","6":"product_cat-custom-stainless-steel-sculpture-factory","7":"product_cat-decorative-sculpture","8":"product_cat-landscape-sculpture","9":"product_cat-modern-sculpture","11":"first","12":"instock","13":"shipping-taxable","14":"product-type-simple"},"_links":{"self":[{"href":"https:\/\/sculptureshome.com\/de\/wp-json\/wp\/v2\/product\/1774","targetHints":{"allow":["GET"]}}],"collection":[{"href":"https:\/\/sculptureshome.com\/de\/wp-json\/wp\/v2\/product"}],"about":[{"href":"https:\/\/sculptureshome.com\/de\/wp-json\/wp\/v2\/types\/product"}],"replies":[{"embeddable":true,"href":"https:\/\/sculptureshome.com\/de\/wp-json\/wp\/v2\/comments?post=1774"}],"version-history":[{"count":0,"href":"https:\/\/sculptureshome.com\/de\/wp-json\/wp\/v2\/product\/1774\/revisions"}],"wp:featuredmedia":[{"embeddable":true,"href":"https:\/\/sculptureshome.com\/de\/wp-json\/wp\/v2\/media\/1838"}],"wp:attachment":[{"href":"https:\/\/sculptureshome.com\/de\/wp-json\/wp\/v2\/media?parent=1774"}],"wp:term":[{"taxonomy":"product_brand","embeddable":true,"href":"https:\/\/sculptureshome.com\/de\/wp-json\/wp\/v2\/product_brand?post=1774"},{"taxonomy":"product_cat","embeddable":true,"href":"https:\/\/sculptureshome.com\/de\/wp-json\/wp\/v2\/product_cat?post=1774"},{"taxonomy":"product_tag","embeddable":true,"href":"https:\/\/sculptureshome.com\/de\/wp-json\/wp\/v2\/product_tag?post=1774"}],"curies":[{"name":"wp","href":"https:\/\/api.w.org\/{rel}","templated":true}]}}