{"id":1751,"date":"2025-05-03T05:54:23","date_gmt":"2025-05-03T05:54:23","guid":{"rendered":"https:\/\/sculptureshome.com\/product\/custom-backlit-signs-stainless-steel-business-shop-3d-letter-signage-led-sign-board-logo-outdoor-store-front-led-channel-sign\/"},"modified":"2025-05-03T07:44:03","modified_gmt":"2025-05-03T07:44:03","slug":"benutzerdefinierte-beleuchtete-schilder-edelstahl-business-shop-3d-buchstaben-beschilderung","status":"publish","type":"product","link":"https:\/\/sculptureshome.com\/de\/product\/custom-backlit-signs-stainless-steel-business-shop-3d-letter-signage\/","title":{"rendered":"Custom Backlit Signs Edelstahl Business Shop 3D Letter Signage Led Sign Board Logo"},"content":{"rendered":"<ul>\n<li><strong>Typ : <\/strong> led-Leuchtschilder<\/li>\n<li><strong>Modellnummer : <\/strong> Elektronisches Metallschild<\/li>\n<li><strong>Lichtquelle : <\/strong> LED-Streifen, LED-Module, LED-Gl\u00fchbirnen, LED-Neon, LED-Schlauch, Lampe, Neonlicht<\/li>\n<li><strong>Stromquelle : <\/strong> Stecker, Adapter, DC, AC, Transformator<\/li>\n<li><strong>Eingangsspannung : <\/strong> 110<\/li>\n<li><strong>Arbeitstemperatur : <\/strong> 20<\/li>\n<li><strong>Betriebsdauer : <\/strong> 50000<\/li>\n<li><strong>Garantie : <\/strong> 2 Jahre<\/li>\n<li><strong>Einbauart : <\/strong> Wandbefestigung<\/li>\n<li><strong>Verwendung: <\/strong> Au\u00dfen, Dekoration, Werbung, Richtung, Innen, Warnen &amp; Erinnern, Beleuchtung<\/li>\n<li><strong>Einsatzorte : <\/strong> Geb\u00e4ude, Gesch\u00e4fte, Hochzeit, Schulen, Bar, Bushaltestellen, Krankenh\u00e4user, Einkaufszentrum, Unternehmen, Park, Haus, B\u00fcro, Hotels, Event &amp; Party<\/li>\n<li><strong>Anzeigefunktion : <\/strong> hintergrundbeleuchtet, kundenspezifisch<\/li>\n<li><strong>Form: <\/strong> 3D, Individuell, Rechteck, RUND, NUMMER, in Form geschnitten, 26 Buchstaben, in Buchstaben geschnitten, Symbol, in Quadrat geschnitten, Individuell geformt<\/li>\n<li><strong>Produktname : <\/strong> Channel Backlit Letters<\/li>\n<li><strong>Material : <\/strong> Rostfreier Stahl<\/li>\n<li><strong>Einbau : <\/strong> Schraube Bolzen Fixierung<\/li>\n<li><strong>Entwurf : <\/strong> Benutzerdefinierte Designs<\/li>\n<li><strong>Gr\u00f6\u00dfe : <\/strong> Ma\u00dfgeschneiderte Gr\u00f6\u00dfe<\/li>\n<li><strong>Zertifikat : <\/strong> CE RoHs<\/li>\n<li><strong>Helle Farbe : <\/strong> Farbe kundenspezifisch<\/li>\n<li><strong>Verpacken: <\/strong> Kundenspezifisches Paket<\/li>\n<\/ul>","protected":false},"excerpt":{"rendered":"<p>type : led Illuminated signs model number : Metal electronic sign light source : LED Strips, LED Modules, LED Bulbs, LED Neon, LED Tube, Lamp, Neon Light power source : Plug, Adaptor, DC, AC, Transformer input voltage : 110 working temperature : 20 working lifetime : 50000 Warranty : 2 Years Installation Way : Wall-mounted [&hellip;]<\/p>\n","protected":false},"featured_media":1750,"comment_status":"open","ping_status":"closed","template":"","meta":[],"product_brand":[],"product_cat":[25,49],"product_tag":[],"class_list":{"0":"post-1751","1":"product","2":"type-product","3":"status-publish","4":"has-post-thumbnail","6":"product_cat-decorative-sculpture","7":"product_cat-custom-stainless-steel-sculpture-factory","9":"first","10":"instock","11":"shipping-taxable","12":"product-type-simple"},"_links":{"self":[{"href":"https:\/\/sculptureshome.com\/de\/wp-json\/wp\/v2\/product\/1751","targetHints":{"allow":["GET"]}}],"collection":[{"href":"https:\/\/sculptureshome.com\/de\/wp-json\/wp\/v2\/product"}],"about":[{"href":"https:\/\/sculptureshome.com\/de\/wp-json\/wp\/v2\/types\/product"}],"replies":[{"embeddable":true,"href":"https:\/\/sculptureshome.com\/de\/wp-json\/wp\/v2\/comments?post=1751"}],"version-history":[{"count":0,"href":"https:\/\/sculptureshome.com\/de\/wp-json\/wp\/v2\/product\/1751\/revisions"}],"wp:featuredmedia":[{"embeddable":true,"href":"https:\/\/sculptureshome.com\/de\/wp-json\/wp\/v2\/media\/1750"}],"wp:attachment":[{"href":"https:\/\/sculptureshome.com\/de\/wp-json\/wp\/v2\/media?parent=1751"}],"wp:term":[{"taxonomy":"product_brand","embeddable":true,"href":"https:\/\/sculptureshome.com\/de\/wp-json\/wp\/v2\/product_brand?post=1751"},{"taxonomy":"product_cat","embeddable":true,"href":"https:\/\/sculptureshome.com\/de\/wp-json\/wp\/v2\/product_cat?post=1751"},{"taxonomy":"product_tag","embeddable":true,"href":"https:\/\/sculptureshome.com\/de\/wp-json\/wp\/v2\/product_tag?post=1751"}],"curies":[{"name":"wp","href":"https:\/\/api.w.org\/{rel}","templated":true}]}}