{"id":1723,"date":"2025-05-03T05:46:52","date_gmt":"2025-05-03T05:46:52","guid":{"rendered":"https:\/\/sculptureshome.com\/product\/custom-outdoor-large-metal-abstract-hollow-art-led-stainless-steel-statue-sculpture-for-sale\/"},"modified":"2025-05-03T07:52:45","modified_gmt":"2025-05-03T07:52:45","slug":"benutzerdefinierte-im-freien-grose-metall-abstrakte-hohle-kunst-fuhrte-edelstahl-statue","status":"publish","type":"product","link":"https:\/\/sculptureshome.com\/de\/product\/custom-outdoor-large-metal-abstract-hollow-art-led-stainless-steel-statue\/","title":{"rendered":"Benutzerdefinierte Outdoor gro\u00dfe Metall abstrakte hohle Kunst LED Edelstahl Statue"},"content":{"rendered":"<ul>\n<li><strong>Material : <\/strong> Rostfreier Stahl, Rostfreier Stahl<\/li>\n<li><strong>Form: <\/strong> Kundenspezifisch<\/li>\n<li><strong>\u00dcberzug : <\/strong> andere<\/li>\n<li><strong>Drucken: <\/strong> Andere<\/li>\n<li><strong>Produkttyp : <\/strong> SCULPTURE<\/li>\n<li><strong>Technik : <\/strong> Gie\u00dfen<\/li>\n<li><strong>Stil : <\/strong> Sonstiges, Amerikanisch<\/li>\n<li><strong>Anwendung: <\/strong> Feiertagsdekoration &amp; Geschenk, PRAYER, Souvenir, Werbung, Kunst &amp; Sammlerst\u00fccke, Hochzeitsdekoration &amp; Geschenk, Gesch\u00e4ftsgeschenk, Heimdekoration, Sonstiges<\/li>\n<li><strong>Herkunftsort : <\/strong> Hebei<\/li>\n<li><strong>Markenname : <\/strong> BF<\/li>\n<li><strong>Modellnummer : <\/strong> BF25021201<\/li>\n<li><strong>Gr\u00f6\u00dfe : <\/strong> Ma\u00dfgeschneiderte Gr\u00f6\u00dfe<\/li>\n<li><strong>Farbe : <\/strong> Kundenspezifische Farbe<\/li>\n<li><strong>Verwendung: <\/strong> Dekoration im Freien<\/li>\n<li><strong>Verpacken: <\/strong> Holzregale und Schaumstoff<\/li>\n<li><strong>MOQ : <\/strong> 1 St\u00fcck<\/li>\n<li><strong>Qualit\u00e4t: <\/strong> Hochrangige<\/li>\n<li><strong>Dienstleistung : <\/strong> 24-Stunden-Antwort<\/li>\n<li><strong>Logo : <\/strong> Individuelles Logo<\/li>\n<\/ul>","protected":false},"excerpt":{"rendered":"<p>Material : Stainless Steel, Stainless Steel Shape : Customized Plating : other Printing : Other Product Type : SCULPTURE Technique : Casting Style : Other, American Application : Holiday Decoration &amp; Gift, PRAYER, Souvenir, Advertising, Art &amp; Collectible, Wedding Decoration &amp; Gift, Business Gift, home decoration, Other Place of Origin : Hebei Brand Name : [&hellip;]<\/p>\n","protected":false},"featured_media":1722,"comment_status":"open","ping_status":"closed","template":"","meta":[],"product_brand":[],"product_cat":[25],"product_tag":[],"class_list":{"0":"post-1723","1":"product","2":"type-product","3":"status-publish","4":"has-post-thumbnail","6":"product_cat-decorative-sculpture","8":"first","9":"instock","10":"shipping-taxable","11":"product-type-simple"},"_links":{"self":[{"href":"https:\/\/sculptureshome.com\/de\/wp-json\/wp\/v2\/product\/1723","targetHints":{"allow":["GET"]}}],"collection":[{"href":"https:\/\/sculptureshome.com\/de\/wp-json\/wp\/v2\/product"}],"about":[{"href":"https:\/\/sculptureshome.com\/de\/wp-json\/wp\/v2\/types\/product"}],"replies":[{"embeddable":true,"href":"https:\/\/sculptureshome.com\/de\/wp-json\/wp\/v2\/comments?post=1723"}],"version-history":[{"count":0,"href":"https:\/\/sculptureshome.com\/de\/wp-json\/wp\/v2\/product\/1723\/revisions"}],"wp:featuredmedia":[{"embeddable":true,"href":"https:\/\/sculptureshome.com\/de\/wp-json\/wp\/v2\/media\/1722"}],"wp:attachment":[{"href":"https:\/\/sculptureshome.com\/de\/wp-json\/wp\/v2\/media?parent=1723"}],"wp:term":[{"taxonomy":"product_brand","embeddable":true,"href":"https:\/\/sculptureshome.com\/de\/wp-json\/wp\/v2\/product_brand?post=1723"},{"taxonomy":"product_cat","embeddable":true,"href":"https:\/\/sculptureshome.com\/de\/wp-json\/wp\/v2\/product_cat?post=1723"},{"taxonomy":"product_tag","embeddable":true,"href":"https:\/\/sculptureshome.com\/de\/wp-json\/wp\/v2\/product_tag?post=1723"}],"curies":[{"name":"wp","href":"https:\/\/api.w.org\/{rel}","templated":true}]}}