{"id":167,"date":"2024-01-15T08:40:05","date_gmt":"2024-01-15T08:40:05","guid":{"rendered":"https:\/\/sculptureshome.com\/?post_type=product&#038;p=167"},"modified":"2024-02-10T06:27:53","modified_gmt":"2024-02-10T06:27:53","slug":"individuelles-outdoor-stil-gold-bronze-flugel-skulptur","status":"publish","type":"product","link":"https:\/\/sculptureshome.com\/de\/product\/customized-outdoor-style-gold-bronze-wings-sculpture\/","title":{"rendered":"Kundenspezifische Outdoor-Stil Gold-Bronze-Fl\u00fcgel-Skulptur"},"content":{"rendered":"<div class=\"attribute-list\">\n<div class=\"attribute-item\">\n<div class=\"left\">Art: Bronze<\/div>\n<\/div>\n<div class=\"attribute-item\">\n<div class=\"right\"><\/div>\n<\/div>\n<\/div>\n<h4>Andere Attribute<\/h4>\n<div class=\"attribute-list\">\n<div class=\"attribute-item\">\n<div class=\"left\">Herkunftsort: Guangdong, China<\/div>\n<\/div>\n<div class=\"attribute-item\">\n<div class=\"left\">Material: Metall<\/div>\n<div>Druck: Sonstiges<\/div>\n<div class=\"right\">Druckmethode: andere<\/div>\n<div>Die Technik: Gie\u00dfen<\/div>\n<\/div>\n<div class=\"attribute-item\">\n<div class=\"left\">Stil: Nat\u00fcrlich<\/div>\n<div class=\"right\">Verwendung: Heimdekoration<\/div>\n<div>Thema: Kunst<\/div>\n<\/div>\n<div class=\"attribute-item\">\n<div class=\"left\">Regionales Merkmal: Europa<\/div>\n<\/div>\n<div class=\"attribute-item\">\n<div class=\"left\">Material: Bronze<\/div>\n<div class=\"right\">Gr\u00f6\u00dfe: H 120cm oder kundenspezifisch<\/div>\n<div>Verpacken: Holzkiste mit weichem Schaumstoff innen<\/div>\n<div>Entwurf: Durch unser Team (Kundenentwurf ist willkommen)<\/div>\n<\/div>\n<div class=\"attribute-item\"><\/div>\n<div class=\"attribute-item\">\n<div class=\"right\" data-spm-anchor-id=\"a2700.details.0.i88.4f5b2b1eujXQ0g\"><\/div>\n<\/div>\n<\/div>","protected":false},"excerpt":{"rendered":"<p>Art: Bronze Andere Attribute Herkunftsort: Guangdong, China Material: Metall Druck: andere Druckmethode: andere Technik: Gie\u00dfen Stil: Natural Verwendung: Home Decoration Thema: Kunst Regionales Merkmal: Europa Material: Bronze Gr\u00f6\u00dfe: H 120cm oder kundenspezifisch Verpackung: Holzkiste mit weichem Schaumstoff innen Design: Durch unser Team (Kundenentwurf ist willkommen)<\/p>","protected":false},"featured_media":168,"comment_status":"open","ping_status":"closed","template":"","meta":[],"product_brand":[],"product_cat":[20,26],"product_tag":[],"class_list":{"0":"post-167","1":"product","2":"type-product","3":"status-publish","4":"has-post-thumbnail","6":"product_cat-art-sculpture","7":"product_cat-landscape-sculpture","9":"first","10":"instock","11":"shipping-taxable","12":"product-type-simple"},"_links":{"self":[{"href":"https:\/\/sculptureshome.com\/de\/wp-json\/wp\/v2\/product\/167","targetHints":{"allow":["GET"]}}],"collection":[{"href":"https:\/\/sculptureshome.com\/de\/wp-json\/wp\/v2\/product"}],"about":[{"href":"https:\/\/sculptureshome.com\/de\/wp-json\/wp\/v2\/types\/product"}],"replies":[{"embeddable":true,"href":"https:\/\/sculptureshome.com\/de\/wp-json\/wp\/v2\/comments?post=167"}],"version-history":[{"count":0,"href":"https:\/\/sculptureshome.com\/de\/wp-json\/wp\/v2\/product\/167\/revisions"}],"wp:featuredmedia":[{"embeddable":true,"href":"https:\/\/sculptureshome.com\/de\/wp-json\/wp\/v2\/media\/168"}],"wp:attachment":[{"href":"https:\/\/sculptureshome.com\/de\/wp-json\/wp\/v2\/media?parent=167"}],"wp:term":[{"taxonomy":"product_brand","embeddable":true,"href":"https:\/\/sculptureshome.com\/de\/wp-json\/wp\/v2\/product_brand?post=167"},{"taxonomy":"product_cat","embeddable":true,"href":"https:\/\/sculptureshome.com\/de\/wp-json\/wp\/v2\/product_cat?post=167"},{"taxonomy":"product_tag","embeddable":true,"href":"https:\/\/sculptureshome.com\/de\/wp-json\/wp\/v2\/product_tag?post=167"}],"curies":[{"name":"wp","href":"https:\/\/api.w.org\/{rel}","templated":true}]}}