{"id":157,"date":"2024-01-15T07:23:00","date_gmt":"2024-01-15T07:23:00","guid":{"rendered":"https:\/\/sculptureshome.com\/?post_type=product&#038;p=157"},"modified":"2024-02-10T06:28:33","modified_gmt":"2024-02-10T06:28:33","slug":"bunte-abstrakte-kunst-handwerk-skulptur","status":"publish","type":"product","link":"https:\/\/sculptureshome.com\/de\/product\/colorful-abstract-art-craft-sculpture\/","title":{"rendered":"Bunte abstrakte Kunsthandwerk Skulptur"},"content":{"rendered":"<h4>Branchenspezifische Attribute<\/h4>\n<div class=\"attribute-list\">\n<div class=\"attribute-item\">\n<div class=\"left\">Produkttyp: SCULPTURE<\/div>\n<div class=\"right\">Thema: Engel<\/div>\n<\/div>\n<\/div>\n<h4>Andere Attribute<\/h4>\n<div class=\"attribute-list\">\n<div class=\"attribute-item\">\n<div class=\"left\">Ort der Herkunft<\/div>\n<div class=\"right\">Guangdong, China<\/div>\n<\/div>\n<div class=\"attribute-item\">\n<div class=\"right\"><\/div>\n<\/div>\n<div class=\"attribute-item\">\n<div class=\"left\">Name: Abstrakte Kunst Handwerk Venus Harz Figur Statue griechische G\u00f6ttin Skulptur<\/div>\n<div class=\"left\">Material: Harz&amp;Eisen<\/div>\n<\/div>\n<\/div>\n<div class=\"attribute-list\">\n<div class=\"attribute-item\">\n<div class=\"left\">Farbe: Grau \/Leak Blau \/Blau<\/div>\n<\/div>\n<div class=\"attribute-item\">\n<div class=\"left\">Gr\u00f6\u00dfe: L250*B170*H490mm<\/div>\n<\/div>\n<div class=\"attribute-item\">\n<div class=\"left\">Verwendung: Dekoration Kunst &amp; Sammlerst\u00fcck<\/div>\n<div class=\"right\">Stil: Modern<br \/>\n&nbsp;<\/p>\n<\/div>\n<\/div>\n<div class=\"attribute-item\">\n<div class=\"left\"><\/div>\n<div class=\"right\"><\/div>\n<\/div>\n<div class=\"attribute-item\">\n<div class=\"right\" data-spm-anchor-id=\"a2700.details.0.i83.32662bc1G40fVh\"><\/div>\n<\/div>\n<\/div>","protected":false},"excerpt":{"rendered":"<p>Branchenspezifische Eigenschaften Produkttyp: SCULPTURE Thema: Engel Andere Attribute Herkunftsort: Guangdong, China Name: Abstrakte Kunst Handwerk Venus Harz Figur Statue Griechische G\u00f6ttin Skulptur Material: Resin&amp;Eisen Farbe: Grau \/Leak Blau \/Blau Gr\u00f6\u00dfe: L250*W170*H490mm Verwendung: Dekoration Kunst &amp; Sammlerst\u00fcck Stil: Modern &nbsp;<\/p>","protected":false},"featured_media":158,"comment_status":"open","ping_status":"closed","template":"","meta":[],"product_brand":[],"product_cat":[20,25],"product_tag":[],"class_list":{"0":"post-157","1":"product","2":"type-product","3":"status-publish","4":"has-post-thumbnail","6":"product_cat-art-sculpture","7":"product_cat-decorative-sculpture","9":"first","10":"instock","11":"shipping-taxable","12":"product-type-simple"},"_links":{"self":[{"href":"https:\/\/sculptureshome.com\/de\/wp-json\/wp\/v2\/product\/157","targetHints":{"allow":["GET"]}}],"collection":[{"href":"https:\/\/sculptureshome.com\/de\/wp-json\/wp\/v2\/product"}],"about":[{"href":"https:\/\/sculptureshome.com\/de\/wp-json\/wp\/v2\/types\/product"}],"replies":[{"embeddable":true,"href":"https:\/\/sculptureshome.com\/de\/wp-json\/wp\/v2\/comments?post=157"}],"version-history":[{"count":0,"href":"https:\/\/sculptureshome.com\/de\/wp-json\/wp\/v2\/product\/157\/revisions"}],"wp:featuredmedia":[{"embeddable":true,"href":"https:\/\/sculptureshome.com\/de\/wp-json\/wp\/v2\/media\/158"}],"wp:attachment":[{"href":"https:\/\/sculptureshome.com\/de\/wp-json\/wp\/v2\/media?parent=157"}],"wp:term":[{"taxonomy":"product_brand","embeddable":true,"href":"https:\/\/sculptureshome.com\/de\/wp-json\/wp\/v2\/product_brand?post=157"},{"taxonomy":"product_cat","embeddable":true,"href":"https:\/\/sculptureshome.com\/de\/wp-json\/wp\/v2\/product_cat?post=157"},{"taxonomy":"product_tag","embeddable":true,"href":"https:\/\/sculptureshome.com\/de\/wp-json\/wp\/v2\/product_tag?post=157"}],"curies":[{"name":"wp","href":"https:\/\/api.w.org\/{rel}","templated":true}]}}