{"id":1404,"date":"2024-05-10T01:10:58","date_gmt":"2024-05-10T01:10:58","guid":{"rendered":"https:\/\/sculptureshome.com\/product\/outdoor-stone-head-marble-busts-statue-life-size-head-sculpture\/"},"modified":"2024-05-10T01:46:11","modified_gmt":"2024-05-10T01:46:11","slug":"outdoor-stein-kopf-marmor-busten-statue-lebensgrose-kopf-skulptur","status":"publish","type":"product","link":"https:\/\/sculptureshome.com\/de\/product\/outdoor-stone-head-marble-busts-statue-life-size-head-sculpture\/","title":{"rendered":"Outdoor Stein Kopf Marmorb\u00fcsten Statue Leben Gr\u00f6\u00dfe Kopf Skulptur"},"content":{"rendered":"<ul>\n<li><strong>Garantie : <\/strong> 3 Jahre<\/li>\n<li><strong>Nachverkaufs-Service : <\/strong> Installation vor Ort<\/li>\n<li><strong>Projektl\u00f6sungskompetenz : <\/strong> Grafikdesign<\/li>\n<li><strong>Anwendung: <\/strong> Drau\u00dfen<\/li>\n<li><strong>Design-Stil : <\/strong> EUROP\u00c4ISCH<\/li>\n<li><strong>Markenname : sculptureshome<\/strong><\/li>\n<li><strong>Stil : <\/strong> Western<\/li>\n<li><strong>Art : <\/strong> Marmor Vier Jahreszeiten<\/li>\n<li><strong>Farbe : <\/strong> Reines Wei\u00df oder kundenspezifisch<\/li>\n<li><strong>Material : <\/strong> 100% Naturmarmor<\/li>\n<li><strong>Gr\u00f6\u00dfe : <\/strong> Kundenspezifisch<\/li>\n<li><strong>MOQ : <\/strong> 1St\u00fcck<\/li>\n<li><strong>Technik : <\/strong> Handgeschnitzt und poliert<\/li>\n<li><strong>Besonderes : <\/strong> Sehr detailliert geschnitzt<\/li>\n<li><strong>Entwurf : <\/strong> Durch unser Team (Kundenentwurf ist willkommen)<\/li>\n<li><strong>Verpacken: <\/strong> Holzkiste mit Speicherform innen<\/li>\n<li><strong>Versicherung: <\/strong> Alle Risiken abdecken<\/li>\n<\/ul>","protected":false},"excerpt":{"rendered":"<p>Warranty : 3 years After-sale Service : Onsite Installation Project Solution Capability : graphic design Application : Outdoor Design Style : EUROPEAN Brand Name : sculptureshome Style : Western Type : Marble Four Season Colour : Pure white or Customized Material : 100% natural marble Size : Customized MOQ : 1pc Technics : Hand carved [&hellip;]<\/p>\n","protected":false},"featured_media":1403,"comment_status":"open","ping_status":"closed","template":"","meta":[],"product_brand":[],"product_cat":[43],"product_tag":[46,44,45],"class_list":{"0":"post-1404","1":"product","2":"type-product","3":"status-publish","4":"has-post-thumbnail","6":"product_cat-custom-stone-sculpture-maker","7":"product_tag-statues","8":"product_tag-stone","9":"product_tag-stone-carvings-and-sculptures","11":"first","12":"instock","13":"shipping-taxable","14":"product-type-simple"},"_links":{"self":[{"href":"https:\/\/sculptureshome.com\/de\/wp-json\/wp\/v2\/product\/1404","targetHints":{"allow":["GET"]}}],"collection":[{"href":"https:\/\/sculptureshome.com\/de\/wp-json\/wp\/v2\/product"}],"about":[{"href":"https:\/\/sculptureshome.com\/de\/wp-json\/wp\/v2\/types\/product"}],"replies":[{"embeddable":true,"href":"https:\/\/sculptureshome.com\/de\/wp-json\/wp\/v2\/comments?post=1404"}],"version-history":[{"count":0,"href":"https:\/\/sculptureshome.com\/de\/wp-json\/wp\/v2\/product\/1404\/revisions"}],"wp:featuredmedia":[{"embeddable":true,"href":"https:\/\/sculptureshome.com\/de\/wp-json\/wp\/v2\/media\/1403"}],"wp:attachment":[{"href":"https:\/\/sculptureshome.com\/de\/wp-json\/wp\/v2\/media?parent=1404"}],"wp:term":[{"taxonomy":"product_brand","embeddable":true,"href":"https:\/\/sculptureshome.com\/de\/wp-json\/wp\/v2\/product_brand?post=1404"},{"taxonomy":"product_cat","embeddable":true,"href":"https:\/\/sculptureshome.com\/de\/wp-json\/wp\/v2\/product_cat?post=1404"},{"taxonomy":"product_tag","embeddable":true,"href":"https:\/\/sculptureshome.com\/de\/wp-json\/wp\/v2\/product_tag?post=1404"}],"curies":[{"name":"wp","href":"https:\/\/api.w.org\/{rel}","templated":true}]}}