{"id":1395,"date":"2024-05-10T01:06:50","date_gmt":"2024-05-10T01:06:50","guid":{"rendered":"https:\/\/sculptureshome.com\/product\/modern-interior-living-room-wall-decoration-stone-relief-angel-statues-hand-carved-marble-angel-wall-sculpture\/"},"modified":"2024-05-10T01:36:31","modified_gmt":"2024-05-10T01:36:31","slug":"modernes-interieur-wohnzimmer-wanddekoration-stein-relief-engel-statuen-hand-geschnitzt-marmor-engel-wandskulptur","status":"publish","type":"product","link":"https:\/\/sculptureshome.com\/de\/product\/modern-interior-living-room-wall-decoration-stone-relief-angel-statues-hand-carved-marble-angel-wall-sculpture\/","title":{"rendered":"Modernes Interieur Wohnzimmer Wanddekoration Steinrelief"},"content":{"rendered":"<ul>\n<li><strong>Garantie : <\/strong> Mehr als 5 Jahre<\/li>\n<li><strong>Nachverkaufs-Service : <\/strong> Online technische Unterst\u00fctzung, kostenlose Ersatzteile<\/li>\n<li><strong>Projektl\u00f6sungskompetenz : <\/strong> Grafikdesign, 3D-Modelldesign, Gesamtl\u00f6sung f\u00fcr Projekte<\/li>\n<li><strong>Anwendung: <\/strong> Hotel, Haus Restaurant Hotel Bar Villa<\/li>\n<li><strong>Design-Stil : <\/strong> Modern<\/li>\n<li><strong>Markenname : Sculptureshome<\/strong><\/li>\n<li><strong>Modellnummer : <\/strong> CN20-81204<\/li>\n<li><strong>Produktname : <\/strong> Marmor-Wandrelief-Skulptur<\/li>\n<li><strong>Material : <\/strong> Granit\/Marmor\/Stein<\/li>\n<li><strong>Farbe : <\/strong> wei\u00df\/beige\/schwarz<\/li>\n<li><strong>Verwendung: <\/strong> Drau\u00dfen\/Familie\/Garten\/Park...<\/li>\n<li><strong>Gr\u00f6\u00dfe : <\/strong> Ma\u00dfgeschneiderte Gr\u00f6\u00dfe<\/li>\n<li><strong>Stil : <\/strong> Europ\u00e4isch<\/li>\n<li><strong>Verpacken: <\/strong> Starke Holzkiste<\/li>\n<li><strong>Technik: <\/strong> handgeschnitzt<\/li>\n<li><strong>MOQ : <\/strong> 1 St\u00fcck<\/li>\n<\/ul>","protected":false},"excerpt":{"rendered":"<p>Warranty : More than 5 years After-sale Service : Online technical support, Free spare parts Project Solution Capability : graphic design, 3D model design, total solution for projects Application : Hotel, Home Resturant Hotel Bar Villa Design Style : Modern Brand Name : Sculptureshome Model Number : CN20-81204 Product Name : marble wall relief sculpture [&hellip;]<\/p>\n","protected":false},"featured_media":1394,"comment_status":"open","ping_status":"closed","template":"","meta":[],"product_brand":[],"product_cat":[43],"product_tag":[44,45,47],"class_list":{"0":"post-1395","1":"product","2":"type-product","3":"status-publish","4":"has-post-thumbnail","6":"product_cat-custom-stone-sculpture-maker","7":"product_tag-stone","8":"product_tag-stone-carvings-and-sculptures","9":"product_tag-stone-reliefs","11":"first","12":"instock","13":"shipping-taxable","14":"product-type-simple"},"_links":{"self":[{"href":"https:\/\/sculptureshome.com\/de\/wp-json\/wp\/v2\/product\/1395","targetHints":{"allow":["GET"]}}],"collection":[{"href":"https:\/\/sculptureshome.com\/de\/wp-json\/wp\/v2\/product"}],"about":[{"href":"https:\/\/sculptureshome.com\/de\/wp-json\/wp\/v2\/types\/product"}],"replies":[{"embeddable":true,"href":"https:\/\/sculptureshome.com\/de\/wp-json\/wp\/v2\/comments?post=1395"}],"version-history":[{"count":0,"href":"https:\/\/sculptureshome.com\/de\/wp-json\/wp\/v2\/product\/1395\/revisions"}],"wp:featuredmedia":[{"embeddable":true,"href":"https:\/\/sculptureshome.com\/de\/wp-json\/wp\/v2\/media\/1394"}],"wp:attachment":[{"href":"https:\/\/sculptureshome.com\/de\/wp-json\/wp\/v2\/media?parent=1395"}],"wp:term":[{"taxonomy":"product_brand","embeddable":true,"href":"https:\/\/sculptureshome.com\/de\/wp-json\/wp\/v2\/product_brand?post=1395"},{"taxonomy":"product_cat","embeddable":true,"href":"https:\/\/sculptureshome.com\/de\/wp-json\/wp\/v2\/product_cat?post=1395"},{"taxonomy":"product_tag","embeddable":true,"href":"https:\/\/sculptureshome.com\/de\/wp-json\/wp\/v2\/product_tag?post=1395"}],"curies":[{"name":"wp","href":"https:\/\/api.w.org\/{rel}","templated":true}]}}