{"id":1389,"date":"2024-05-10T01:06:16","date_gmt":"2024-05-10T01:06:16","guid":{"rendered":"https:\/\/sculptureshome.com\/product\/european-western-indoor-outdoor-hotel-gardens-life-size-sexy-women-statues-stone-marble-naked-woman-statue\/"},"modified":"2024-05-10T01:38:49","modified_gmt":"2024-05-10T01:38:49","slug":"europaische-westliche-indoor-outdoor-hotel-garten-lebensgrose-sexy-frauen-statuen-stein-marmor-nackte-frau-statue","status":"publish","type":"product","link":"https:\/\/sculptureshome.com\/de\/product\/european-western-indoor-outdoor-hotel-gardens-life-size-sexy-women-statues-stone-marble-naked-woman-statue\/","title":{"rendered":"Europ\u00e4ische WesternHotel G\u00e4rten Leben Gr\u00f6\u00dfe Sexy Frauen Statuen Stein"},"content":{"rendered":"<ul>\n<li><strong>Garantie : <\/strong> 1 Jahr<\/li>\n<li><strong>Nachverkaufs-Service : <\/strong> Technische Online-Unterst\u00fctzung, Vor-Ort-Installation, Vor-Ort-Schulung, Vor-Ort-Inspektion<\/li>\n<li><strong>Projektl\u00f6sungskompetenz : <\/strong> 3D-Modellentwurf<\/li>\n<li><strong>Anwendung: <\/strong> Outdoor Garten<\/li>\n<li><strong>Design-Stil : <\/strong> Modern<\/li>\n<li><strong>Herkunftsort : <\/strong> China<\/li>\n<li><strong>Markenname : Sculptureshome<\/strong><\/li>\n<li><strong>Material : <\/strong> Nat\u00fcrlicher Marmor<\/li>\n<li><strong>Verwendung: <\/strong> Garten-Direktion<\/li>\n<li><strong>Gr\u00f6\u00dfe : <\/strong> Ma\u00dfgeschneiderte Gr\u00f6\u00dfe<\/li>\n<li><strong>Farbe : <\/strong> Kundenspezifische Farbe<\/li>\n<li><strong>Technisches : <\/strong> 100% Handgeschnitzt<\/li>\n<li><strong>Art : <\/strong> Ourdoor Dekor Skulptur<\/li>\n<li><strong>Produktname : <\/strong> Marmorfigur Statue<\/li>\n<li><strong>Stil : <\/strong> Nat\u00fcrlich modern<\/li>\n<\/ul>","protected":false},"excerpt":{"rendered":"<p>Warranty : 1 Year After-sale Service : Online technical support, Onsite Installation, Onsite Training, Onsite Inspection Project Solution Capability : 3D model design Application : Outdoor Garden Design Style : Modern Place of Origin : China Brand Name : Sculptureshome Material : Natural Marble Usage : Garden Dctoration Size : Customized Size Color : Customized [&hellip;]<\/p>\n","protected":false},"featured_media":1388,"comment_status":"open","ping_status":"closed","template":"","meta":[],"product_brand":[],"product_cat":[43],"product_tag":[46,44,45],"class_list":{"0":"post-1389","1":"product","2":"type-product","3":"status-publish","4":"has-post-thumbnail","6":"product_cat-custom-stone-sculpture-maker","7":"product_tag-statues","8":"product_tag-stone","9":"product_tag-stone-carvings-and-sculptures","11":"first","12":"instock","13":"shipping-taxable","14":"product-type-simple"},"_links":{"self":[{"href":"https:\/\/sculptureshome.com\/de\/wp-json\/wp\/v2\/product\/1389","targetHints":{"allow":["GET"]}}],"collection":[{"href":"https:\/\/sculptureshome.com\/de\/wp-json\/wp\/v2\/product"}],"about":[{"href":"https:\/\/sculptureshome.com\/de\/wp-json\/wp\/v2\/types\/product"}],"replies":[{"embeddable":true,"href":"https:\/\/sculptureshome.com\/de\/wp-json\/wp\/v2\/comments?post=1389"}],"version-history":[{"count":0,"href":"https:\/\/sculptureshome.com\/de\/wp-json\/wp\/v2\/product\/1389\/revisions"}],"wp:featuredmedia":[{"embeddable":true,"href":"https:\/\/sculptureshome.com\/de\/wp-json\/wp\/v2\/media\/1388"}],"wp:attachment":[{"href":"https:\/\/sculptureshome.com\/de\/wp-json\/wp\/v2\/media?parent=1389"}],"wp:term":[{"taxonomy":"product_brand","embeddable":true,"href":"https:\/\/sculptureshome.com\/de\/wp-json\/wp\/v2\/product_brand?post=1389"},{"taxonomy":"product_cat","embeddable":true,"href":"https:\/\/sculptureshome.com\/de\/wp-json\/wp\/v2\/product_cat?post=1389"},{"taxonomy":"product_tag","embeddable":true,"href":"https:\/\/sculptureshome.com\/de\/wp-json\/wp\/v2\/product_tag?post=1389"}],"curies":[{"name":"wp","href":"https:\/\/api.w.org\/{rel}","templated":true}]}}